{"id":8987,"date":"2023-01-17T15:56:56","date_gmt":"2023-01-17T13:56:56","guid":{"rendered":"https:\/\/empak.ee\/toode\/marta-sofa-bed\/"},"modified":"2023-01-17T15:56:56","modified_gmt":"2023-01-17T13:56:56","slug":"marta-sofa-bed","status":"publish","type":"product","link":"https:\/\/empak.ee\/en\/product\/marta-sofa-bed\/","title":{"rendered":"Marta &#8211; Sofa bed"},"content":{"rendered":"<p><img loading=\"lazy\" decoding=\"async\" class=\"alignnone wp-image-1973 size-medium\" src=\"https:\/\/empak.ee\/wp-content\/uploads\/2023\/01\/Marta-Voru-Empak-AS_page-0001-e1678976411342-600x176.jpg\" alt=\"\" width=\"600\" height=\"176\" srcset=\"https:\/\/empak.ee\/wp-content\/uploads\/2023\/01\/Marta-Voru-Empak-AS_page-0001-e1678976411342-600x176.jpg 600w, https:\/\/empak.ee\/wp-content\/uploads\/2023\/01\/Marta-Voru-Empak-AS_page-0001-e1678976411342-300x88.jpg 300w, https:\/\/empak.ee\/wp-content\/uploads\/2023\/01\/Marta-Voru-Empak-AS_page-0001-e1678976411342-1024x300.jpg 1024w, https:\/\/empak.ee\/wp-content\/uploads\/2023\/01\/Marta-Voru-Empak-AS_page-0001-e1678976411342-768x225.jpg 768w, https:\/\/empak.ee\/wp-content\/uploads\/2023\/01\/Marta-Voru-Empak-AS_page-0001-e1678976411342.jpg 1089w\" sizes=\"auto, (max-width: 600px) 100vw, 600px\" \/><\/p>\n<table>\n<tbody>\n<tr>\n<td>Material<\/td>\n<td>fabric<\/td>\n<\/tr>\n<tr>\n<td>Seats<\/td>\n<td>3<\/td>\n<\/tr>\n<tr>\n<td>Width (cm)<\/td>\n<td>224.0<\/td>\n<\/tr>\n<tr>\n<td>Height (cm)<\/td>\n<td>88.0<\/td>\n<\/tr>\n<tr>\n<td>Depth (cm)<\/td>\n<td>93.0<\/td>\n<\/tr>\n<tr>\n<td>Sleep function<\/td>\n<td>Yes<\/td>\n<\/tr>\n<tr>\n<td>Additional feature of the furniture<\/td>\n<td>zippered back cushion covers<\/td>\n<\/tr>\n<\/tbody>\n<\/table>\n","protected":false},"excerpt":{"rendered":"<div class=\"product-short-description\">\n<ul>\n<li>The product casing is made from indigenous pine wood, in addition to cassava and wood fibre board<\/li>\n<li>The seat part of the product and the inner sides of the armrests are covered with fabric<\/li>\n<li>The outer sides of the armrests, the front panel and the back wall are covered with fabric<\/li>\n<li>Zig-zag springs is used in the seat<\/li>\n<li>The seat and backrest are made of foam rubber, covered with cotton battling<\/li>\n<li>The back of the product is finished, can be placed in the middle of the room<\/li>\n<li>The size of the sleeping part is 190 x 140 cm<\/li>\n<li>The height of the legs is 2.5 cm<\/li>\n<li>Made in Estonia<\/li>\n<li><strong>The product warranty is 2 years<\/strong><\/li>\n<\/ul>\n<\/div>\n","protected":false},"featured_media":4158,"template":"","meta":{"_acf_changed":false},"product_brand":[],"product_cat":[57,58,93,72],"product_tag":[],"class_list":{"0":"post-8987","1":"product","2":"type-product","3":"status-publish","4":"has-post-thumbnail","6":"product_cat-kangaga-seljapadi-en","7":"product_cat-kangaga-toode-en","8":"product_cat-sofa-beds","9":"product_cat-sofas","11":"first","12":"instock","13":"taxable","14":"shipping-taxable","15":"purchasable","16":"product-type-simple"},"acf":[],"yoast_head":"<!-- This site is optimized with the Yoast SEO plugin v27.4 - https:\/\/yoast.com\/product\/yoast-seo-wordpress\/ -->\n<title>Marta - Sofa bed - V\u00f5ru Empak<\/title>\n<meta name=\"robots\" content=\"index, follow, max-snippet:-1, max-image-preview:large, max-video-preview:-1\" \/>\n<link rel=\"canonical\" href=\"https:\/\/empak.ee\/en\/product\/marta-sofa-bed\/\" \/>\n<meta property=\"og:locale\" content=\"en_US\" \/>\n<meta property=\"og:type\" content=\"article\" \/>\n<meta property=\"og:title\" content=\"Marta - Sofa bed - V\u00f5ru Empak\" \/>\n<meta property=\"og:description\" content=\"The product casing is made from indigenous pine wood, in addition to cassava and wood fibre board  The seat part of the product and the inner sides of the armrests are covered with fabric  The outer sides of the armrests, the front panel and the back wall are covered with fabric  Zig-zag springs is used in the seat  The seat and backrest are made of foam rubber, covered with cotton battling  The back of the product is finished, can be placed in the middle of the room  The size of the sleeping part is 190 x 140 cm  The height of the legs is 2.5 cm  Made in Estonia  The product warranty is 2 years\" \/>\n<meta property=\"og:url\" content=\"https:\/\/empak.ee\/en\/product\/marta-sofa-bed\/\" \/>\n<meta property=\"og:site_name\" content=\"V\u00f5ru Empak\" \/>\n<meta property=\"article:publisher\" content=\"https:\/\/www.facebook.com\/voruempak\" \/>\n<meta property=\"og:image\" content=\"https:\/\/empak.ee\/wp-content\/uploads\/2023\/01\/0022_empak290415.jpg\" \/>\n\t<meta property=\"og:image:width\" content=\"1920\" \/>\n\t<meta property=\"og:image:height\" content=\"1141\" \/>\n\t<meta property=\"og:image:type\" content=\"image\/jpeg\" \/>\n<meta name=\"twitter:card\" content=\"summary_large_image\" \/>\n<script type=\"application\/ld+json\" class=\"yoast-schema-graph\">{\"@context\":\"https:\\\/\\\/schema.org\",\"@graph\":[{\"@type\":\"WebPage\",\"@id\":\"https:\\\/\\\/empak.ee\\\/en\\\/product\\\/marta-sofa-bed\\\/\",\"url\":\"https:\\\/\\\/empak.ee\\\/en\\\/product\\\/marta-sofa-bed\\\/\",\"name\":\"Marta - Sofa bed - V\u00f5ru Empak\",\"isPartOf\":{\"@id\":\"https:\\\/\\\/empak.ee\\\/en\\\/#website\"},\"primaryImageOfPage\":{\"@id\":\"https:\\\/\\\/empak.ee\\\/en\\\/product\\\/marta-sofa-bed\\\/#primaryimage\"},\"image\":{\"@id\":\"https:\\\/\\\/empak.ee\\\/en\\\/product\\\/marta-sofa-bed\\\/#primaryimage\"},\"thumbnailUrl\":\"https:\\\/\\\/empak.ee\\\/wp-content\\\/uploads\\\/2023\\\/01\\\/0022_empak290415.jpg\",\"datePublished\":\"2023-01-17T13:56:56+00:00\",\"breadcrumb\":{\"@id\":\"https:\\\/\\\/empak.ee\\\/en\\\/product\\\/marta-sofa-bed\\\/#breadcrumb\"},\"inLanguage\":\"en-US\",\"potentialAction\":[{\"@type\":\"ReadAction\",\"target\":[\"https:\\\/\\\/empak.ee\\\/en\\\/product\\\/marta-sofa-bed\\\/\"]}]},{\"@type\":\"ImageObject\",\"inLanguage\":\"en-US\",\"@id\":\"https:\\\/\\\/empak.ee\\\/en\\\/product\\\/marta-sofa-bed\\\/#primaryimage\",\"url\":\"https:\\\/\\\/empak.ee\\\/wp-content\\\/uploads\\\/2023\\\/01\\\/0022_empak290415.jpg\",\"contentUrl\":\"https:\\\/\\\/empak.ee\\\/wp-content\\\/uploads\\\/2023\\\/01\\\/0022_empak290415.jpg\",\"width\":1920,\"height\":1141},{\"@type\":\"BreadcrumbList\",\"@id\":\"https:\\\/\\\/empak.ee\\\/en\\\/product\\\/marta-sofa-bed\\\/#breadcrumb\",\"itemListElement\":[{\"@type\":\"ListItem\",\"position\":1,\"name\":\"Home\",\"item\":\"https:\\\/\\\/empak.ee\\\/en\\\/\"},{\"@type\":\"ListItem\",\"position\":2,\"name\":\"Shop\",\"item\":\"https:\\\/\\\/empak.ee\\\/en\\\/shop\\\/\"},{\"@type\":\"ListItem\",\"position\":3,\"name\":\"Marta &#8211; Sofa bed\"}]},{\"@type\":\"WebSite\",\"@id\":\"https:\\\/\\\/empak.ee\\\/en\\\/#website\",\"url\":\"https:\\\/\\\/empak.ee\\\/en\\\/\",\"name\":\"V\u00f5ru Empak\",\"description\":\"Pehmem\u00f6\u00f6bli tootmine.\",\"publisher\":{\"@id\":\"https:\\\/\\\/empak.ee\\\/en\\\/#organization\"},\"potentialAction\":[{\"@type\":\"SearchAction\",\"target\":{\"@type\":\"EntryPoint\",\"urlTemplate\":\"https:\\\/\\\/empak.ee\\\/en\\\/?s={search_term_string}\"},\"query-input\":{\"@type\":\"PropertyValueSpecification\",\"valueRequired\":true,\"valueName\":\"search_term_string\"}}],\"inLanguage\":\"en-US\"},{\"@type\":\"Organization\",\"@id\":\"https:\\\/\\\/empak.ee\\\/en\\\/#organization\",\"name\":\"V\u00f5ru Empak\",\"url\":\"https:\\\/\\\/empak.ee\\\/en\\\/\",\"logo\":{\"@type\":\"ImageObject\",\"inLanguage\":\"en-US\",\"@id\":\"https:\\\/\\\/empak.ee\\\/en\\\/#\\\/schema\\\/logo\\\/image\\\/\",\"url\":\"https:\\\/\\\/empak.ee\\\/wp-content\\\/uploads\\\/2023\\\/07\\\/empak-logo-230728.jpg\",\"contentUrl\":\"https:\\\/\\\/empak.ee\\\/wp-content\\\/uploads\\\/2023\\\/07\\\/empak-logo-230728.jpg\",\"width\":800,\"height\":500,\"caption\":\"V\u00f5ru Empak\"},\"image\":{\"@id\":\"https:\\\/\\\/empak.ee\\\/en\\\/#\\\/schema\\\/logo\\\/image\\\/\"},\"sameAs\":[\"https:\\\/\\\/www.facebook.com\\\/voruempak\"]}]}<\/script>\n<!-- \/ Yoast SEO plugin. -->","yoast_head_json":{"title":"Marta - Sofa bed - V\u00f5ru Empak","robots":{"index":"index","follow":"follow","max-snippet":"max-snippet:-1","max-image-preview":"max-image-preview:large","max-video-preview":"max-video-preview:-1"},"canonical":"https:\/\/empak.ee\/en\/product\/marta-sofa-bed\/","og_locale":"en_US","og_type":"article","og_title":"Marta - Sofa bed - V\u00f5ru Empak","og_description":"The product casing is made from indigenous pine wood, in addition to cassava and wood fibre board  The seat part of the product and the inner sides of the armrests are covered with fabric  The outer sides of the armrests, the front panel and the back wall are covered with fabric  Zig-zag springs is used in the seat  The seat and backrest are made of foam rubber, covered with cotton battling  The back of the product is finished, can be placed in the middle of the room  The size of the sleeping part is 190 x 140 cm  The height of the legs is 2.5 cm  Made in Estonia  The product warranty is 2 years","og_url":"https:\/\/empak.ee\/en\/product\/marta-sofa-bed\/","og_site_name":"V\u00f5ru Empak","article_publisher":"https:\/\/www.facebook.com\/voruempak","og_image":[{"width":1920,"height":1141,"url":"https:\/\/empak.ee\/wp-content\/uploads\/2023\/01\/0022_empak290415.jpg","type":"image\/jpeg"}],"twitter_card":"summary_large_image","schema":{"@context":"https:\/\/schema.org","@graph":[{"@type":"WebPage","@id":"https:\/\/empak.ee\/en\/product\/marta-sofa-bed\/","url":"https:\/\/empak.ee\/en\/product\/marta-sofa-bed\/","name":"Marta - Sofa bed - V\u00f5ru Empak","isPartOf":{"@id":"https:\/\/empak.ee\/en\/#website"},"primaryImageOfPage":{"@id":"https:\/\/empak.ee\/en\/product\/marta-sofa-bed\/#primaryimage"},"image":{"@id":"https:\/\/empak.ee\/en\/product\/marta-sofa-bed\/#primaryimage"},"thumbnailUrl":"https:\/\/empak.ee\/wp-content\/uploads\/2023\/01\/0022_empak290415.jpg","datePublished":"2023-01-17T13:56:56+00:00","breadcrumb":{"@id":"https:\/\/empak.ee\/en\/product\/marta-sofa-bed\/#breadcrumb"},"inLanguage":"en-US","potentialAction":[{"@type":"ReadAction","target":["https:\/\/empak.ee\/en\/product\/marta-sofa-bed\/"]}]},{"@type":"ImageObject","inLanguage":"en-US","@id":"https:\/\/empak.ee\/en\/product\/marta-sofa-bed\/#primaryimage","url":"https:\/\/empak.ee\/wp-content\/uploads\/2023\/01\/0022_empak290415.jpg","contentUrl":"https:\/\/empak.ee\/wp-content\/uploads\/2023\/01\/0022_empak290415.jpg","width":1920,"height":1141},{"@type":"BreadcrumbList","@id":"https:\/\/empak.ee\/en\/product\/marta-sofa-bed\/#breadcrumb","itemListElement":[{"@type":"ListItem","position":1,"name":"Home","item":"https:\/\/empak.ee\/en\/"},{"@type":"ListItem","position":2,"name":"Shop","item":"https:\/\/empak.ee\/en\/shop\/"},{"@type":"ListItem","position":3,"name":"Marta &#8211; Sofa bed"}]},{"@type":"WebSite","@id":"https:\/\/empak.ee\/en\/#website","url":"https:\/\/empak.ee\/en\/","name":"V\u00f5ru Empak","description":"Pehmem\u00f6\u00f6bli tootmine.","publisher":{"@id":"https:\/\/empak.ee\/en\/#organization"},"potentialAction":[{"@type":"SearchAction","target":{"@type":"EntryPoint","urlTemplate":"https:\/\/empak.ee\/en\/?s={search_term_string}"},"query-input":{"@type":"PropertyValueSpecification","valueRequired":true,"valueName":"search_term_string"}}],"inLanguage":"en-US"},{"@type":"Organization","@id":"https:\/\/empak.ee\/en\/#organization","name":"V\u00f5ru Empak","url":"https:\/\/empak.ee\/en\/","logo":{"@type":"ImageObject","inLanguage":"en-US","@id":"https:\/\/empak.ee\/en\/#\/schema\/logo\/image\/","url":"https:\/\/empak.ee\/wp-content\/uploads\/2023\/07\/empak-logo-230728.jpg","contentUrl":"https:\/\/empak.ee\/wp-content\/uploads\/2023\/07\/empak-logo-230728.jpg","width":800,"height":500,"caption":"V\u00f5ru Empak"},"image":{"@id":"https:\/\/empak.ee\/en\/#\/schema\/logo\/image\/"},"sameAs":["https:\/\/www.facebook.com\/voruempak"]}]}},"_links":{"self":[{"href":"https:\/\/empak.ee\/en\/wp-json\/wp\/v2\/product\/8987","targetHints":{"allow":["GET"]}}],"collection":[{"href":"https:\/\/empak.ee\/en\/wp-json\/wp\/v2\/product"}],"about":[{"href":"https:\/\/empak.ee\/en\/wp-json\/wp\/v2\/types\/product"}],"wp:featuredmedia":[{"embeddable":true,"href":"https:\/\/empak.ee\/en\/wp-json\/wp\/v2\/media\/4158"}],"wp:attachment":[{"href":"https:\/\/empak.ee\/en\/wp-json\/wp\/v2\/media?parent=8987"}],"wp:term":[{"taxonomy":"product_brand","embeddable":true,"href":"https:\/\/empak.ee\/en\/wp-json\/wp\/v2\/product_brand?post=8987"},{"taxonomy":"product_cat","embeddable":true,"href":"https:\/\/empak.ee\/en\/wp-json\/wp\/v2\/product_cat?post=8987"},{"taxonomy":"product_tag","embeddable":true,"href":"https:\/\/empak.ee\/en\/wp-json\/wp\/v2\/product_tag?post=8987"}],"curies":[{"name":"wp","href":"https:\/\/api.w.org\/{rel}","templated":true}]}}