{"id":6637,"date":"2023-04-18T15:37:19","date_gmt":"2023-04-18T12:37:19","guid":{"rendered":"https:\/\/empak.katingtest.eu\/?post_type=product&#038;p=6637"},"modified":"2023-06-20T15:59:29","modified_gmt":"2023-06-20T12:59:29","slug":"pouffe-otto-2","status":"publish","type":"product","link":"https:\/\/empak.ee\/en\/product\/pouffe-otto-2\/","title":{"rendered":"Pouffe Otto"},"content":{"rendered":"<p><img loading=\"lazy\" decoding=\"async\" class=\"alignnone size-full wp-image-1736\" src=\"https:\/\/empak.ee\/wp-content\/uploads\/2023\/02\/jari-moodud.jpg\" alt=\"\" width=\"370\" height=\"289\" srcset=\"https:\/\/empak.ee\/wp-content\/uploads\/2023\/02\/jari-moodud.jpg 370w, https:\/\/empak.ee\/wp-content\/uploads\/2023\/02\/jari-moodud-300x234.jpg 300w\" sizes=\"auto, (max-width: 370px) 100vw, 370px\" \/><\/p>\n<table class=\"table-auto w-full\">\n<tbody>\n<tr>\n<td class=\"border px-2 py-1 font-bold\">Material<\/td>\n<td class=\"border px-2 py-1\">fabric<\/td>\n<\/tr>\n<tr>\n<td class=\"border px-2 py-1 font-bold\">Shape<\/td>\n<td class=\"border px-2 py-1\">square<\/td>\n<\/tr>\n<tr>\n<td class=\"border px-2 py-1 font-bold\">Width (cm)<\/td>\n<td class=\"border px-2 py-1\">40.0<\/td>\n<\/tr>\n<tr>\n<td class=\"border px-2 py-1 font-bold\">Height (cm)<\/td>\n<td class=\"border px-2 py-1\">42.0<\/td>\n<\/tr>\n<tr>\n<td class=\"border px-2 py-1 font-bold\">Depth (cm)<\/td>\n<td class=\"border px-2 py-1\">60.0<\/td>\n<\/tr>\n<tr>\n<td class=\"border px-2 py-1 font-bold\">Legs<\/td>\n<td class=\"border px-2 py-1\">wood<\/td>\n<\/tr>\n<\/tbody>\n<\/table>\n","protected":false},"excerpt":{"rendered":"<ul class=\"list-disc ml-2 mr-3\" data-v-b4b16f92=\"\">\n<li data-v-b4b16f92=\"\">The frame is made of branch-free dry domestic coniferous wood, birch plywood and fiberboard are also used<\/li>\n<li data-v-b4b16f92=\"\">Lie in front of the couch or armchair to rest your feet<\/li>\n<li data-v-b4b16f92=\"\">Wooden legs<\/li>\n<li data-v-b4b16f92=\"\">Made in Estonia<\/li>\n<li data-v-b4b16f92=\"\">The fabric of the pouffe is Soro 61 (pictured below)<\/li>\n<\/ul>\n<p><img loading=\"lazy\" decoding=\"async\" class=\"alignnone wp-image-3062\" src=\"https:\/\/empak.ee\/wp-content\/uploads\/2023\/04\/soro-61_SORO-61-600x254.jpg\" alt=\"\" width=\"402\" height=\"170\" srcset=\"https:\/\/empak.ee\/wp-content\/uploads\/2023\/04\/soro-61_SORO-61-600x254.jpg 600w, https:\/\/empak.ee\/wp-content\/uploads\/2023\/04\/soro-61_SORO-61-1024x433.jpg 1024w, https:\/\/empak.ee\/wp-content\/uploads\/2023\/04\/soro-61_SORO-61-768x325.jpg 768w, https:\/\/empak.ee\/wp-content\/uploads\/2023\/04\/soro-61_SORO-61-1536x650.jpg 1536w, https:\/\/empak.ee\/wp-content\/uploads\/2023\/04\/soro-61_SORO-61-300x127.jpg 300w, https:\/\/empak.ee\/wp-content\/uploads\/2023\/04\/soro-61_SORO-61.jpg 1920w\" sizes=\"auto, (max-width: 402px) 100vw, 402px\" \/><\/p>\n","protected":false},"featured_media":5490,"template":"","meta":{"_acf_changed":false},"product_brand":[],"product_cat":[62],"product_tag":[],"class_list":{"0":"post-6637","1":"product","2":"type-product","3":"status-publish","4":"has-post-thumbnail","6":"product_cat-outlet","8":"first","9":"instock","10":"taxable","11":"shipping-taxable","12":"purchasable","13":"product-type-simple"},"acf":[],"yoast_head":"<!-- This site is optimized with the Yoast SEO plugin v27.4 - https:\/\/yoast.com\/product\/yoast-seo-wordpress\/ -->\n<title>Pouffe Otto - V\u00f5ru Empak<\/title>\n<meta name=\"robots\" content=\"index, follow, max-snippet:-1, max-image-preview:large, max-video-preview:-1\" \/>\n<link rel=\"canonical\" href=\"https:\/\/empak.ee\/en\/product\/pouffe-otto-2\/\" \/>\n<meta property=\"og:locale\" content=\"en_US\" \/>\n<meta property=\"og:type\" content=\"article\" \/>\n<meta property=\"og:title\" content=\"Pouffe Otto - V\u00f5ru Empak\" \/>\n<meta property=\"og:description\" content=\"The frame is made of branch-free dry domestic coniferous wood, birch plywood and fiberboard are also used  Lie in front of the couch or armchair to rest your feet  Wooden legs  Made in Estonia  The fabric of the pouffe is Soro 61 (pictured below)\" \/>\n<meta property=\"og:url\" content=\"https:\/\/empak.ee\/en\/product\/pouffe-otto-2\/\" \/>\n<meta property=\"og:site_name\" content=\"V\u00f5ru Empak\" \/>\n<meta property=\"article:publisher\" content=\"https:\/\/www.facebook.com\/voruempak\" \/>\n<meta property=\"article:modified_time\" content=\"2023-06-20T12:59:29+00:00\" \/>\n<meta property=\"og:image\" content=\"https:\/\/empak.ee\/wp-content\/uploads\/2023\/04\/IMG_7077.jpg\" \/>\n\t<meta property=\"og:image:width\" content=\"640\" \/>\n\t<meta property=\"og:image:height\" content=\"480\" \/>\n\t<meta property=\"og:image:type\" content=\"image\/jpeg\" \/>\n<meta name=\"twitter:card\" content=\"summary_large_image\" \/>\n<script type=\"application\/ld+json\" class=\"yoast-schema-graph\">{\"@context\":\"https:\\\/\\\/schema.org\",\"@graph\":[{\"@type\":\"WebPage\",\"@id\":\"https:\\\/\\\/empak.ee\\\/en\\\/product\\\/pouffe-otto-2\\\/\",\"url\":\"https:\\\/\\\/empak.ee\\\/en\\\/product\\\/pouffe-otto-2\\\/\",\"name\":\"Pouffe Otto - V\u00f5ru Empak\",\"isPartOf\":{\"@id\":\"https:\\\/\\\/empak.ee\\\/en\\\/#website\"},\"primaryImageOfPage\":{\"@id\":\"https:\\\/\\\/empak.ee\\\/en\\\/product\\\/pouffe-otto-2\\\/#primaryimage\"},\"image\":{\"@id\":\"https:\\\/\\\/empak.ee\\\/en\\\/product\\\/pouffe-otto-2\\\/#primaryimage\"},\"thumbnailUrl\":\"https:\\\/\\\/empak.ee\\\/wp-content\\\/uploads\\\/2023\\\/04\\\/IMG_7077.jpg\",\"datePublished\":\"2023-04-18T12:37:19+00:00\",\"dateModified\":\"2023-06-20T12:59:29+00:00\",\"breadcrumb\":{\"@id\":\"https:\\\/\\\/empak.ee\\\/en\\\/product\\\/pouffe-otto-2\\\/#breadcrumb\"},\"inLanguage\":\"en-US\",\"potentialAction\":[{\"@type\":\"ReadAction\",\"target\":[\"https:\\\/\\\/empak.ee\\\/en\\\/product\\\/pouffe-otto-2\\\/\"]}]},{\"@type\":\"ImageObject\",\"inLanguage\":\"en-US\",\"@id\":\"https:\\\/\\\/empak.ee\\\/en\\\/product\\\/pouffe-otto-2\\\/#primaryimage\",\"url\":\"https:\\\/\\\/empak.ee\\\/wp-content\\\/uploads\\\/2023\\\/04\\\/IMG_7077.jpg\",\"contentUrl\":\"https:\\\/\\\/empak.ee\\\/wp-content\\\/uploads\\\/2023\\\/04\\\/IMG_7077.jpg\",\"width\":640,\"height\":480},{\"@type\":\"BreadcrumbList\",\"@id\":\"https:\\\/\\\/empak.ee\\\/en\\\/product\\\/pouffe-otto-2\\\/#breadcrumb\",\"itemListElement\":[{\"@type\":\"ListItem\",\"position\":1,\"name\":\"Home\",\"item\":\"https:\\\/\\\/empak.ee\\\/en\\\/\"},{\"@type\":\"ListItem\",\"position\":2,\"name\":\"Shop\",\"item\":\"https:\\\/\\\/empak.ee\\\/en\\\/shop\\\/\"},{\"@type\":\"ListItem\",\"position\":3,\"name\":\"Pouffe Otto\"}]},{\"@type\":\"WebSite\",\"@id\":\"https:\\\/\\\/empak.ee\\\/en\\\/#website\",\"url\":\"https:\\\/\\\/empak.ee\\\/en\\\/\",\"name\":\"V\u00f5ru Empak\",\"description\":\"Pehmem\u00f6\u00f6bli tootmine.\",\"publisher\":{\"@id\":\"https:\\\/\\\/empak.ee\\\/en\\\/#organization\"},\"potentialAction\":[{\"@type\":\"SearchAction\",\"target\":{\"@type\":\"EntryPoint\",\"urlTemplate\":\"https:\\\/\\\/empak.ee\\\/en\\\/?s={search_term_string}\"},\"query-input\":{\"@type\":\"PropertyValueSpecification\",\"valueRequired\":true,\"valueName\":\"search_term_string\"}}],\"inLanguage\":\"en-US\"},{\"@type\":\"Organization\",\"@id\":\"https:\\\/\\\/empak.ee\\\/en\\\/#organization\",\"name\":\"V\u00f5ru Empak\",\"url\":\"https:\\\/\\\/empak.ee\\\/en\\\/\",\"logo\":{\"@type\":\"ImageObject\",\"inLanguage\":\"en-US\",\"@id\":\"https:\\\/\\\/empak.ee\\\/en\\\/#\\\/schema\\\/logo\\\/image\\\/\",\"url\":\"https:\\\/\\\/empak.ee\\\/wp-content\\\/uploads\\\/2023\\\/07\\\/empak-logo-230728.jpg\",\"contentUrl\":\"https:\\\/\\\/empak.ee\\\/wp-content\\\/uploads\\\/2023\\\/07\\\/empak-logo-230728.jpg\",\"width\":800,\"height\":500,\"caption\":\"V\u00f5ru Empak\"},\"image\":{\"@id\":\"https:\\\/\\\/empak.ee\\\/en\\\/#\\\/schema\\\/logo\\\/image\\\/\"},\"sameAs\":[\"https:\\\/\\\/www.facebook.com\\\/voruempak\"]}]}<\/script>\n<!-- \/ Yoast SEO plugin. -->","yoast_head_json":{"title":"Pouffe Otto - V\u00f5ru Empak","robots":{"index":"index","follow":"follow","max-snippet":"max-snippet:-1","max-image-preview":"max-image-preview:large","max-video-preview":"max-video-preview:-1"},"canonical":"https:\/\/empak.ee\/en\/product\/pouffe-otto-2\/","og_locale":"en_US","og_type":"article","og_title":"Pouffe Otto - V\u00f5ru Empak","og_description":"The frame is made of branch-free dry domestic coniferous wood, birch plywood and fiberboard are also used  Lie in front of the couch or armchair to rest your feet  Wooden legs  Made in Estonia  The fabric of the pouffe is Soro 61 (pictured below)","og_url":"https:\/\/empak.ee\/en\/product\/pouffe-otto-2\/","og_site_name":"V\u00f5ru Empak","article_publisher":"https:\/\/www.facebook.com\/voruempak","article_modified_time":"2023-06-20T12:59:29+00:00","og_image":[{"width":640,"height":480,"url":"https:\/\/empak.ee\/wp-content\/uploads\/2023\/04\/IMG_7077.jpg","type":"image\/jpeg"}],"twitter_card":"summary_large_image","schema":{"@context":"https:\/\/schema.org","@graph":[{"@type":"WebPage","@id":"https:\/\/empak.ee\/en\/product\/pouffe-otto-2\/","url":"https:\/\/empak.ee\/en\/product\/pouffe-otto-2\/","name":"Pouffe Otto - V\u00f5ru Empak","isPartOf":{"@id":"https:\/\/empak.ee\/en\/#website"},"primaryImageOfPage":{"@id":"https:\/\/empak.ee\/en\/product\/pouffe-otto-2\/#primaryimage"},"image":{"@id":"https:\/\/empak.ee\/en\/product\/pouffe-otto-2\/#primaryimage"},"thumbnailUrl":"https:\/\/empak.ee\/wp-content\/uploads\/2023\/04\/IMG_7077.jpg","datePublished":"2023-04-18T12:37:19+00:00","dateModified":"2023-06-20T12:59:29+00:00","breadcrumb":{"@id":"https:\/\/empak.ee\/en\/product\/pouffe-otto-2\/#breadcrumb"},"inLanguage":"en-US","potentialAction":[{"@type":"ReadAction","target":["https:\/\/empak.ee\/en\/product\/pouffe-otto-2\/"]}]},{"@type":"ImageObject","inLanguage":"en-US","@id":"https:\/\/empak.ee\/en\/product\/pouffe-otto-2\/#primaryimage","url":"https:\/\/empak.ee\/wp-content\/uploads\/2023\/04\/IMG_7077.jpg","contentUrl":"https:\/\/empak.ee\/wp-content\/uploads\/2023\/04\/IMG_7077.jpg","width":640,"height":480},{"@type":"BreadcrumbList","@id":"https:\/\/empak.ee\/en\/product\/pouffe-otto-2\/#breadcrumb","itemListElement":[{"@type":"ListItem","position":1,"name":"Home","item":"https:\/\/empak.ee\/en\/"},{"@type":"ListItem","position":2,"name":"Shop","item":"https:\/\/empak.ee\/en\/shop\/"},{"@type":"ListItem","position":3,"name":"Pouffe Otto"}]},{"@type":"WebSite","@id":"https:\/\/empak.ee\/en\/#website","url":"https:\/\/empak.ee\/en\/","name":"V\u00f5ru Empak","description":"Pehmem\u00f6\u00f6bli tootmine.","publisher":{"@id":"https:\/\/empak.ee\/en\/#organization"},"potentialAction":[{"@type":"SearchAction","target":{"@type":"EntryPoint","urlTemplate":"https:\/\/empak.ee\/en\/?s={search_term_string}"},"query-input":{"@type":"PropertyValueSpecification","valueRequired":true,"valueName":"search_term_string"}}],"inLanguage":"en-US"},{"@type":"Organization","@id":"https:\/\/empak.ee\/en\/#organization","name":"V\u00f5ru Empak","url":"https:\/\/empak.ee\/en\/","logo":{"@type":"ImageObject","inLanguage":"en-US","@id":"https:\/\/empak.ee\/en\/#\/schema\/logo\/image\/","url":"https:\/\/empak.ee\/wp-content\/uploads\/2023\/07\/empak-logo-230728.jpg","contentUrl":"https:\/\/empak.ee\/wp-content\/uploads\/2023\/07\/empak-logo-230728.jpg","width":800,"height":500,"caption":"V\u00f5ru Empak"},"image":{"@id":"https:\/\/empak.ee\/en\/#\/schema\/logo\/image\/"},"sameAs":["https:\/\/www.facebook.com\/voruempak"]}]}},"_links":{"self":[{"href":"https:\/\/empak.ee\/en\/wp-json\/wp\/v2\/product\/6637","targetHints":{"allow":["GET"]}}],"collection":[{"href":"https:\/\/empak.ee\/en\/wp-json\/wp\/v2\/product"}],"about":[{"href":"https:\/\/empak.ee\/en\/wp-json\/wp\/v2\/types\/product"}],"wp:featuredmedia":[{"embeddable":true,"href":"https:\/\/empak.ee\/en\/wp-json\/wp\/v2\/media\/5490"}],"wp:attachment":[{"href":"https:\/\/empak.ee\/en\/wp-json\/wp\/v2\/media?parent=6637"}],"wp:term":[{"taxonomy":"product_brand","embeddable":true,"href":"https:\/\/empak.ee\/en\/wp-json\/wp\/v2\/product_brand?post=6637"},{"taxonomy":"product_cat","embeddable":true,"href":"https:\/\/empak.ee\/en\/wp-json\/wp\/v2\/product_cat?post=6637"},{"taxonomy":"product_tag","embeddable":true,"href":"https:\/\/empak.ee\/en\/wp-json\/wp\/v2\/product_tag?post=6637"}],"curies":[{"name":"wp","href":"https:\/\/api.w.org\/{rel}","templated":true}]}}