{"id":6636,"date":"2023-04-18T15:31:44","date_gmt":"2023-04-18T12:31:44","guid":{"rendered":"https:\/\/empak.katingtest.eu\/?post_type=product&#038;p=6636"},"modified":"2023-06-20T15:57:49","modified_gmt":"2023-06-20T12:57:49","slug":"corner-sofa-mia-u-shaped","status":"publish","type":"product","link":"https:\/\/empak.ee\/en\/product\/corner-sofa-mia-u-shaped\/","title":{"rendered":"Corner sofa Mia U-shaped"},"content":{"rendered":"<p><img loading=\"lazy\" decoding=\"async\" class=\"alignnone size-medium wp-image-1346\" src=\"https:\/\/empak.ee\/wp-content\/uploads\/2023\/02\/MiaUmoodud-600x166.png\" alt=\"\" width=\"600\" height=\"166\" srcset=\"https:\/\/empak.ee\/wp-content\/uploads\/2023\/02\/MiaUmoodud-600x166.png 600w, https:\/\/empak.ee\/wp-content\/uploads\/2023\/02\/MiaUmoodud-300x83.png 300w, https:\/\/empak.ee\/wp-content\/uploads\/2023\/02\/MiaUmoodud-1024x283.png 1024w, https:\/\/empak.ee\/wp-content\/uploads\/2023\/02\/MiaUmoodud-768x212.png 768w, https:\/\/empak.ee\/wp-content\/uploads\/2023\/02\/MiaUmoodud.png 1396w\" sizes=\"auto, (max-width: 600px) 100vw, 600px\" \/><\/p>\n<table class=\"table-auto w-full\">\n<tbody>\n<tr>\n<td class=\"border px-2 py-1 font-bold\">Material<\/td>\n<td class=\"border px-2 py-1\">fabric<\/td>\n<\/tr>\n<tr>\n<td class=\"border px-2 py-1 font-bold\">An additional feature of the furniture<\/td>\n<td class=\"border px-2 py-1\">corner<\/td>\n<\/tr>\n<tr>\n<td class=\"border px-2 py-1 font-bold\">Shape<\/td>\n<td class=\"border px-2 py-1\">U-shaped<\/td>\n<\/tr>\n<tr>\n<td class=\"border px-2 py-1 font-bold\">Width (cm)<\/td>\n<td class=\"border px-2 py-1\">275.0<\/td>\n<\/tr>\n<tr>\n<td class=\"border px-2 py-1 font-bold\">Legs<\/td>\n<td class=\"border px-2 py-1\">plastic<\/td>\n<\/tr>\n<tr>\n<td class=\"border px-2 py-1 font-bold\">Corner placement<\/td>\n<td class=\"border px-2 py-1\">left corner, right corner<\/td>\n<\/tr>\n<tr>\n<td class=\"border px-2 py-1 font-bold\">Sleeping function<\/td>\n<td class=\"border px-2 py-1\">Yes<\/td>\n<\/tr>\n<\/tbody>\n<\/table>\n","protected":false},"excerpt":{"rendered":"<ul>\n<li>The frame of the product is made of domestic coniferous wood, and birch plywood and fiberboard are also used<\/li>\n<li>The seat part of the product and the inner side of the armrests are covered with fabric<\/li>\n<li>The outer sides of the armrests, the front panel and the back wall are covered with fabric<\/li>\n<li>Zig-zag suspension is used in the seat<\/li>\n<li>The seat and backrest are made of foam, covered with wadding<\/li>\n<li>The back of the product is finished, can be placed in the middle of the room<\/li>\n<li>The sofa is made of Sawana 16 fabric and the sofa cushions are made of Sawana 25 fabric (pictures below)<\/li>\n<li>Made in Estonia<\/li>\n<li>The product warranty is 2 years<\/li>\n<\/ul>\n<figure id=\"attachment_3463\" aria-describedby=\"caption-attachment-3463\" style=\"width: 326px\" class=\"wp-caption alignnone\"><img loading=\"lazy\" decoding=\"async\" class=\" wp-image-3463\" src=\"https:\/\/empak.ee\/wp-content\/uploads\/2023\/04\/sawana-16_Sawana-16-600x254.jpg\" alt=\"\" width=\"326\" height=\"138\" srcset=\"https:\/\/empak.ee\/wp-content\/uploads\/2023\/04\/sawana-16_Sawana-16-600x254.jpg 600w, https:\/\/empak.ee\/wp-content\/uploads\/2023\/04\/sawana-16_Sawana-16-1024x433.jpg 1024w, https:\/\/empak.ee\/wp-content\/uploads\/2023\/04\/sawana-16_Sawana-16-768x325.jpg 768w, https:\/\/empak.ee\/wp-content\/uploads\/2023\/04\/sawana-16_Sawana-16-1536x650.jpg 1536w, https:\/\/empak.ee\/wp-content\/uploads\/2023\/04\/sawana-16_Sawana-16-300x127.jpg 300w, https:\/\/empak.ee\/wp-content\/uploads\/2023\/04\/sawana-16_Sawana-16.jpg 1920w\" sizes=\"auto, (max-width: 326px) 100vw, 326px\" \/><figcaption id=\"caption-attachment-3463\" class=\"wp-caption-text\">Sawana 16<\/figcaption><\/figure>\n<figure id=\"attachment_3464\" aria-describedby=\"caption-attachment-3464\" style=\"width: 368px\" class=\"wp-caption alignnone\"><img loading=\"lazy\" decoding=\"async\" class=\" wp-image-3464\" src=\"https:\/\/empak.ee\/wp-content\/uploads\/2023\/04\/sawana-25_Sawana-25-600x254.webp\" alt=\"\" width=\"368\" height=\"156\" srcset=\"https:\/\/empak.ee\/wp-content\/uploads\/2023\/04\/sawana-25_Sawana-25-600x254.webp 600w, https:\/\/empak.ee\/wp-content\/uploads\/2023\/04\/sawana-25_Sawana-25-1024x433.webp 1024w, https:\/\/empak.ee\/wp-content\/uploads\/2023\/04\/sawana-25_Sawana-25-768x325.webp 768w, https:\/\/empak.ee\/wp-content\/uploads\/2023\/04\/sawana-25_Sawana-25-1536x650.webp 1536w, https:\/\/empak.ee\/wp-content\/uploads\/2023\/04\/sawana-25_Sawana-25-300x127.webp 300w, https:\/\/empak.ee\/wp-content\/uploads\/2023\/04\/sawana-25_Sawana-25.webp 1920w\" sizes=\"auto, (max-width: 368px) 100vw, 368px\" \/><figcaption id=\"caption-attachment-3464\" class=\"wp-caption-text\">Sawana 25<\/figcaption><\/figure>\n","protected":false},"featured_media":5488,"template":"","meta":{"_acf_changed":false},"product_brand":[],"product_cat":[62],"product_tag":[],"class_list":{"0":"post-6636","1":"product","2":"type-product","3":"status-publish","4":"has-post-thumbnail","6":"product_cat-outlet","8":"first","9":"outofstock","10":"sale","11":"taxable","12":"shipping-taxable","13":"purchasable","14":"product-type-simple"},"acf":[],"yoast_head":"<!-- This site is optimized with the Yoast SEO plugin v27.4 - https:\/\/yoast.com\/product\/yoast-seo-wordpress\/ -->\n<title>Corner sofa Mia U-shaped - V\u00f5ru Empak<\/title>\n<meta name=\"robots\" content=\"index, follow, max-snippet:-1, max-image-preview:large, max-video-preview:-1\" \/>\n<link rel=\"canonical\" href=\"https:\/\/empak.ee\/en\/product\/corner-sofa-mia-u-shaped\/\" \/>\n<meta property=\"og:locale\" content=\"en_US\" \/>\n<meta property=\"og:type\" content=\"article\" \/>\n<meta property=\"og:title\" content=\"Corner sofa Mia U-shaped - V\u00f5ru Empak\" \/>\n<meta property=\"og:description\" content=\"The frame of the product is made of domestic coniferous wood, and birch plywood and fiberboard are also used  The seat part of the product and the inner side of the armrests are covered with fabric  The outer sides of the armrests, the front panel and the back wall are covered with fabric  Zig-zag suspension is used in the seat  The seat and backrest are made of foam, covered with wadding  The back of the product is finished, can be placed in the middle of the room  The sofa is made of Sawana 16 fabric and the sofa cushions are made of Sawana 25 fabric (pictures below)  Made in Estonia  The product warranty is 2 years\" \/>\n<meta property=\"og:url\" content=\"https:\/\/empak.ee\/en\/product\/corner-sofa-mia-u-shaped\/\" \/>\n<meta property=\"og:site_name\" content=\"V\u00f5ru Empak\" \/>\n<meta property=\"article:publisher\" content=\"https:\/\/www.facebook.com\/voruempak\" \/>\n<meta property=\"article:modified_time\" content=\"2023-06-20T12:57:49+00:00\" \/>\n<meta property=\"og:image\" content=\"https:\/\/empak.ee\/wp-content\/uploads\/2023\/04\/IMG_7074.jpg\" \/>\n\t<meta property=\"og:image:width\" content=\"640\" \/>\n\t<meta property=\"og:image:height\" content=\"480\" \/>\n\t<meta property=\"og:image:type\" content=\"image\/jpeg\" \/>\n<meta name=\"twitter:card\" content=\"summary_large_image\" \/>\n<script type=\"application\/ld+json\" class=\"yoast-schema-graph\">{\"@context\":\"https:\\\/\\\/schema.org\",\"@graph\":[{\"@type\":\"WebPage\",\"@id\":\"https:\\\/\\\/empak.ee\\\/en\\\/product\\\/corner-sofa-mia-u-shaped\\\/\",\"url\":\"https:\\\/\\\/empak.ee\\\/en\\\/product\\\/corner-sofa-mia-u-shaped\\\/\",\"name\":\"Corner sofa Mia U-shaped - V\u00f5ru Empak\",\"isPartOf\":{\"@id\":\"https:\\\/\\\/empak.ee\\\/en\\\/#website\"},\"primaryImageOfPage\":{\"@id\":\"https:\\\/\\\/empak.ee\\\/en\\\/product\\\/corner-sofa-mia-u-shaped\\\/#primaryimage\"},\"image\":{\"@id\":\"https:\\\/\\\/empak.ee\\\/en\\\/product\\\/corner-sofa-mia-u-shaped\\\/#primaryimage\"},\"thumbnailUrl\":\"https:\\\/\\\/empak.ee\\\/wp-content\\\/uploads\\\/2023\\\/04\\\/IMG_7074.jpg\",\"datePublished\":\"2023-04-18T12:31:44+00:00\",\"dateModified\":\"2023-06-20T12:57:49+00:00\",\"breadcrumb\":{\"@id\":\"https:\\\/\\\/empak.ee\\\/en\\\/product\\\/corner-sofa-mia-u-shaped\\\/#breadcrumb\"},\"inLanguage\":\"en-US\",\"potentialAction\":[{\"@type\":\"ReadAction\",\"target\":[\"https:\\\/\\\/empak.ee\\\/en\\\/product\\\/corner-sofa-mia-u-shaped\\\/\"]}]},{\"@type\":\"ImageObject\",\"inLanguage\":\"en-US\",\"@id\":\"https:\\\/\\\/empak.ee\\\/en\\\/product\\\/corner-sofa-mia-u-shaped\\\/#primaryimage\",\"url\":\"https:\\\/\\\/empak.ee\\\/wp-content\\\/uploads\\\/2023\\\/04\\\/IMG_7074.jpg\",\"contentUrl\":\"https:\\\/\\\/empak.ee\\\/wp-content\\\/uploads\\\/2023\\\/04\\\/IMG_7074.jpg\",\"width\":640,\"height\":480},{\"@type\":\"BreadcrumbList\",\"@id\":\"https:\\\/\\\/empak.ee\\\/en\\\/product\\\/corner-sofa-mia-u-shaped\\\/#breadcrumb\",\"itemListElement\":[{\"@type\":\"ListItem\",\"position\":1,\"name\":\"Home\",\"item\":\"https:\\\/\\\/empak.ee\\\/en\\\/\"},{\"@type\":\"ListItem\",\"position\":2,\"name\":\"Shop\",\"item\":\"https:\\\/\\\/empak.ee\\\/en\\\/shop\\\/\"},{\"@type\":\"ListItem\",\"position\":3,\"name\":\"Corner sofa Mia U-shaped\"}]},{\"@type\":\"WebSite\",\"@id\":\"https:\\\/\\\/empak.ee\\\/en\\\/#website\",\"url\":\"https:\\\/\\\/empak.ee\\\/en\\\/\",\"name\":\"V\u00f5ru Empak\",\"description\":\"Pehmem\u00f6\u00f6bli tootmine.\",\"publisher\":{\"@id\":\"https:\\\/\\\/empak.ee\\\/en\\\/#organization\"},\"potentialAction\":[{\"@type\":\"SearchAction\",\"target\":{\"@type\":\"EntryPoint\",\"urlTemplate\":\"https:\\\/\\\/empak.ee\\\/en\\\/?s={search_term_string}\"},\"query-input\":{\"@type\":\"PropertyValueSpecification\",\"valueRequired\":true,\"valueName\":\"search_term_string\"}}],\"inLanguage\":\"en-US\"},{\"@type\":\"Organization\",\"@id\":\"https:\\\/\\\/empak.ee\\\/en\\\/#organization\",\"name\":\"V\u00f5ru Empak\",\"url\":\"https:\\\/\\\/empak.ee\\\/en\\\/\",\"logo\":{\"@type\":\"ImageObject\",\"inLanguage\":\"en-US\",\"@id\":\"https:\\\/\\\/empak.ee\\\/en\\\/#\\\/schema\\\/logo\\\/image\\\/\",\"url\":\"https:\\\/\\\/empak.ee\\\/wp-content\\\/uploads\\\/2023\\\/07\\\/empak-logo-230728.jpg\",\"contentUrl\":\"https:\\\/\\\/empak.ee\\\/wp-content\\\/uploads\\\/2023\\\/07\\\/empak-logo-230728.jpg\",\"width\":800,\"height\":500,\"caption\":\"V\u00f5ru Empak\"},\"image\":{\"@id\":\"https:\\\/\\\/empak.ee\\\/en\\\/#\\\/schema\\\/logo\\\/image\\\/\"},\"sameAs\":[\"https:\\\/\\\/www.facebook.com\\\/voruempak\"]}]}<\/script>\n<!-- \/ Yoast SEO plugin. -->","yoast_head_json":{"title":"Corner sofa Mia U-shaped - V\u00f5ru Empak","robots":{"index":"index","follow":"follow","max-snippet":"max-snippet:-1","max-image-preview":"max-image-preview:large","max-video-preview":"max-video-preview:-1"},"canonical":"https:\/\/empak.ee\/en\/product\/corner-sofa-mia-u-shaped\/","og_locale":"en_US","og_type":"article","og_title":"Corner sofa Mia U-shaped - V\u00f5ru Empak","og_description":"The frame of the product is made of domestic coniferous wood, and birch plywood and fiberboard are also used  The seat part of the product and the inner side of the armrests are covered with fabric  The outer sides of the armrests, the front panel and the back wall are covered with fabric  Zig-zag suspension is used in the seat  The seat and backrest are made of foam, covered with wadding  The back of the product is finished, can be placed in the middle of the room  The sofa is made of Sawana 16 fabric and the sofa cushions are made of Sawana 25 fabric (pictures below)  Made in Estonia  The product warranty is 2 years","og_url":"https:\/\/empak.ee\/en\/product\/corner-sofa-mia-u-shaped\/","og_site_name":"V\u00f5ru Empak","article_publisher":"https:\/\/www.facebook.com\/voruempak","article_modified_time":"2023-06-20T12:57:49+00:00","og_image":[{"width":640,"height":480,"url":"https:\/\/empak.ee\/wp-content\/uploads\/2023\/04\/IMG_7074.jpg","type":"image\/jpeg"}],"twitter_card":"summary_large_image","schema":{"@context":"https:\/\/schema.org","@graph":[{"@type":"WebPage","@id":"https:\/\/empak.ee\/en\/product\/corner-sofa-mia-u-shaped\/","url":"https:\/\/empak.ee\/en\/product\/corner-sofa-mia-u-shaped\/","name":"Corner sofa Mia U-shaped - V\u00f5ru Empak","isPartOf":{"@id":"https:\/\/empak.ee\/en\/#website"},"primaryImageOfPage":{"@id":"https:\/\/empak.ee\/en\/product\/corner-sofa-mia-u-shaped\/#primaryimage"},"image":{"@id":"https:\/\/empak.ee\/en\/product\/corner-sofa-mia-u-shaped\/#primaryimage"},"thumbnailUrl":"https:\/\/empak.ee\/wp-content\/uploads\/2023\/04\/IMG_7074.jpg","datePublished":"2023-04-18T12:31:44+00:00","dateModified":"2023-06-20T12:57:49+00:00","breadcrumb":{"@id":"https:\/\/empak.ee\/en\/product\/corner-sofa-mia-u-shaped\/#breadcrumb"},"inLanguage":"en-US","potentialAction":[{"@type":"ReadAction","target":["https:\/\/empak.ee\/en\/product\/corner-sofa-mia-u-shaped\/"]}]},{"@type":"ImageObject","inLanguage":"en-US","@id":"https:\/\/empak.ee\/en\/product\/corner-sofa-mia-u-shaped\/#primaryimage","url":"https:\/\/empak.ee\/wp-content\/uploads\/2023\/04\/IMG_7074.jpg","contentUrl":"https:\/\/empak.ee\/wp-content\/uploads\/2023\/04\/IMG_7074.jpg","width":640,"height":480},{"@type":"BreadcrumbList","@id":"https:\/\/empak.ee\/en\/product\/corner-sofa-mia-u-shaped\/#breadcrumb","itemListElement":[{"@type":"ListItem","position":1,"name":"Home","item":"https:\/\/empak.ee\/en\/"},{"@type":"ListItem","position":2,"name":"Shop","item":"https:\/\/empak.ee\/en\/shop\/"},{"@type":"ListItem","position":3,"name":"Corner sofa Mia U-shaped"}]},{"@type":"WebSite","@id":"https:\/\/empak.ee\/en\/#website","url":"https:\/\/empak.ee\/en\/","name":"V\u00f5ru Empak","description":"Pehmem\u00f6\u00f6bli tootmine.","publisher":{"@id":"https:\/\/empak.ee\/en\/#organization"},"potentialAction":[{"@type":"SearchAction","target":{"@type":"EntryPoint","urlTemplate":"https:\/\/empak.ee\/en\/?s={search_term_string}"},"query-input":{"@type":"PropertyValueSpecification","valueRequired":true,"valueName":"search_term_string"}}],"inLanguage":"en-US"},{"@type":"Organization","@id":"https:\/\/empak.ee\/en\/#organization","name":"V\u00f5ru Empak","url":"https:\/\/empak.ee\/en\/","logo":{"@type":"ImageObject","inLanguage":"en-US","@id":"https:\/\/empak.ee\/en\/#\/schema\/logo\/image\/","url":"https:\/\/empak.ee\/wp-content\/uploads\/2023\/07\/empak-logo-230728.jpg","contentUrl":"https:\/\/empak.ee\/wp-content\/uploads\/2023\/07\/empak-logo-230728.jpg","width":800,"height":500,"caption":"V\u00f5ru Empak"},"image":{"@id":"https:\/\/empak.ee\/en\/#\/schema\/logo\/image\/"},"sameAs":["https:\/\/www.facebook.com\/voruempak"]}]}},"_links":{"self":[{"href":"https:\/\/empak.ee\/en\/wp-json\/wp\/v2\/product\/6636","targetHints":{"allow":["GET"]}}],"collection":[{"href":"https:\/\/empak.ee\/en\/wp-json\/wp\/v2\/product"}],"about":[{"href":"https:\/\/empak.ee\/en\/wp-json\/wp\/v2\/types\/product"}],"wp:featuredmedia":[{"embeddable":true,"href":"https:\/\/empak.ee\/en\/wp-json\/wp\/v2\/media\/5488"}],"wp:attachment":[{"href":"https:\/\/empak.ee\/en\/wp-json\/wp\/v2\/media?parent=6636"}],"wp:term":[{"taxonomy":"product_brand","embeddable":true,"href":"https:\/\/empak.ee\/en\/wp-json\/wp\/v2\/product_brand?post=6636"},{"taxonomy":"product_cat","embeddable":true,"href":"https:\/\/empak.ee\/en\/wp-json\/wp\/v2\/product_cat?post=6636"},{"taxonomy":"product_tag","embeddable":true,"href":"https:\/\/empak.ee\/en\/wp-json\/wp\/v2\/product_tag?post=6636"}],"curies":[{"name":"wp","href":"https:\/\/api.w.org\/{rel}","templated":true}]}}