{"id":6620,"date":"2023-04-17T11:25:38","date_gmt":"2023-04-17T08:25:38","guid":{"rendered":"https:\/\/empak.katingtest.eu\/?post_type=product&#038;p=6620"},"modified":"2023-06-20T15:21:45","modified_gmt":"2023-06-20T12:21:45","slug":"sofa-fiona-x-2-seater","status":"publish","type":"product","link":"https:\/\/empak.ee\/en\/product\/sofa-fiona-x-2-seater\/","title":{"rendered":"Sofa Fiona X 2-seater"},"content":{"rendered":"<p><img loading=\"lazy\" decoding=\"async\" class=\"alignnone size-full wp-image-1987\" src=\"https:\/\/empak.ee\/wp-content\/uploads\/2023\/01\/fiona-moodud-kulg.jpg\" alt=\"\" width=\"302\" height=\"303\" srcset=\"https:\/\/empak.ee\/wp-content\/uploads\/2023\/01\/fiona-moodud-kulg.jpg 302w, https:\/\/empak.ee\/wp-content\/uploads\/2023\/01\/fiona-moodud-kulg-300x301.jpg 300w, https:\/\/empak.ee\/wp-content\/uploads\/2023\/01\/fiona-moodud-kulg-100x100.jpg 100w, https:\/\/empak.ee\/wp-content\/uploads\/2023\/01\/fiona-moodud-kulg-50x50.jpg 50w\" sizes=\"auto, (max-width: 302px) 100vw, 302px\" \/><img loading=\"lazy\" decoding=\"async\" class=\"alignnone size-full wp-image-1988\" src=\"https:\/\/empak.ee\/wp-content\/uploads\/2023\/01\/fiona-moodud-2.5-empak-diivan.jpg\" alt=\"\" width=\"344\" height=\"284\" srcset=\"https:\/\/empak.ee\/wp-content\/uploads\/2023\/01\/fiona-moodud-2.5-empak-diivan.jpg 344w, https:\/\/empak.ee\/wp-content\/uploads\/2023\/01\/fiona-moodud-2.5-empak-diivan-300x248.jpg 300w\" sizes=\"auto, (max-width: 344px) 100vw, 344px\" \/><\/p>\n<table class=\"table-auto w-full\">\n<tbody>\n<tr>\n<td class=\"border px-2 py-1 font-bold\">Material<\/td>\n<td class=\"border px-2 py-1\">fabric<\/td>\n<\/tr>\n<tr>\n<td class=\"border px-2 py-1 font-bold\">Seats<\/td>\n<td class=\"border px-2 py-1\">3<\/td>\n<\/tr>\n<tr>\n<td class=\"border px-2 py-1 font-bold\">Width (cm)<\/td>\n<td class=\"border px-2 py-1\">216.0<\/td>\n<\/tr>\n<tr>\n<td class=\"border px-2 py-1 font-bold\">Height (cm)<\/td>\n<td class=\"border px-2 py-1\">78.0<\/td>\n<\/tr>\n<tr>\n<td class=\"border px-2 py-1 font-bold\">Depth (cm)<\/td>\n<td class=\"border px-2 py-1\">95.0<\/td>\n<\/tr>\n<tr>\n<td class=\"border px-2 py-1 font-bold\">Legs<\/td>\n<td class=\"border px-2 py-1\">wood<\/td>\n<\/tr>\n<tr>\n<td class=\"border px-2 py-1 font-bold\">Sleeping function<\/td>\n<td class=\"border px-2 py-1\">yes<\/td>\n<\/tr>\n<\/tbody>\n<\/table>\n","protected":false},"excerpt":{"rendered":"<ul>\n<li>The frame of the product is made of domestic coniferous wood, and birch plywood and fiberboard are also used<\/li>\n<li>The seat part of the sofa and the inner side of the armrests are covered with fabric<\/li>\n<li>The outer sides of the armrests, the front panel and the back wall are covered with fabric<\/li>\n<li>Zig-zag suspension is used in the seat<\/li>\n<li>The seat is made of foam, the backrest cushions are filled with a foam mixture<\/li>\n<li>The back of the sofa is finished and can be placed in the middle of the room<\/li>\n<li>The fabric of the sofa is Bluvel 75 (picture below)<\/li>\n<li>The legs are metal<\/li>\n<li>Made in Estonia<\/li>\n<li>The product warranty is 2 years<\/li>\n<li>The product is in stock now. Fast delivery.<\/li>\n<\/ul>\n<p><img loading=\"lazy\" decoding=\"async\" class=\"alignnone size-medium wp-image-3066\" src=\"https:\/\/empak.ee\/wp-content\/uploads\/2023\/04\/upholstery-fabric-velvet-olive-sample-170_bluvel_75_ZB01-401x400.jpg\" alt=\"\" width=\"401\" height=\"400\" srcset=\"https:\/\/empak.ee\/wp-content\/uploads\/2023\/04\/upholstery-fabric-velvet-olive-sample-170_bluvel_75_ZB01-401x400.jpg 401w, https:\/\/empak.ee\/wp-content\/uploads\/2023\/04\/upholstery-fabric-velvet-olive-sample-170_bluvel_75_ZB01-300x300.jpg 300w, https:\/\/empak.ee\/wp-content\/uploads\/2023\/04\/upholstery-fabric-velvet-olive-sample-170_bluvel_75_ZB01-100x100.jpg 100w, https:\/\/empak.ee\/wp-content\/uploads\/2023\/04\/upholstery-fabric-velvet-olive-sample-170_bluvel_75_ZB01-50x50.jpg 50w, https:\/\/empak.ee\/wp-content\/uploads\/2023\/04\/upholstery-fabric-velvet-olive-sample-170_bluvel_75_ZB01.jpg 600w\" sizes=\"auto, (max-width: 401px) 100vw, 401px\" \/><\/p>\n","protected":false},"featured_media":5401,"template":"","meta":{"_acf_changed":false},"product_brand":[],"product_cat":[62],"product_tag":[],"class_list":{"0":"post-6620","1":"product","2":"type-product","3":"status-publish","4":"has-post-thumbnail","6":"product_cat-outlet","8":"first","9":"instock","10":"taxable","11":"shipping-taxable","12":"purchasable","13":"product-type-simple"},"acf":[],"yoast_head":"<!-- This site is optimized with the Yoast SEO plugin v27.4 - https:\/\/yoast.com\/product\/yoast-seo-wordpress\/ -->\n<title>Sofa Fiona X 2-seater - V\u00f5ru Empak<\/title>\n<meta name=\"robots\" content=\"index, follow, max-snippet:-1, max-image-preview:large, max-video-preview:-1\" \/>\n<link rel=\"canonical\" href=\"https:\/\/empak.ee\/en\/product\/sofa-fiona-x-2-seater\/\" \/>\n<meta property=\"og:locale\" content=\"en_US\" \/>\n<meta property=\"og:type\" content=\"article\" \/>\n<meta property=\"og:title\" content=\"Sofa Fiona X 2-seater - V\u00f5ru Empak\" \/>\n<meta property=\"og:description\" content=\"The frame of the product is made of domestic coniferous wood, and birch plywood and fiberboard are also used  The seat part of the sofa and the inner side of the armrests are covered with fabric  The outer sides of the armrests, the front panel and the back wall are covered with fabric  Zig-zag suspension is used in the seat  The seat is made of foam, the backrest cushions are filled with a foam mixture  The back of the sofa is finished and can be placed in the middle of the room  The fabric of the sofa is Bluvel 75 (picture below)  The legs are metal  Made in Estonia  The product warranty is 2 years  The product is in stock now. Fast delivery.\" \/>\n<meta property=\"og:url\" content=\"https:\/\/empak.ee\/en\/product\/sofa-fiona-x-2-seater\/\" \/>\n<meta property=\"og:site_name\" content=\"V\u00f5ru Empak\" \/>\n<meta property=\"article:publisher\" content=\"https:\/\/www.facebook.com\/voruempak\" \/>\n<meta property=\"article:modified_time\" content=\"2023-06-20T12:21:45+00:00\" \/>\n<meta property=\"og:image\" content=\"https:\/\/empak.ee\/wp-content\/uploads\/2023\/04\/empak-230329-105-1.jpeg\" \/>\n\t<meta property=\"og:image:width\" content=\"1920\" \/>\n\t<meta property=\"og:image:height\" content=\"984\" \/>\n\t<meta property=\"og:image:type\" content=\"image\/jpeg\" \/>\n<meta name=\"twitter:card\" content=\"summary_large_image\" \/>\n<script type=\"application\/ld+json\" class=\"yoast-schema-graph\">{\"@context\":\"https:\\\/\\\/schema.org\",\"@graph\":[{\"@type\":\"WebPage\",\"@id\":\"https:\\\/\\\/empak.ee\\\/en\\\/product\\\/sofa-fiona-x-2-seater\\\/\",\"url\":\"https:\\\/\\\/empak.ee\\\/en\\\/product\\\/sofa-fiona-x-2-seater\\\/\",\"name\":\"Sofa Fiona X 2-seater - V\u00f5ru Empak\",\"isPartOf\":{\"@id\":\"https:\\\/\\\/empak.ee\\\/en\\\/#website\"},\"primaryImageOfPage\":{\"@id\":\"https:\\\/\\\/empak.ee\\\/en\\\/product\\\/sofa-fiona-x-2-seater\\\/#primaryimage\"},\"image\":{\"@id\":\"https:\\\/\\\/empak.ee\\\/en\\\/product\\\/sofa-fiona-x-2-seater\\\/#primaryimage\"},\"thumbnailUrl\":\"https:\\\/\\\/empak.ee\\\/wp-content\\\/uploads\\\/2023\\\/04\\\/empak-230329-105-1.jpeg\",\"datePublished\":\"2023-04-17T08:25:38+00:00\",\"dateModified\":\"2023-06-20T12:21:45+00:00\",\"breadcrumb\":{\"@id\":\"https:\\\/\\\/empak.ee\\\/en\\\/product\\\/sofa-fiona-x-2-seater\\\/#breadcrumb\"},\"inLanguage\":\"en-US\",\"potentialAction\":[{\"@type\":\"ReadAction\",\"target\":[\"https:\\\/\\\/empak.ee\\\/en\\\/product\\\/sofa-fiona-x-2-seater\\\/\"]}]},{\"@type\":\"ImageObject\",\"inLanguage\":\"en-US\",\"@id\":\"https:\\\/\\\/empak.ee\\\/en\\\/product\\\/sofa-fiona-x-2-seater\\\/#primaryimage\",\"url\":\"https:\\\/\\\/empak.ee\\\/wp-content\\\/uploads\\\/2023\\\/04\\\/empak-230329-105-1.jpeg\",\"contentUrl\":\"https:\\\/\\\/empak.ee\\\/wp-content\\\/uploads\\\/2023\\\/04\\\/empak-230329-105-1.jpeg\",\"width\":1920,\"height\":984},{\"@type\":\"BreadcrumbList\",\"@id\":\"https:\\\/\\\/empak.ee\\\/en\\\/product\\\/sofa-fiona-x-2-seater\\\/#breadcrumb\",\"itemListElement\":[{\"@type\":\"ListItem\",\"position\":1,\"name\":\"Home\",\"item\":\"https:\\\/\\\/empak.ee\\\/en\\\/\"},{\"@type\":\"ListItem\",\"position\":2,\"name\":\"Shop\",\"item\":\"https:\\\/\\\/empak.ee\\\/en\\\/shop\\\/\"},{\"@type\":\"ListItem\",\"position\":3,\"name\":\"Sofa Fiona X 2-seater\"}]},{\"@type\":\"WebSite\",\"@id\":\"https:\\\/\\\/empak.ee\\\/en\\\/#website\",\"url\":\"https:\\\/\\\/empak.ee\\\/en\\\/\",\"name\":\"V\u00f5ru Empak\",\"description\":\"Pehmem\u00f6\u00f6bli tootmine.\",\"publisher\":{\"@id\":\"https:\\\/\\\/empak.ee\\\/en\\\/#organization\"},\"potentialAction\":[{\"@type\":\"SearchAction\",\"target\":{\"@type\":\"EntryPoint\",\"urlTemplate\":\"https:\\\/\\\/empak.ee\\\/en\\\/?s={search_term_string}\"},\"query-input\":{\"@type\":\"PropertyValueSpecification\",\"valueRequired\":true,\"valueName\":\"search_term_string\"}}],\"inLanguage\":\"en-US\"},{\"@type\":\"Organization\",\"@id\":\"https:\\\/\\\/empak.ee\\\/en\\\/#organization\",\"name\":\"V\u00f5ru Empak\",\"url\":\"https:\\\/\\\/empak.ee\\\/en\\\/\",\"logo\":{\"@type\":\"ImageObject\",\"inLanguage\":\"en-US\",\"@id\":\"https:\\\/\\\/empak.ee\\\/en\\\/#\\\/schema\\\/logo\\\/image\\\/\",\"url\":\"https:\\\/\\\/empak.ee\\\/wp-content\\\/uploads\\\/2023\\\/07\\\/empak-logo-230728.jpg\",\"contentUrl\":\"https:\\\/\\\/empak.ee\\\/wp-content\\\/uploads\\\/2023\\\/07\\\/empak-logo-230728.jpg\",\"width\":800,\"height\":500,\"caption\":\"V\u00f5ru Empak\"},\"image\":{\"@id\":\"https:\\\/\\\/empak.ee\\\/en\\\/#\\\/schema\\\/logo\\\/image\\\/\"},\"sameAs\":[\"https:\\\/\\\/www.facebook.com\\\/voruempak\"]}]}<\/script>\n<!-- \/ Yoast SEO plugin. -->","yoast_head_json":{"title":"Sofa Fiona X 2-seater - V\u00f5ru Empak","robots":{"index":"index","follow":"follow","max-snippet":"max-snippet:-1","max-image-preview":"max-image-preview:large","max-video-preview":"max-video-preview:-1"},"canonical":"https:\/\/empak.ee\/en\/product\/sofa-fiona-x-2-seater\/","og_locale":"en_US","og_type":"article","og_title":"Sofa Fiona X 2-seater - V\u00f5ru Empak","og_description":"The frame of the product is made of domestic coniferous wood, and birch plywood and fiberboard are also used  The seat part of the sofa and the inner side of the armrests are covered with fabric  The outer sides of the armrests, the front panel and the back wall are covered with fabric  Zig-zag suspension is used in the seat  The seat is made of foam, the backrest cushions are filled with a foam mixture  The back of the sofa is finished and can be placed in the middle of the room  The fabric of the sofa is Bluvel 75 (picture below)  The legs are metal  Made in Estonia  The product warranty is 2 years  The product is in stock now. Fast delivery.","og_url":"https:\/\/empak.ee\/en\/product\/sofa-fiona-x-2-seater\/","og_site_name":"V\u00f5ru Empak","article_publisher":"https:\/\/www.facebook.com\/voruempak","article_modified_time":"2023-06-20T12:21:45+00:00","og_image":[{"width":1920,"height":984,"url":"https:\/\/empak.ee\/wp-content\/uploads\/2023\/04\/empak-230329-105-1.jpeg","type":"image\/jpeg"}],"twitter_card":"summary_large_image","schema":{"@context":"https:\/\/schema.org","@graph":[{"@type":"WebPage","@id":"https:\/\/empak.ee\/en\/product\/sofa-fiona-x-2-seater\/","url":"https:\/\/empak.ee\/en\/product\/sofa-fiona-x-2-seater\/","name":"Sofa Fiona X 2-seater - V\u00f5ru Empak","isPartOf":{"@id":"https:\/\/empak.ee\/en\/#website"},"primaryImageOfPage":{"@id":"https:\/\/empak.ee\/en\/product\/sofa-fiona-x-2-seater\/#primaryimage"},"image":{"@id":"https:\/\/empak.ee\/en\/product\/sofa-fiona-x-2-seater\/#primaryimage"},"thumbnailUrl":"https:\/\/empak.ee\/wp-content\/uploads\/2023\/04\/empak-230329-105-1.jpeg","datePublished":"2023-04-17T08:25:38+00:00","dateModified":"2023-06-20T12:21:45+00:00","breadcrumb":{"@id":"https:\/\/empak.ee\/en\/product\/sofa-fiona-x-2-seater\/#breadcrumb"},"inLanguage":"en-US","potentialAction":[{"@type":"ReadAction","target":["https:\/\/empak.ee\/en\/product\/sofa-fiona-x-2-seater\/"]}]},{"@type":"ImageObject","inLanguage":"en-US","@id":"https:\/\/empak.ee\/en\/product\/sofa-fiona-x-2-seater\/#primaryimage","url":"https:\/\/empak.ee\/wp-content\/uploads\/2023\/04\/empak-230329-105-1.jpeg","contentUrl":"https:\/\/empak.ee\/wp-content\/uploads\/2023\/04\/empak-230329-105-1.jpeg","width":1920,"height":984},{"@type":"BreadcrumbList","@id":"https:\/\/empak.ee\/en\/product\/sofa-fiona-x-2-seater\/#breadcrumb","itemListElement":[{"@type":"ListItem","position":1,"name":"Home","item":"https:\/\/empak.ee\/en\/"},{"@type":"ListItem","position":2,"name":"Shop","item":"https:\/\/empak.ee\/en\/shop\/"},{"@type":"ListItem","position":3,"name":"Sofa Fiona X 2-seater"}]},{"@type":"WebSite","@id":"https:\/\/empak.ee\/en\/#website","url":"https:\/\/empak.ee\/en\/","name":"V\u00f5ru Empak","description":"Pehmem\u00f6\u00f6bli tootmine.","publisher":{"@id":"https:\/\/empak.ee\/en\/#organization"},"potentialAction":[{"@type":"SearchAction","target":{"@type":"EntryPoint","urlTemplate":"https:\/\/empak.ee\/en\/?s={search_term_string}"},"query-input":{"@type":"PropertyValueSpecification","valueRequired":true,"valueName":"search_term_string"}}],"inLanguage":"en-US"},{"@type":"Organization","@id":"https:\/\/empak.ee\/en\/#organization","name":"V\u00f5ru Empak","url":"https:\/\/empak.ee\/en\/","logo":{"@type":"ImageObject","inLanguage":"en-US","@id":"https:\/\/empak.ee\/en\/#\/schema\/logo\/image\/","url":"https:\/\/empak.ee\/wp-content\/uploads\/2023\/07\/empak-logo-230728.jpg","contentUrl":"https:\/\/empak.ee\/wp-content\/uploads\/2023\/07\/empak-logo-230728.jpg","width":800,"height":500,"caption":"V\u00f5ru Empak"},"image":{"@id":"https:\/\/empak.ee\/en\/#\/schema\/logo\/image\/"},"sameAs":["https:\/\/www.facebook.com\/voruempak"]}]}},"_links":{"self":[{"href":"https:\/\/empak.ee\/en\/wp-json\/wp\/v2\/product\/6620","targetHints":{"allow":["GET"]}}],"collection":[{"href":"https:\/\/empak.ee\/en\/wp-json\/wp\/v2\/product"}],"about":[{"href":"https:\/\/empak.ee\/en\/wp-json\/wp\/v2\/types\/product"}],"wp:featuredmedia":[{"embeddable":true,"href":"https:\/\/empak.ee\/en\/wp-json\/wp\/v2\/media\/5401"}],"wp:attachment":[{"href":"https:\/\/empak.ee\/en\/wp-json\/wp\/v2\/media?parent=6620"}],"wp:term":[{"taxonomy":"product_brand","embeddable":true,"href":"https:\/\/empak.ee\/en\/wp-json\/wp\/v2\/product_brand?post=6620"},{"taxonomy":"product_cat","embeddable":true,"href":"https:\/\/empak.ee\/en\/wp-json\/wp\/v2\/product_cat?post=6620"},{"taxonomy":"product_tag","embeddable":true,"href":"https:\/\/empak.ee\/en\/wp-json\/wp\/v2\/product_tag?post=6620"}],"curies":[{"name":"wp","href":"https:\/\/api.w.org\/{rel}","templated":true}]}}