{"id":6616,"date":"2023-04-14T13:21:14","date_gmt":"2023-04-14T10:21:14","guid":{"rendered":"https:\/\/empak.katingtest.eu\/?post_type=product&#038;p=6616"},"modified":"2023-06-20T15:10:20","modified_gmt":"2023-06-20T12:10:20","slug":"an-armchair-manchester","status":"publish","type":"product","link":"https:\/\/empak.ee\/en\/product\/an-armchair-manchester\/","title":{"rendered":"An armchair Manchester"},"content":{"rendered":"<p><img loading=\"lazy\" decoding=\"async\" class=\"alignnone wp-image-1249 size-medium\" src=\"https:\/\/empak.ee\/wp-content\/uploads\/2023\/02\/Manchestermoodud-e1681474534272-600x315.png\" alt=\"\" width=\"600\" height=\"315\" srcset=\"https:\/\/empak.ee\/wp-content\/uploads\/2023\/02\/Manchestermoodud-e1681474534272-600x315.png 600w, https:\/\/empak.ee\/wp-content\/uploads\/2023\/02\/Manchestermoodud-e1681474534272-300x157.png 300w, https:\/\/empak.ee\/wp-content\/uploads\/2023\/02\/Manchestermoodud-e1681474534272.png 665w\" sizes=\"auto, (max-width: 600px) 100vw, 600px\" \/><\/p>\n<table class=\"table-auto w-full\">\n<tbody>\n<tr>\n<td class=\"border px-2 py-1 font-bold\">Material<\/td>\n<td class=\"border px-2 py-1\">fabric<\/td>\n<\/tr>\n<tr>\n<td class=\"border px-2 py-1 font-bold\">An additional feature of the furniture<\/td>\n<td class=\"border px-2 py-1\">armrests<\/td>\n<\/tr>\n<tr>\n<td class=\"border px-2 py-1 font-bold\">Width (cm)<\/td>\n<td class=\"border px-2 py-1\">110.0<\/td>\n<\/tr>\n<tr>\n<td class=\"border px-2 py-1 font-bold\">Height (cm)<\/td>\n<td class=\"border px-2 py-1\">101.0<\/td>\n<\/tr>\n<tr>\n<td class=\"border px-2 py-1 font-bold\">Depth (cm)<\/td>\n<td class=\"border px-2 py-1\">80.0<\/td>\n<\/tr>\n<tr>\n<td class=\"border px-2 py-1 font-bold\">Legs<\/td>\n<td class=\"border px-2 py-1\">wood<\/td>\n<\/tr>\n<\/tbody>\n<\/table>\n","protected":false},"excerpt":{"rendered":"<ul>\n<li>The frame of the product is made of domestic coniferous wood, and birch plywood and fiberboard are also used<\/li>\n<li>The seat part of the product and the inner side of the armrests are covered with fabric<\/li>\n<li>The outer sides of the armrests, the front panel and the back wall are covered with fabric<\/li>\n<li>Zig-zag suspension is used in the seat<\/li>\n<li>The seat and backrest are made of foam, covered with wadding<\/li>\n<li>The back of the product is finished, can be placed in the middle of the room<\/li>\n<li>The fabric of the armchair is Inari 22 (pictured below).<\/li>\n<li>Made in Estonia<\/li>\n<li>The product warranty is 2 years<\/li>\n<\/ul>\n<p><img loading=\"lazy\" decoding=\"async\" class=\"alignnone wp-image-3078\" src=\"https:\/\/empak.ee\/wp-content\/uploads\/2023\/04\/inari-22_Inari-22-600x254.webp\" alt=\"\" width=\"432\" height=\"183\" srcset=\"https:\/\/empak.ee\/wp-content\/uploads\/2023\/04\/inari-22_Inari-22-600x254.webp 600w, https:\/\/empak.ee\/wp-content\/uploads\/2023\/04\/inari-22_Inari-22-1024x433.webp 1024w, https:\/\/empak.ee\/wp-content\/uploads\/2023\/04\/inari-22_Inari-22-768x325.webp 768w, https:\/\/empak.ee\/wp-content\/uploads\/2023\/04\/inari-22_Inari-22-1536x650.webp 1536w, https:\/\/empak.ee\/wp-content\/uploads\/2023\/04\/inari-22_Inari-22-300x127.webp 300w, https:\/\/empak.ee\/wp-content\/uploads\/2023\/04\/inari-22_Inari-22.webp 1920w\" sizes=\"auto, (max-width: 432px) 100vw, 432px\" \/><\/p>\n","protected":false},"featured_media":5323,"template":"","meta":{"_acf_changed":false},"product_brand":[],"product_cat":[62],"product_tag":[],"class_list":{"0":"post-6616","1":"product","2":"type-product","3":"status-publish","4":"has-post-thumbnail","6":"product_cat-outlet","8":"first","9":"instock","10":"taxable","11":"shipping-taxable","12":"purchasable","13":"product-type-simple"},"acf":[],"yoast_head":"<!-- This site is optimized with the Yoast SEO plugin v27.4 - https:\/\/yoast.com\/product\/yoast-seo-wordpress\/ -->\n<title>An armchair Manchester - V\u00f5ru Empak<\/title>\n<meta name=\"robots\" content=\"index, follow, max-snippet:-1, max-image-preview:large, max-video-preview:-1\" \/>\n<link rel=\"canonical\" href=\"https:\/\/empak.ee\/en\/product\/an-armchair-manchester\/\" \/>\n<meta property=\"og:locale\" content=\"en_US\" \/>\n<meta property=\"og:type\" content=\"article\" \/>\n<meta property=\"og:title\" content=\"An armchair Manchester - V\u00f5ru Empak\" \/>\n<meta property=\"og:description\" content=\"The frame of the product is made of domestic coniferous wood, and birch plywood and fiberboard are also used  The seat part of the product and the inner side of the armrests are covered with fabric  The outer sides of the armrests, the front panel and the back wall are covered with fabric  Zig-zag suspension is used in the seat  The seat and backrest are made of foam, covered with wadding  The back of the product is finished, can be placed in the middle of the room  The fabric of the armchair is Inari 22 (pictured below).  Made in Estonia  The product warranty is 2 years\" \/>\n<meta property=\"og:url\" content=\"https:\/\/empak.ee\/en\/product\/an-armchair-manchester\/\" \/>\n<meta property=\"og:site_name\" content=\"V\u00f5ru Empak\" \/>\n<meta property=\"article:publisher\" content=\"https:\/\/www.facebook.com\/voruempak\" \/>\n<meta property=\"article:modified_time\" content=\"2023-06-20T12:10:20+00:00\" \/>\n<meta property=\"og:image\" content=\"https:\/\/empak.ee\/wp-content\/uploads\/2023\/04\/IMG_7086.jpg\" \/>\n\t<meta property=\"og:image:width\" content=\"480\" \/>\n\t<meta property=\"og:image:height\" content=\"640\" \/>\n\t<meta property=\"og:image:type\" content=\"image\/jpeg\" \/>\n<meta name=\"twitter:card\" content=\"summary_large_image\" \/>\n<script type=\"application\/ld+json\" class=\"yoast-schema-graph\">{\"@context\":\"https:\\\/\\\/schema.org\",\"@graph\":[{\"@type\":\"WebPage\",\"@id\":\"https:\\\/\\\/empak.ee\\\/en\\\/product\\\/an-armchair-manchester\\\/\",\"url\":\"https:\\\/\\\/empak.ee\\\/en\\\/product\\\/an-armchair-manchester\\\/\",\"name\":\"An armchair Manchester - V\u00f5ru Empak\",\"isPartOf\":{\"@id\":\"https:\\\/\\\/empak.ee\\\/en\\\/#website\"},\"primaryImageOfPage\":{\"@id\":\"https:\\\/\\\/empak.ee\\\/en\\\/product\\\/an-armchair-manchester\\\/#primaryimage\"},\"image\":{\"@id\":\"https:\\\/\\\/empak.ee\\\/en\\\/product\\\/an-armchair-manchester\\\/#primaryimage\"},\"thumbnailUrl\":\"https:\\\/\\\/empak.ee\\\/wp-content\\\/uploads\\\/2023\\\/04\\\/IMG_7086.jpg\",\"datePublished\":\"2023-04-14T10:21:14+00:00\",\"dateModified\":\"2023-06-20T12:10:20+00:00\",\"breadcrumb\":{\"@id\":\"https:\\\/\\\/empak.ee\\\/en\\\/product\\\/an-armchair-manchester\\\/#breadcrumb\"},\"inLanguage\":\"en-US\",\"potentialAction\":[{\"@type\":\"ReadAction\",\"target\":[\"https:\\\/\\\/empak.ee\\\/en\\\/product\\\/an-armchair-manchester\\\/\"]}]},{\"@type\":\"ImageObject\",\"inLanguage\":\"en-US\",\"@id\":\"https:\\\/\\\/empak.ee\\\/en\\\/product\\\/an-armchair-manchester\\\/#primaryimage\",\"url\":\"https:\\\/\\\/empak.ee\\\/wp-content\\\/uploads\\\/2023\\\/04\\\/IMG_7086.jpg\",\"contentUrl\":\"https:\\\/\\\/empak.ee\\\/wp-content\\\/uploads\\\/2023\\\/04\\\/IMG_7086.jpg\",\"width\":480,\"height\":640},{\"@type\":\"BreadcrumbList\",\"@id\":\"https:\\\/\\\/empak.ee\\\/en\\\/product\\\/an-armchair-manchester\\\/#breadcrumb\",\"itemListElement\":[{\"@type\":\"ListItem\",\"position\":1,\"name\":\"Home\",\"item\":\"https:\\\/\\\/empak.ee\\\/en\\\/\"},{\"@type\":\"ListItem\",\"position\":2,\"name\":\"Shop\",\"item\":\"https:\\\/\\\/empak.ee\\\/en\\\/shop\\\/\"},{\"@type\":\"ListItem\",\"position\":3,\"name\":\"An armchair Manchester\"}]},{\"@type\":\"WebSite\",\"@id\":\"https:\\\/\\\/empak.ee\\\/en\\\/#website\",\"url\":\"https:\\\/\\\/empak.ee\\\/en\\\/\",\"name\":\"V\u00f5ru Empak\",\"description\":\"Pehmem\u00f6\u00f6bli tootmine.\",\"publisher\":{\"@id\":\"https:\\\/\\\/empak.ee\\\/en\\\/#organization\"},\"potentialAction\":[{\"@type\":\"SearchAction\",\"target\":{\"@type\":\"EntryPoint\",\"urlTemplate\":\"https:\\\/\\\/empak.ee\\\/en\\\/?s={search_term_string}\"},\"query-input\":{\"@type\":\"PropertyValueSpecification\",\"valueRequired\":true,\"valueName\":\"search_term_string\"}}],\"inLanguage\":\"en-US\"},{\"@type\":\"Organization\",\"@id\":\"https:\\\/\\\/empak.ee\\\/en\\\/#organization\",\"name\":\"V\u00f5ru Empak\",\"url\":\"https:\\\/\\\/empak.ee\\\/en\\\/\",\"logo\":{\"@type\":\"ImageObject\",\"inLanguage\":\"en-US\",\"@id\":\"https:\\\/\\\/empak.ee\\\/en\\\/#\\\/schema\\\/logo\\\/image\\\/\",\"url\":\"https:\\\/\\\/empak.ee\\\/wp-content\\\/uploads\\\/2023\\\/07\\\/empak-logo-230728.jpg\",\"contentUrl\":\"https:\\\/\\\/empak.ee\\\/wp-content\\\/uploads\\\/2023\\\/07\\\/empak-logo-230728.jpg\",\"width\":800,\"height\":500,\"caption\":\"V\u00f5ru Empak\"},\"image\":{\"@id\":\"https:\\\/\\\/empak.ee\\\/en\\\/#\\\/schema\\\/logo\\\/image\\\/\"},\"sameAs\":[\"https:\\\/\\\/www.facebook.com\\\/voruempak\"]}]}<\/script>\n<!-- \/ Yoast SEO plugin. -->","yoast_head_json":{"title":"An armchair Manchester - V\u00f5ru Empak","robots":{"index":"index","follow":"follow","max-snippet":"max-snippet:-1","max-image-preview":"max-image-preview:large","max-video-preview":"max-video-preview:-1"},"canonical":"https:\/\/empak.ee\/en\/product\/an-armchair-manchester\/","og_locale":"en_US","og_type":"article","og_title":"An armchair Manchester - V\u00f5ru Empak","og_description":"The frame of the product is made of domestic coniferous wood, and birch plywood and fiberboard are also used  The seat part of the product and the inner side of the armrests are covered with fabric  The outer sides of the armrests, the front panel and the back wall are covered with fabric  Zig-zag suspension is used in the seat  The seat and backrest are made of foam, covered with wadding  The back of the product is finished, can be placed in the middle of the room  The fabric of the armchair is Inari 22 (pictured below).  Made in Estonia  The product warranty is 2 years","og_url":"https:\/\/empak.ee\/en\/product\/an-armchair-manchester\/","og_site_name":"V\u00f5ru Empak","article_publisher":"https:\/\/www.facebook.com\/voruempak","article_modified_time":"2023-06-20T12:10:20+00:00","og_image":[{"width":480,"height":640,"url":"https:\/\/empak.ee\/wp-content\/uploads\/2023\/04\/IMG_7086.jpg","type":"image\/jpeg"}],"twitter_card":"summary_large_image","schema":{"@context":"https:\/\/schema.org","@graph":[{"@type":"WebPage","@id":"https:\/\/empak.ee\/en\/product\/an-armchair-manchester\/","url":"https:\/\/empak.ee\/en\/product\/an-armchair-manchester\/","name":"An armchair Manchester - V\u00f5ru Empak","isPartOf":{"@id":"https:\/\/empak.ee\/en\/#website"},"primaryImageOfPage":{"@id":"https:\/\/empak.ee\/en\/product\/an-armchair-manchester\/#primaryimage"},"image":{"@id":"https:\/\/empak.ee\/en\/product\/an-armchair-manchester\/#primaryimage"},"thumbnailUrl":"https:\/\/empak.ee\/wp-content\/uploads\/2023\/04\/IMG_7086.jpg","datePublished":"2023-04-14T10:21:14+00:00","dateModified":"2023-06-20T12:10:20+00:00","breadcrumb":{"@id":"https:\/\/empak.ee\/en\/product\/an-armchair-manchester\/#breadcrumb"},"inLanguage":"en-US","potentialAction":[{"@type":"ReadAction","target":["https:\/\/empak.ee\/en\/product\/an-armchair-manchester\/"]}]},{"@type":"ImageObject","inLanguage":"en-US","@id":"https:\/\/empak.ee\/en\/product\/an-armchair-manchester\/#primaryimage","url":"https:\/\/empak.ee\/wp-content\/uploads\/2023\/04\/IMG_7086.jpg","contentUrl":"https:\/\/empak.ee\/wp-content\/uploads\/2023\/04\/IMG_7086.jpg","width":480,"height":640},{"@type":"BreadcrumbList","@id":"https:\/\/empak.ee\/en\/product\/an-armchair-manchester\/#breadcrumb","itemListElement":[{"@type":"ListItem","position":1,"name":"Home","item":"https:\/\/empak.ee\/en\/"},{"@type":"ListItem","position":2,"name":"Shop","item":"https:\/\/empak.ee\/en\/shop\/"},{"@type":"ListItem","position":3,"name":"An armchair Manchester"}]},{"@type":"WebSite","@id":"https:\/\/empak.ee\/en\/#website","url":"https:\/\/empak.ee\/en\/","name":"V\u00f5ru Empak","description":"Pehmem\u00f6\u00f6bli tootmine.","publisher":{"@id":"https:\/\/empak.ee\/en\/#organization"},"potentialAction":[{"@type":"SearchAction","target":{"@type":"EntryPoint","urlTemplate":"https:\/\/empak.ee\/en\/?s={search_term_string}"},"query-input":{"@type":"PropertyValueSpecification","valueRequired":true,"valueName":"search_term_string"}}],"inLanguage":"en-US"},{"@type":"Organization","@id":"https:\/\/empak.ee\/en\/#organization","name":"V\u00f5ru Empak","url":"https:\/\/empak.ee\/en\/","logo":{"@type":"ImageObject","inLanguage":"en-US","@id":"https:\/\/empak.ee\/en\/#\/schema\/logo\/image\/","url":"https:\/\/empak.ee\/wp-content\/uploads\/2023\/07\/empak-logo-230728.jpg","contentUrl":"https:\/\/empak.ee\/wp-content\/uploads\/2023\/07\/empak-logo-230728.jpg","width":800,"height":500,"caption":"V\u00f5ru Empak"},"image":{"@id":"https:\/\/empak.ee\/en\/#\/schema\/logo\/image\/"},"sameAs":["https:\/\/www.facebook.com\/voruempak"]}]}},"_links":{"self":[{"href":"https:\/\/empak.ee\/en\/wp-json\/wp\/v2\/product\/6616","targetHints":{"allow":["GET"]}}],"collection":[{"href":"https:\/\/empak.ee\/en\/wp-json\/wp\/v2\/product"}],"about":[{"href":"https:\/\/empak.ee\/en\/wp-json\/wp\/v2\/types\/product"}],"wp:featuredmedia":[{"embeddable":true,"href":"https:\/\/empak.ee\/en\/wp-json\/wp\/v2\/media\/5323"}],"wp:attachment":[{"href":"https:\/\/empak.ee\/en\/wp-json\/wp\/v2\/media?parent=6616"}],"wp:term":[{"taxonomy":"product_brand","embeddable":true,"href":"https:\/\/empak.ee\/en\/wp-json\/wp\/v2\/product_brand?post=6616"},{"taxonomy":"product_cat","embeddable":true,"href":"https:\/\/empak.ee\/en\/wp-json\/wp\/v2\/product_cat?post=6616"},{"taxonomy":"product_tag","embeddable":true,"href":"https:\/\/empak.ee\/en\/wp-json\/wp\/v2\/product_tag?post=6616"}],"curies":[{"name":"wp","href":"https:\/\/api.w.org\/{rel}","templated":true}]}}