{"id":6591,"date":"2023-04-10T14:51:38","date_gmt":"2023-04-10T11:51:38","guid":{"rendered":"https:\/\/empak.katingtest.eu\/?post_type=product&#038;p=6591"},"modified":"2023-06-20T14:23:34","modified_gmt":"2023-06-20T11:23:34","slug":"boss-2-seater-sofa","status":"publish","type":"product","link":"https:\/\/empak.ee\/en\/product\/boss-2-seater-sofa\/","title":{"rendered":"Boss 2-seater sofa"},"content":{"rendered":"<p><img loading=\"lazy\" decoding=\"async\" class=\"alignnone size-medium wp-image-1839\" src=\"https:\/\/empak.ee\/wp-content\/uploads\/2023\/01\/boss-moodud-600x255.jpg\" alt=\"\" width=\"600\" height=\"255\" \/><\/p>\n<table class=\"table-auto w-full\">\n<tbody>\n<tr>\n<td class=\"border px-2 py-1 font-bold\">Material<\/td>\n<td class=\"border px-2 py-1\">fabric<\/td>\n<\/tr>\n<tr>\n<td class=\"border px-2 py-1 font-bold\">Seats<\/td>\n<td class=\"border px-2 py-1\">2<\/td>\n<\/tr>\n<tr>\n<td class=\"border px-2 py-1 font-bold\">An additional feature of the furniture<\/td>\n<td class=\"border px-2 py-1\">removable backrest cover, removable seat cover<\/td>\n<\/tr>\n<tr>\n<td class=\"border px-2 py-1 font-bold\">Width (cm)<\/td>\n<td class=\"border px-2 py-1\">150.0<\/td>\n<\/tr>\n<tr>\n<td class=\"border px-2 py-1 font-bold\">Height (cm)<\/td>\n<td class=\"border px-2 py-1\">81.0<\/td>\n<\/tr>\n<tr>\n<td class=\"border px-2 py-1 font-bold\">Depth (cm)<\/td>\n<td class=\"border px-2 py-1\">84.0<\/td>\n<\/tr>\n<tr>\n<td class=\"border px-2 py-1 font-bold\">Legs<\/td>\n<td class=\"border px-2 py-1\">metal<\/td>\n<\/tr>\n<tr>\n<td class=\"border px-2 py-1 font-bold\">Sleeping function<\/td>\n<td class=\"border px-2 py-1\">No<\/td>\n<\/tr>\n<\/tbody>\n<\/table>\n","protected":false},"excerpt":{"rendered":"<ul>\n<li>The frame of the product is made of domestic coniferous wood, and birch plywood and fiberboard are also used<\/li>\n<li>The seat part of the product and the inner side of the armrests are covered with fabric<\/li>\n<li>The outer sides of the armrests, the front panel and the back wall are covered with fabric<\/li>\n<li>Zig-zag suspension is used in the seat<\/li>\n<li>The seat and backrest are made of foam, covered with wadding<\/li>\n<li>The back of the product is finished, can be placed in the middle of the room<\/li>\n<li>The sofa has stainless metal legs<\/li>\n<li>Fabric Lido 1 (pictured)<\/li>\n<li>Made in Estonia<\/li>\n<li>The product warranty is 2 years<\/li>\n<\/ul>\n<p><img loading=\"lazy\" decoding=\"async\" class=\"alignnone wp-image-2628\" src=\"https:\/\/empak.ee\/wp-content\/uploads\/2023\/04\/lido1punane-538x400.jpg\" alt=\"\" width=\"237\" height=\"176\" srcset=\"https:\/\/empak.ee\/wp-content\/uploads\/2023\/04\/lido1punane-538x400.jpg 538w, https:\/\/empak.ee\/wp-content\/uploads\/2023\/04\/lido1punane-300x223.jpg 300w, https:\/\/empak.ee\/wp-content\/uploads\/2023\/04\/lido1punane-600x446.jpg 600w, https:\/\/empak.ee\/wp-content\/uploads\/2023\/04\/lido1punane.jpg 705w\" sizes=\"auto, (max-width: 237px) 100vw, 237px\" \/><\/p>\n","protected":false},"featured_media":5491,"template":"","meta":{"_acf_changed":false},"product_brand":[],"product_cat":[62],"product_tag":[],"class_list":{"0":"post-6591","1":"product","2":"type-product","3":"status-publish","4":"has-post-thumbnail","6":"product_cat-outlet","8":"first","9":"instock","10":"taxable","11":"shipping-taxable","12":"purchasable","13":"product-type-simple"},"acf":[],"yoast_head":"<!-- This site is optimized with the Yoast SEO plugin v27.3 - https:\/\/yoast.com\/product\/yoast-seo-wordpress\/ -->\n<title>Boss 2-seater sofa - V\u00f5ru Empak<\/title>\n<meta name=\"robots\" content=\"index, follow, max-snippet:-1, max-image-preview:large, max-video-preview:-1\" \/>\n<link rel=\"canonical\" href=\"https:\/\/empak.ee\/en\/product\/boss-2-seater-sofa\/\" \/>\n<meta property=\"og:locale\" content=\"en_US\" \/>\n<meta property=\"og:type\" content=\"article\" \/>\n<meta property=\"og:title\" content=\"Boss 2-seater sofa - V\u00f5ru Empak\" \/>\n<meta property=\"og:description\" content=\"The frame of the product is made of domestic coniferous wood, and birch plywood and fiberboard are also used  The seat part of the product and the inner side of the armrests are covered with fabric  The outer sides of the armrests, the front panel and the back wall are covered with fabric  Zig-zag suspension is used in the seat  The seat and backrest are made of foam, covered with wadding  The back of the product is finished, can be placed in the middle of the room  The sofa has stainless metal legs  Fabric Lido 1 (pictured)  Made in Estonia  The product warranty is 2 years\" \/>\n<meta property=\"og:url\" content=\"https:\/\/empak.ee\/en\/product\/boss-2-seater-sofa\/\" \/>\n<meta property=\"og:site_name\" content=\"V\u00f5ru Empak\" \/>\n<meta property=\"article:publisher\" content=\"https:\/\/www.facebook.com\/voruempak\" \/>\n<meta property=\"article:modified_time\" content=\"2023-06-20T11:23:34+00:00\" \/>\n<meta property=\"og:image\" content=\"https:\/\/empak.ee\/wp-content\/uploads\/2023\/04\/IMG_7120.jpg\" \/>\n\t<meta property=\"og:image:width\" content=\"1920\" \/>\n\t<meta property=\"og:image:height\" content=\"1440\" \/>\n\t<meta property=\"og:image:type\" content=\"image\/jpeg\" \/>\n<meta name=\"twitter:card\" content=\"summary_large_image\" \/>\n<script type=\"application\/ld+json\" class=\"yoast-schema-graph\">{\"@context\":\"https:\\\/\\\/schema.org\",\"@graph\":[{\"@type\":\"WebPage\",\"@id\":\"https:\\\/\\\/empak.ee\\\/en\\\/product\\\/boss-2-seater-sofa\\\/\",\"url\":\"https:\\\/\\\/empak.ee\\\/en\\\/product\\\/boss-2-seater-sofa\\\/\",\"name\":\"Boss 2-seater sofa - V\u00f5ru Empak\",\"isPartOf\":{\"@id\":\"https:\\\/\\\/empak.ee\\\/en\\\/#website\"},\"primaryImageOfPage\":{\"@id\":\"https:\\\/\\\/empak.ee\\\/en\\\/product\\\/boss-2-seater-sofa\\\/#primaryimage\"},\"image\":{\"@id\":\"https:\\\/\\\/empak.ee\\\/en\\\/product\\\/boss-2-seater-sofa\\\/#primaryimage\"},\"thumbnailUrl\":\"https:\\\/\\\/empak.ee\\\/wp-content\\\/uploads\\\/2023\\\/04\\\/IMG_7120.jpg\",\"datePublished\":\"2023-04-10T11:51:38+00:00\",\"dateModified\":\"2023-06-20T11:23:34+00:00\",\"breadcrumb\":{\"@id\":\"https:\\\/\\\/empak.ee\\\/en\\\/product\\\/boss-2-seater-sofa\\\/#breadcrumb\"},\"inLanguage\":\"en-US\",\"potentialAction\":[{\"@type\":\"ReadAction\",\"target\":[\"https:\\\/\\\/empak.ee\\\/en\\\/product\\\/boss-2-seater-sofa\\\/\"]}]},{\"@type\":\"ImageObject\",\"inLanguage\":\"en-US\",\"@id\":\"https:\\\/\\\/empak.ee\\\/en\\\/product\\\/boss-2-seater-sofa\\\/#primaryimage\",\"url\":\"https:\\\/\\\/empak.ee\\\/wp-content\\\/uploads\\\/2023\\\/04\\\/IMG_7120.jpg\",\"contentUrl\":\"https:\\\/\\\/empak.ee\\\/wp-content\\\/uploads\\\/2023\\\/04\\\/IMG_7120.jpg\",\"width\":1920,\"height\":1440},{\"@type\":\"BreadcrumbList\",\"@id\":\"https:\\\/\\\/empak.ee\\\/en\\\/product\\\/boss-2-seater-sofa\\\/#breadcrumb\",\"itemListElement\":[{\"@type\":\"ListItem\",\"position\":1,\"name\":\"Home\",\"item\":\"https:\\\/\\\/empak.ee\\\/en\\\/\"},{\"@type\":\"ListItem\",\"position\":2,\"name\":\"Shop\",\"item\":\"https:\\\/\\\/empak.ee\\\/en\\\/shop\\\/\"},{\"@type\":\"ListItem\",\"position\":3,\"name\":\"Boss 2-seater sofa\"}]},{\"@type\":\"WebSite\",\"@id\":\"https:\\\/\\\/empak.ee\\\/en\\\/#website\",\"url\":\"https:\\\/\\\/empak.ee\\\/en\\\/\",\"name\":\"V\u00f5ru Empak\",\"description\":\"Pehmem\u00f6\u00f6bli tootmine.\",\"publisher\":{\"@id\":\"https:\\\/\\\/empak.ee\\\/en\\\/#organization\"},\"potentialAction\":[{\"@type\":\"SearchAction\",\"target\":{\"@type\":\"EntryPoint\",\"urlTemplate\":\"https:\\\/\\\/empak.ee\\\/en\\\/?s={search_term_string}\"},\"query-input\":{\"@type\":\"PropertyValueSpecification\",\"valueRequired\":true,\"valueName\":\"search_term_string\"}}],\"inLanguage\":\"en-US\"},{\"@type\":\"Organization\",\"@id\":\"https:\\\/\\\/empak.ee\\\/en\\\/#organization\",\"name\":\"V\u00f5ru Empak\",\"url\":\"https:\\\/\\\/empak.ee\\\/en\\\/\",\"logo\":{\"@type\":\"ImageObject\",\"inLanguage\":\"en-US\",\"@id\":\"https:\\\/\\\/empak.ee\\\/en\\\/#\\\/schema\\\/logo\\\/image\\\/\",\"url\":\"https:\\\/\\\/empak.ee\\\/wp-content\\\/uploads\\\/2023\\\/07\\\/empak-logo-230728.jpg\",\"contentUrl\":\"https:\\\/\\\/empak.ee\\\/wp-content\\\/uploads\\\/2023\\\/07\\\/empak-logo-230728.jpg\",\"width\":800,\"height\":500,\"caption\":\"V\u00f5ru Empak\"},\"image\":{\"@id\":\"https:\\\/\\\/empak.ee\\\/en\\\/#\\\/schema\\\/logo\\\/image\\\/\"},\"sameAs\":[\"https:\\\/\\\/www.facebook.com\\\/voruempak\"]}]}<\/script>\n<!-- \/ Yoast SEO plugin. -->","yoast_head_json":{"title":"Boss 2-seater sofa - V\u00f5ru Empak","robots":{"index":"index","follow":"follow","max-snippet":"max-snippet:-1","max-image-preview":"max-image-preview:large","max-video-preview":"max-video-preview:-1"},"canonical":"https:\/\/empak.ee\/en\/product\/boss-2-seater-sofa\/","og_locale":"en_US","og_type":"article","og_title":"Boss 2-seater sofa - V\u00f5ru Empak","og_description":"The frame of the product is made of domestic coniferous wood, and birch plywood and fiberboard are also used  The seat part of the product and the inner side of the armrests are covered with fabric  The outer sides of the armrests, the front panel and the back wall are covered with fabric  Zig-zag suspension is used in the seat  The seat and backrest are made of foam, covered with wadding  The back of the product is finished, can be placed in the middle of the room  The sofa has stainless metal legs  Fabric Lido 1 (pictured)  Made in Estonia  The product warranty is 2 years","og_url":"https:\/\/empak.ee\/en\/product\/boss-2-seater-sofa\/","og_site_name":"V\u00f5ru Empak","article_publisher":"https:\/\/www.facebook.com\/voruempak","article_modified_time":"2023-06-20T11:23:34+00:00","og_image":[{"width":1920,"height":1440,"url":"https:\/\/empak.ee\/wp-content\/uploads\/2023\/04\/IMG_7120.jpg","type":"image\/jpeg"}],"twitter_card":"summary_large_image","schema":{"@context":"https:\/\/schema.org","@graph":[{"@type":"WebPage","@id":"https:\/\/empak.ee\/en\/product\/boss-2-seater-sofa\/","url":"https:\/\/empak.ee\/en\/product\/boss-2-seater-sofa\/","name":"Boss 2-seater sofa - V\u00f5ru Empak","isPartOf":{"@id":"https:\/\/empak.ee\/en\/#website"},"primaryImageOfPage":{"@id":"https:\/\/empak.ee\/en\/product\/boss-2-seater-sofa\/#primaryimage"},"image":{"@id":"https:\/\/empak.ee\/en\/product\/boss-2-seater-sofa\/#primaryimage"},"thumbnailUrl":"https:\/\/empak.ee\/wp-content\/uploads\/2023\/04\/IMG_7120.jpg","datePublished":"2023-04-10T11:51:38+00:00","dateModified":"2023-06-20T11:23:34+00:00","breadcrumb":{"@id":"https:\/\/empak.ee\/en\/product\/boss-2-seater-sofa\/#breadcrumb"},"inLanguage":"en-US","potentialAction":[{"@type":"ReadAction","target":["https:\/\/empak.ee\/en\/product\/boss-2-seater-sofa\/"]}]},{"@type":"ImageObject","inLanguage":"en-US","@id":"https:\/\/empak.ee\/en\/product\/boss-2-seater-sofa\/#primaryimage","url":"https:\/\/empak.ee\/wp-content\/uploads\/2023\/04\/IMG_7120.jpg","contentUrl":"https:\/\/empak.ee\/wp-content\/uploads\/2023\/04\/IMG_7120.jpg","width":1920,"height":1440},{"@type":"BreadcrumbList","@id":"https:\/\/empak.ee\/en\/product\/boss-2-seater-sofa\/#breadcrumb","itemListElement":[{"@type":"ListItem","position":1,"name":"Home","item":"https:\/\/empak.ee\/en\/"},{"@type":"ListItem","position":2,"name":"Shop","item":"https:\/\/empak.ee\/en\/shop\/"},{"@type":"ListItem","position":3,"name":"Boss 2-seater sofa"}]},{"@type":"WebSite","@id":"https:\/\/empak.ee\/en\/#website","url":"https:\/\/empak.ee\/en\/","name":"V\u00f5ru Empak","description":"Pehmem\u00f6\u00f6bli tootmine.","publisher":{"@id":"https:\/\/empak.ee\/en\/#organization"},"potentialAction":[{"@type":"SearchAction","target":{"@type":"EntryPoint","urlTemplate":"https:\/\/empak.ee\/en\/?s={search_term_string}"},"query-input":{"@type":"PropertyValueSpecification","valueRequired":true,"valueName":"search_term_string"}}],"inLanguage":"en-US"},{"@type":"Organization","@id":"https:\/\/empak.ee\/en\/#organization","name":"V\u00f5ru Empak","url":"https:\/\/empak.ee\/en\/","logo":{"@type":"ImageObject","inLanguage":"en-US","@id":"https:\/\/empak.ee\/en\/#\/schema\/logo\/image\/","url":"https:\/\/empak.ee\/wp-content\/uploads\/2023\/07\/empak-logo-230728.jpg","contentUrl":"https:\/\/empak.ee\/wp-content\/uploads\/2023\/07\/empak-logo-230728.jpg","width":800,"height":500,"caption":"V\u00f5ru Empak"},"image":{"@id":"https:\/\/empak.ee\/en\/#\/schema\/logo\/image\/"},"sameAs":["https:\/\/www.facebook.com\/voruempak"]}]}},"_links":{"self":[{"href":"https:\/\/empak.ee\/en\/wp-json\/wp\/v2\/product\/6591","targetHints":{"allow":["GET"]}}],"collection":[{"href":"https:\/\/empak.ee\/en\/wp-json\/wp\/v2\/product"}],"about":[{"href":"https:\/\/empak.ee\/en\/wp-json\/wp\/v2\/types\/product"}],"wp:featuredmedia":[{"embeddable":true,"href":"https:\/\/empak.ee\/en\/wp-json\/wp\/v2\/media\/5491"}],"wp:attachment":[{"href":"https:\/\/empak.ee\/en\/wp-json\/wp\/v2\/media?parent=6591"}],"wp:term":[{"taxonomy":"product_brand","embeddable":true,"href":"https:\/\/empak.ee\/en\/wp-json\/wp\/v2\/product_brand?post=6591"},{"taxonomy":"product_cat","embeddable":true,"href":"https:\/\/empak.ee\/en\/wp-json\/wp\/v2\/product_cat?post=6591"},{"taxonomy":"product_tag","embeddable":true,"href":"https:\/\/empak.ee\/en\/wp-json\/wp\/v2\/product_tag?post=6591"}],"curies":[{"name":"wp","href":"https:\/\/api.w.org\/{rel}","templated":true}]}}