{"id":6537,"date":"2023-01-20T10:33:33","date_gmt":"2023-01-20T08:33:33","guid":{"rendered":"https:\/\/empak.katingtest.eu\/?post_type=product&#038;p=6537"},"modified":"2023-06-19T10:14:40","modified_gmt":"2023-06-19T07:14:40","slug":"lotte-box","status":"publish","type":"product","link":"https:\/\/empak.ee\/en\/product\/lotte-box\/","title":{"rendered":"Lotte box"},"content":{"rendered":"<table class=\"table-auto w-full\">\n<tbody>\n<tr>\n<td class=\"border px-2 py-1 font-bold\">Material<\/td>\n<td class=\"border px-2 py-1\">solid wood, birch<\/td>\n<\/tr>\n<tr>\n<td class=\"border px-2 py-1 font-bold\">Width (cm)<\/td>\n<td class=\"border px-2 py-1\">35.0<\/td>\n<\/tr>\n<tr>\n<td class=\"border px-2 py-1 font-bold\">Height (cm)<\/td>\n<td class=\"border px-2 py-1\">40.0<\/td>\n<\/tr>\n<tr>\n<td class=\"border px-2 py-1 font-bold\">Depth (cm)<\/td>\n<td class=\"border px-2 py-1\">38.0<\/td>\n<\/tr>\n<\/tbody>\n<\/table>\n","protected":false},"excerpt":{"rendered":"<ul>\n<li>A nice Lotte themed toy box<\/li>\n<li>Made of birch plywood<\/li>\n<li>The pictures are printed on and covered with furniture varnish<\/li>\n<li>The colorful sides of the box are finished with Sadolin&#8217;s child-friendly colors<\/li>\n<li>The toy boxes can be stored on top of each other so that they do not fall over<\/li>\n<li>Made in Estonia<\/li>\n<\/ul>\n","protected":false},"featured_media":4497,"template":"","meta":{"_acf_changed":false},"product_brand":[],"product_cat":[64],"product_tag":[],"class_list":{"0":"post-6537","1":"product","2":"type-product","3":"status-publish","4":"has-post-thumbnail","6":"product_cat-pouffes","8":"first","9":"instock","10":"taxable","11":"shipping-taxable","12":"purchasable","13":"product-type-variable"},"acf":[],"yoast_head":"<!-- This site is optimized with the Yoast SEO plugin v27.4 - https:\/\/yoast.com\/product\/yoast-seo-wordpress\/ -->\n<title>Lotte box - V\u00f5ru Empak<\/title>\n<meta name=\"robots\" content=\"index, follow, max-snippet:-1, max-image-preview:large, max-video-preview:-1\" \/>\n<link rel=\"canonical\" href=\"https:\/\/empak.ee\/en\/product\/lotte-box\/\" \/>\n<meta property=\"og:locale\" content=\"en_US\" \/>\n<meta property=\"og:type\" content=\"article\" \/>\n<meta property=\"og:title\" content=\"Lotte box - V\u00f5ru Empak\" \/>\n<meta property=\"og:description\" content=\"A nice Lotte themed toy box  Made of birch plywood  The pictures are printed on and covered with furniture varnish  The colorful sides of the box are finished with Sadolin&#039;s child-friendly colors  The toy boxes can be stored on top of each other so that they do not fall over  Made in Estonia\" \/>\n<meta property=\"og:url\" content=\"https:\/\/empak.ee\/en\/product\/lotte-box\/\" \/>\n<meta property=\"og:site_name\" content=\"V\u00f5ru Empak\" \/>\n<meta property=\"article:publisher\" content=\"https:\/\/www.facebook.com\/voruempak\" \/>\n<meta property=\"article:modified_time\" content=\"2023-06-19T07:14:40+00:00\" \/>\n<meta property=\"og:image\" content=\"https:\/\/empak.ee\/wp-content\/uploads\/2023\/01\/lotte-kastid-07.jpg\" \/>\n\t<meta property=\"og:image:width\" content=\"900\" \/>\n\t<meta property=\"og:image:height\" content=\"600\" \/>\n\t<meta property=\"og:image:type\" content=\"image\/jpeg\" \/>\n<meta name=\"twitter:card\" content=\"summary_large_image\" \/>\n<script type=\"application\/ld+json\" class=\"yoast-schema-graph\">{\"@context\":\"https:\\\/\\\/schema.org\",\"@graph\":[{\"@type\":\"WebPage\",\"@id\":\"https:\\\/\\\/empak.ee\\\/en\\\/product\\\/lotte-box\\\/\",\"url\":\"https:\\\/\\\/empak.ee\\\/en\\\/product\\\/lotte-box\\\/\",\"name\":\"Lotte box - V\u00f5ru Empak\",\"isPartOf\":{\"@id\":\"https:\\\/\\\/empak.ee\\\/en\\\/#website\"},\"primaryImageOfPage\":{\"@id\":\"https:\\\/\\\/empak.ee\\\/en\\\/product\\\/lotte-box\\\/#primaryimage\"},\"image\":{\"@id\":\"https:\\\/\\\/empak.ee\\\/en\\\/product\\\/lotte-box\\\/#primaryimage\"},\"thumbnailUrl\":\"https:\\\/\\\/empak.ee\\\/wp-content\\\/uploads\\\/2023\\\/01\\\/lotte-kastid-07.jpg\",\"datePublished\":\"2023-01-20T08:33:33+00:00\",\"dateModified\":\"2023-06-19T07:14:40+00:00\",\"breadcrumb\":{\"@id\":\"https:\\\/\\\/empak.ee\\\/en\\\/product\\\/lotte-box\\\/#breadcrumb\"},\"inLanguage\":\"en-US\",\"potentialAction\":[{\"@type\":\"ReadAction\",\"target\":[\"https:\\\/\\\/empak.ee\\\/en\\\/product\\\/lotte-box\\\/\"]}]},{\"@type\":\"ImageObject\",\"inLanguage\":\"en-US\",\"@id\":\"https:\\\/\\\/empak.ee\\\/en\\\/product\\\/lotte-box\\\/#primaryimage\",\"url\":\"https:\\\/\\\/empak.ee\\\/wp-content\\\/uploads\\\/2023\\\/01\\\/lotte-kastid-07.jpg\",\"contentUrl\":\"https:\\\/\\\/empak.ee\\\/wp-content\\\/uploads\\\/2023\\\/01\\\/lotte-kastid-07.jpg\",\"width\":900,\"height\":600},{\"@type\":\"BreadcrumbList\",\"@id\":\"https:\\\/\\\/empak.ee\\\/en\\\/product\\\/lotte-box\\\/#breadcrumb\",\"itemListElement\":[{\"@type\":\"ListItem\",\"position\":1,\"name\":\"Home\",\"item\":\"https:\\\/\\\/empak.ee\\\/en\\\/\"},{\"@type\":\"ListItem\",\"position\":2,\"name\":\"Shop\",\"item\":\"https:\\\/\\\/empak.ee\\\/en\\\/shop\\\/\"},{\"@type\":\"ListItem\",\"position\":3,\"name\":\"Lotte box\"}]},{\"@type\":\"WebSite\",\"@id\":\"https:\\\/\\\/empak.ee\\\/en\\\/#website\",\"url\":\"https:\\\/\\\/empak.ee\\\/en\\\/\",\"name\":\"V\u00f5ru Empak\",\"description\":\"Pehmem\u00f6\u00f6bli tootmine.\",\"publisher\":{\"@id\":\"https:\\\/\\\/empak.ee\\\/en\\\/#organization\"},\"potentialAction\":[{\"@type\":\"SearchAction\",\"target\":{\"@type\":\"EntryPoint\",\"urlTemplate\":\"https:\\\/\\\/empak.ee\\\/en\\\/?s={search_term_string}\"},\"query-input\":{\"@type\":\"PropertyValueSpecification\",\"valueRequired\":true,\"valueName\":\"search_term_string\"}}],\"inLanguage\":\"en-US\"},{\"@type\":\"Organization\",\"@id\":\"https:\\\/\\\/empak.ee\\\/en\\\/#organization\",\"name\":\"V\u00f5ru Empak\",\"url\":\"https:\\\/\\\/empak.ee\\\/en\\\/\",\"logo\":{\"@type\":\"ImageObject\",\"inLanguage\":\"en-US\",\"@id\":\"https:\\\/\\\/empak.ee\\\/en\\\/#\\\/schema\\\/logo\\\/image\\\/\",\"url\":\"https:\\\/\\\/empak.ee\\\/wp-content\\\/uploads\\\/2023\\\/07\\\/empak-logo-230728.jpg\",\"contentUrl\":\"https:\\\/\\\/empak.ee\\\/wp-content\\\/uploads\\\/2023\\\/07\\\/empak-logo-230728.jpg\",\"width\":800,\"height\":500,\"caption\":\"V\u00f5ru Empak\"},\"image\":{\"@id\":\"https:\\\/\\\/empak.ee\\\/en\\\/#\\\/schema\\\/logo\\\/image\\\/\"},\"sameAs\":[\"https:\\\/\\\/www.facebook.com\\\/voruempak\"]}]}<\/script>\n<!-- \/ Yoast SEO plugin. -->","yoast_head_json":{"title":"Lotte box - V\u00f5ru Empak","robots":{"index":"index","follow":"follow","max-snippet":"max-snippet:-1","max-image-preview":"max-image-preview:large","max-video-preview":"max-video-preview:-1"},"canonical":"https:\/\/empak.ee\/en\/product\/lotte-box\/","og_locale":"en_US","og_type":"article","og_title":"Lotte box - V\u00f5ru Empak","og_description":"A nice Lotte themed toy box  Made of birch plywood  The pictures are printed on and covered with furniture varnish  The colorful sides of the box are finished with Sadolin's child-friendly colors  The toy boxes can be stored on top of each other so that they do not fall over  Made in Estonia","og_url":"https:\/\/empak.ee\/en\/product\/lotte-box\/","og_site_name":"V\u00f5ru Empak","article_publisher":"https:\/\/www.facebook.com\/voruempak","article_modified_time":"2023-06-19T07:14:40+00:00","og_image":[{"width":900,"height":600,"url":"https:\/\/empak.ee\/wp-content\/uploads\/2023\/01\/lotte-kastid-07.jpg","type":"image\/jpeg"}],"twitter_card":"summary_large_image","schema":{"@context":"https:\/\/schema.org","@graph":[{"@type":"WebPage","@id":"https:\/\/empak.ee\/en\/product\/lotte-box\/","url":"https:\/\/empak.ee\/en\/product\/lotte-box\/","name":"Lotte box - V\u00f5ru Empak","isPartOf":{"@id":"https:\/\/empak.ee\/en\/#website"},"primaryImageOfPage":{"@id":"https:\/\/empak.ee\/en\/product\/lotte-box\/#primaryimage"},"image":{"@id":"https:\/\/empak.ee\/en\/product\/lotte-box\/#primaryimage"},"thumbnailUrl":"https:\/\/empak.ee\/wp-content\/uploads\/2023\/01\/lotte-kastid-07.jpg","datePublished":"2023-01-20T08:33:33+00:00","dateModified":"2023-06-19T07:14:40+00:00","breadcrumb":{"@id":"https:\/\/empak.ee\/en\/product\/lotte-box\/#breadcrumb"},"inLanguage":"en-US","potentialAction":[{"@type":"ReadAction","target":["https:\/\/empak.ee\/en\/product\/lotte-box\/"]}]},{"@type":"ImageObject","inLanguage":"en-US","@id":"https:\/\/empak.ee\/en\/product\/lotte-box\/#primaryimage","url":"https:\/\/empak.ee\/wp-content\/uploads\/2023\/01\/lotte-kastid-07.jpg","contentUrl":"https:\/\/empak.ee\/wp-content\/uploads\/2023\/01\/lotte-kastid-07.jpg","width":900,"height":600},{"@type":"BreadcrumbList","@id":"https:\/\/empak.ee\/en\/product\/lotte-box\/#breadcrumb","itemListElement":[{"@type":"ListItem","position":1,"name":"Home","item":"https:\/\/empak.ee\/en\/"},{"@type":"ListItem","position":2,"name":"Shop","item":"https:\/\/empak.ee\/en\/shop\/"},{"@type":"ListItem","position":3,"name":"Lotte box"}]},{"@type":"WebSite","@id":"https:\/\/empak.ee\/en\/#website","url":"https:\/\/empak.ee\/en\/","name":"V\u00f5ru Empak","description":"Pehmem\u00f6\u00f6bli tootmine.","publisher":{"@id":"https:\/\/empak.ee\/en\/#organization"},"potentialAction":[{"@type":"SearchAction","target":{"@type":"EntryPoint","urlTemplate":"https:\/\/empak.ee\/en\/?s={search_term_string}"},"query-input":{"@type":"PropertyValueSpecification","valueRequired":true,"valueName":"search_term_string"}}],"inLanguage":"en-US"},{"@type":"Organization","@id":"https:\/\/empak.ee\/en\/#organization","name":"V\u00f5ru Empak","url":"https:\/\/empak.ee\/en\/","logo":{"@type":"ImageObject","inLanguage":"en-US","@id":"https:\/\/empak.ee\/en\/#\/schema\/logo\/image\/","url":"https:\/\/empak.ee\/wp-content\/uploads\/2023\/07\/empak-logo-230728.jpg","contentUrl":"https:\/\/empak.ee\/wp-content\/uploads\/2023\/07\/empak-logo-230728.jpg","width":800,"height":500,"caption":"V\u00f5ru Empak"},"image":{"@id":"https:\/\/empak.ee\/en\/#\/schema\/logo\/image\/"},"sameAs":["https:\/\/www.facebook.com\/voruempak"]}]}},"_links":{"self":[{"href":"https:\/\/empak.ee\/en\/wp-json\/wp\/v2\/product\/6537","targetHints":{"allow":["GET"]}}],"collection":[{"href":"https:\/\/empak.ee\/en\/wp-json\/wp\/v2\/product"}],"about":[{"href":"https:\/\/empak.ee\/en\/wp-json\/wp\/v2\/types\/product"}],"wp:featuredmedia":[{"embeddable":true,"href":"https:\/\/empak.ee\/en\/wp-json\/wp\/v2\/media\/4497"}],"wp:attachment":[{"href":"https:\/\/empak.ee\/en\/wp-json\/wp\/v2\/media?parent=6537"}],"wp:term":[{"taxonomy":"product_brand","embeddable":true,"href":"https:\/\/empak.ee\/en\/wp-json\/wp\/v2\/product_brand?post=6537"},{"taxonomy":"product_cat","embeddable":true,"href":"https:\/\/empak.ee\/en\/wp-json\/wp\/v2\/product_cat?post=6537"},{"taxonomy":"product_tag","embeddable":true,"href":"https:\/\/empak.ee\/en\/wp-json\/wp\/v2\/product_tag?post=6537"}],"curies":[{"name":"wp","href":"https:\/\/api.w.org\/{rel}","templated":true}]}}