{"id":6487,"date":"2023-01-19T09:06:43","date_gmt":"2023-01-19T07:06:43","guid":{"rendered":"https:\/\/empak.katingtest.eu\/?post_type=product&#038;p=6487"},"modified":"2023-06-14T12:56:42","modified_gmt":"2023-06-14T09:56:42","slug":"otto-armchair-with-sheepskin-cover","status":"publish","type":"product","link":"https:\/\/empak.ee\/en\/product\/otto-armchair-with-sheepskin-cover\/","title":{"rendered":"Otto &#8211; Armchair with sheepskin cover"},"content":{"rendered":"<p><img loading=\"lazy\" decoding=\"async\" class=\"alignnone wp-image-1726\" src=\"https:\/\/empak.ee\/wp-content\/uploads\/2023\/01\/otto-tool-tumbaga-600x157.jpg\" alt=\"\" width=\"910\" height=\"238\" srcset=\"https:\/\/empak.ee\/wp-content\/uploads\/2023\/01\/otto-tool-tumbaga-600x157.jpg 600w, https:\/\/empak.ee\/wp-content\/uploads\/2023\/01\/otto-tool-tumbaga-300x79.jpg 300w, https:\/\/empak.ee\/wp-content\/uploads\/2023\/01\/otto-tool-tumbaga-1024x268.jpg 1024w, https:\/\/empak.ee\/wp-content\/uploads\/2023\/01\/otto-tool-tumbaga-768x201.jpg 768w, https:\/\/empak.ee\/wp-content\/uploads\/2023\/01\/otto-tool-tumbaga.jpg 1172w\" sizes=\"auto, (max-width: 910px) 100vw, 910px\" \/><\/p>\n<table class=\"table-auto w-full\">\n<tbody>\n<tr>\n<td class=\"border px-2 py-1 font-bold\">Material<\/td>\n<td class=\"border px-2 py-1\">fabric, sheepskin<\/td>\n<\/tr>\n<tr>\n<td class=\"border px-2 py-1 font-bold\">An additional feature of the furniture<\/td>\n<td class=\"border px-2 py-1\">headrest, armrests<\/td>\n<\/tr>\n<tr>\n<td class=\"border px-2 py-1 font-bold\">Width (cm)<\/td>\n<td class=\"border px-2 py-1\">73.0<\/td>\n<\/tr>\n<tr>\n<td class=\"border px-2 py-1 font-bold\">Height (cm)<\/td>\n<td class=\"border px-2 py-1\">100.0<\/td>\n<\/tr>\n<tr>\n<td class=\"border px-2 py-1 font-bold\">Depth (cm)<\/td>\n<td class=\"border px-2 py-1\">75.0<\/td>\n<\/tr>\n<tr>\n<td class=\"border px-2 py-1 font-bold\">Legs<\/td>\n<td class=\"border px-2 py-1\">wood<\/td>\n<\/tr>\n<\/tbody>\n<\/table>\n","protected":false},"excerpt":{"rendered":"<ul>\n<li>The frame of the products is made of domestic coniferous wood, in addition, birch plywood and fiberboard are used.<\/li>\n<li>The back, seat and armrests of the armchair are covered with natural sheepskin<\/li>\n<li>The upper part of the jacket is covered with natural sheepskin<\/li>\n<li>The sides and back of the armchair are covered with fabric in the same shade<\/li>\n<li>The sides of the skirt are covered with fabric in the same shade<\/li>\n<li>Zig-zag suspension is used in the seat<\/li>\n<li>The seat and backrest are made of foam, covered with soft wadding<\/li>\n<li>The color of the legs is selectable<\/li>\n<li>Made in Estonia<\/li>\n<li>The products are guaranteed for 2 years<\/li>\n<\/ul>\n","protected":false},"featured_media":4304,"template":"","meta":{"_acf_changed":false},"product_brand":[],"product_cat":[69,66,59],"product_tag":[],"class_list":{"0":"post-6487","1":"product","2":"type-product","3":"status-publish","4":"has-post-thumbnail","6":"product_cat-armchairs","7":"product_cat-sheepskin-product","8":"product_cat-puidust-jalad-en","10":"first","11":"instock","12":"taxable","13":"shipping-taxable","14":"purchasable","15":"product-type-simple"},"acf":[],"yoast_head":"<!-- This site is optimized with the Yoast SEO plugin v27.4 - https:\/\/yoast.com\/product\/yoast-seo-wordpress\/ -->\n<title>Otto - Armchair with sheepskin cover - V\u00f5ru Empak<\/title>\n<meta name=\"robots\" content=\"index, follow, max-snippet:-1, max-image-preview:large, max-video-preview:-1\" \/>\n<link rel=\"canonical\" href=\"https:\/\/empak.ee\/product\/lambanahast-tugitool-otto-tumbaga\/\" \/>\n<meta property=\"og:locale\" content=\"en_US\" \/>\n<meta property=\"og:type\" content=\"article\" \/>\n<meta property=\"og:title\" content=\"Otto - Armchair with sheepskin cover - V\u00f5ru Empak\" \/>\n<meta property=\"og:description\" content=\"The frame of the products is made of domestic coniferous wood, in addition, birch plywood and fiberboard are used.  The back, seat and armrests of the armchair are covered with natural sheepskin  The upper part of the jacket is covered with natural sheepskin  The sides and back of the armchair are covered with fabric in the same shade  The sides of the skirt are covered with fabric in the same shade  Zig-zag suspension is used in the seat  The seat and backrest are made of foam, covered with soft wadding  The color of the legs is selectable  Made in Estonia  The products are guaranteed for 2 years\" \/>\n<meta property=\"og:url\" content=\"https:\/\/empak.ee\/product\/lambanahast-tugitool-otto-tumbaga\/\" \/>\n<meta property=\"og:site_name\" content=\"V\u00f5ru Empak\" \/>\n<meta property=\"article:publisher\" content=\"https:\/\/www.facebook.com\/voruempak\" \/>\n<meta property=\"article:modified_time\" content=\"2023-06-14T09:56:42+00:00\" \/>\n<meta property=\"og:image\" content=\"https:\/\/empak.ee\/wp-content\/uploads\/2023\/01\/empak190307-0012-2.jpg\" \/>\n\t<meta property=\"og:image:width\" content=\"1920\" \/>\n\t<meta property=\"og:image:height\" content=\"1280\" \/>\n\t<meta property=\"og:image:type\" content=\"image\/jpeg\" \/>\n<meta name=\"twitter:card\" content=\"summary_large_image\" \/>\n<script type=\"application\/ld+json\" class=\"yoast-schema-graph\">{\"@context\":\"https:\\\/\\\/schema.org\",\"@graph\":[{\"@type\":\"WebPage\",\"@id\":\"https:\\\/\\\/empak.ee\\\/product\\\/lambanahast-tugitool-otto-tumbaga\\\/\",\"url\":\"https:\\\/\\\/empak.ee\\\/product\\\/lambanahast-tugitool-otto-tumbaga\\\/\",\"name\":\"Otto - Armchair with sheepskin cover - V\u00f5ru Empak\",\"isPartOf\":{\"@id\":\"https:\\\/\\\/empak.ee\\\/en\\\/#website\"},\"primaryImageOfPage\":{\"@id\":\"https:\\\/\\\/empak.ee\\\/product\\\/lambanahast-tugitool-otto-tumbaga\\\/#primaryimage\"},\"image\":{\"@id\":\"https:\\\/\\\/empak.ee\\\/product\\\/lambanahast-tugitool-otto-tumbaga\\\/#primaryimage\"},\"thumbnailUrl\":\"https:\\\/\\\/empak.ee\\\/wp-content\\\/uploads\\\/2023\\\/01\\\/empak190307-0012-2.jpg\",\"datePublished\":\"2023-01-19T07:06:43+00:00\",\"dateModified\":\"2023-06-14T09:56:42+00:00\",\"breadcrumb\":{\"@id\":\"https:\\\/\\\/empak.ee\\\/product\\\/lambanahast-tugitool-otto-tumbaga\\\/#breadcrumb\"},\"inLanguage\":\"en-US\",\"potentialAction\":[{\"@type\":\"ReadAction\",\"target\":[\"https:\\\/\\\/empak.ee\\\/product\\\/lambanahast-tugitool-otto-tumbaga\\\/\"]}]},{\"@type\":\"ImageObject\",\"inLanguage\":\"en-US\",\"@id\":\"https:\\\/\\\/empak.ee\\\/product\\\/lambanahast-tugitool-otto-tumbaga\\\/#primaryimage\",\"url\":\"https:\\\/\\\/empak.ee\\\/wp-content\\\/uploads\\\/2023\\\/01\\\/empak190307-0012-2.jpg\",\"contentUrl\":\"https:\\\/\\\/empak.ee\\\/wp-content\\\/uploads\\\/2023\\\/01\\\/empak190307-0012-2.jpg\",\"width\":1920,\"height\":1280},{\"@type\":\"BreadcrumbList\",\"@id\":\"https:\\\/\\\/empak.ee\\\/product\\\/lambanahast-tugitool-otto-tumbaga\\\/#breadcrumb\",\"itemListElement\":[{\"@type\":\"ListItem\",\"position\":1,\"name\":\"Home\",\"item\":\"https:\\\/\\\/empak.ee\\\/en\\\/\"},{\"@type\":\"ListItem\",\"position\":2,\"name\":\"Shop\",\"item\":\"https:\\\/\\\/empak.ee\\\/en\\\/shop\\\/\"},{\"@type\":\"ListItem\",\"position\":3,\"name\":\"Otto &#8211; Armchair with sheepskin cover\"}]},{\"@type\":\"WebSite\",\"@id\":\"https:\\\/\\\/empak.ee\\\/en\\\/#website\",\"url\":\"https:\\\/\\\/empak.ee\\\/en\\\/\",\"name\":\"V\u00f5ru Empak\",\"description\":\"Pehmem\u00f6\u00f6bli tootmine.\",\"publisher\":{\"@id\":\"https:\\\/\\\/empak.ee\\\/en\\\/#organization\"},\"potentialAction\":[{\"@type\":\"SearchAction\",\"target\":{\"@type\":\"EntryPoint\",\"urlTemplate\":\"https:\\\/\\\/empak.ee\\\/en\\\/?s={search_term_string}\"},\"query-input\":{\"@type\":\"PropertyValueSpecification\",\"valueRequired\":true,\"valueName\":\"search_term_string\"}}],\"inLanguage\":\"en-US\"},{\"@type\":\"Organization\",\"@id\":\"https:\\\/\\\/empak.ee\\\/en\\\/#organization\",\"name\":\"V\u00f5ru Empak\",\"url\":\"https:\\\/\\\/empak.ee\\\/en\\\/\",\"logo\":{\"@type\":\"ImageObject\",\"inLanguage\":\"en-US\",\"@id\":\"https:\\\/\\\/empak.ee\\\/en\\\/#\\\/schema\\\/logo\\\/image\\\/\",\"url\":\"https:\\\/\\\/empak.ee\\\/wp-content\\\/uploads\\\/2023\\\/07\\\/empak-logo-230728.jpg\",\"contentUrl\":\"https:\\\/\\\/empak.ee\\\/wp-content\\\/uploads\\\/2023\\\/07\\\/empak-logo-230728.jpg\",\"width\":800,\"height\":500,\"caption\":\"V\u00f5ru Empak\"},\"image\":{\"@id\":\"https:\\\/\\\/empak.ee\\\/en\\\/#\\\/schema\\\/logo\\\/image\\\/\"},\"sameAs\":[\"https:\\\/\\\/www.facebook.com\\\/voruempak\"]}]}<\/script>\n<!-- \/ Yoast SEO plugin. -->","yoast_head_json":{"title":"Otto - Armchair with sheepskin cover - V\u00f5ru Empak","robots":{"index":"index","follow":"follow","max-snippet":"max-snippet:-1","max-image-preview":"max-image-preview:large","max-video-preview":"max-video-preview:-1"},"canonical":"https:\/\/empak.ee\/product\/lambanahast-tugitool-otto-tumbaga\/","og_locale":"en_US","og_type":"article","og_title":"Otto - Armchair with sheepskin cover - V\u00f5ru Empak","og_description":"The frame of the products is made of domestic coniferous wood, in addition, birch plywood and fiberboard are used.  The back, seat and armrests of the armchair are covered with natural sheepskin  The upper part of the jacket is covered with natural sheepskin  The sides and back of the armchair are covered with fabric in the same shade  The sides of the skirt are covered with fabric in the same shade  Zig-zag suspension is used in the seat  The seat and backrest are made of foam, covered with soft wadding  The color of the legs is selectable  Made in Estonia  The products are guaranteed for 2 years","og_url":"https:\/\/empak.ee\/product\/lambanahast-tugitool-otto-tumbaga\/","og_site_name":"V\u00f5ru Empak","article_publisher":"https:\/\/www.facebook.com\/voruempak","article_modified_time":"2023-06-14T09:56:42+00:00","og_image":[{"width":1920,"height":1280,"url":"https:\/\/empak.ee\/wp-content\/uploads\/2023\/01\/empak190307-0012-2.jpg","type":"image\/jpeg"}],"twitter_card":"summary_large_image","schema":{"@context":"https:\/\/schema.org","@graph":[{"@type":"WebPage","@id":"https:\/\/empak.ee\/product\/lambanahast-tugitool-otto-tumbaga\/","url":"https:\/\/empak.ee\/product\/lambanahast-tugitool-otto-tumbaga\/","name":"Otto - Armchair with sheepskin cover - V\u00f5ru Empak","isPartOf":{"@id":"https:\/\/empak.ee\/en\/#website"},"primaryImageOfPage":{"@id":"https:\/\/empak.ee\/product\/lambanahast-tugitool-otto-tumbaga\/#primaryimage"},"image":{"@id":"https:\/\/empak.ee\/product\/lambanahast-tugitool-otto-tumbaga\/#primaryimage"},"thumbnailUrl":"https:\/\/empak.ee\/wp-content\/uploads\/2023\/01\/empak190307-0012-2.jpg","datePublished":"2023-01-19T07:06:43+00:00","dateModified":"2023-06-14T09:56:42+00:00","breadcrumb":{"@id":"https:\/\/empak.ee\/product\/lambanahast-tugitool-otto-tumbaga\/#breadcrumb"},"inLanguage":"en-US","potentialAction":[{"@type":"ReadAction","target":["https:\/\/empak.ee\/product\/lambanahast-tugitool-otto-tumbaga\/"]}]},{"@type":"ImageObject","inLanguage":"en-US","@id":"https:\/\/empak.ee\/product\/lambanahast-tugitool-otto-tumbaga\/#primaryimage","url":"https:\/\/empak.ee\/wp-content\/uploads\/2023\/01\/empak190307-0012-2.jpg","contentUrl":"https:\/\/empak.ee\/wp-content\/uploads\/2023\/01\/empak190307-0012-2.jpg","width":1920,"height":1280},{"@type":"BreadcrumbList","@id":"https:\/\/empak.ee\/product\/lambanahast-tugitool-otto-tumbaga\/#breadcrumb","itemListElement":[{"@type":"ListItem","position":1,"name":"Home","item":"https:\/\/empak.ee\/en\/"},{"@type":"ListItem","position":2,"name":"Shop","item":"https:\/\/empak.ee\/en\/shop\/"},{"@type":"ListItem","position":3,"name":"Otto &#8211; Armchair with sheepskin cover"}]},{"@type":"WebSite","@id":"https:\/\/empak.ee\/en\/#website","url":"https:\/\/empak.ee\/en\/","name":"V\u00f5ru Empak","description":"Pehmem\u00f6\u00f6bli tootmine.","publisher":{"@id":"https:\/\/empak.ee\/en\/#organization"},"potentialAction":[{"@type":"SearchAction","target":{"@type":"EntryPoint","urlTemplate":"https:\/\/empak.ee\/en\/?s={search_term_string}"},"query-input":{"@type":"PropertyValueSpecification","valueRequired":true,"valueName":"search_term_string"}}],"inLanguage":"en-US"},{"@type":"Organization","@id":"https:\/\/empak.ee\/en\/#organization","name":"V\u00f5ru Empak","url":"https:\/\/empak.ee\/en\/","logo":{"@type":"ImageObject","inLanguage":"en-US","@id":"https:\/\/empak.ee\/en\/#\/schema\/logo\/image\/","url":"https:\/\/empak.ee\/wp-content\/uploads\/2023\/07\/empak-logo-230728.jpg","contentUrl":"https:\/\/empak.ee\/wp-content\/uploads\/2023\/07\/empak-logo-230728.jpg","width":800,"height":500,"caption":"V\u00f5ru Empak"},"image":{"@id":"https:\/\/empak.ee\/en\/#\/schema\/logo\/image\/"},"sameAs":["https:\/\/www.facebook.com\/voruempak"]}]}},"_links":{"self":[{"href":"https:\/\/empak.ee\/en\/wp-json\/wp\/v2\/product\/6487","targetHints":{"allow":["GET"]}}],"collection":[{"href":"https:\/\/empak.ee\/en\/wp-json\/wp\/v2\/product"}],"about":[{"href":"https:\/\/empak.ee\/en\/wp-json\/wp\/v2\/types\/product"}],"wp:featuredmedia":[{"embeddable":true,"href":"https:\/\/empak.ee\/en\/wp-json\/wp\/v2\/media\/4304"}],"wp:attachment":[{"href":"https:\/\/empak.ee\/en\/wp-json\/wp\/v2\/media?parent=6487"}],"wp:term":[{"taxonomy":"product_brand","embeddable":true,"href":"https:\/\/empak.ee\/en\/wp-json\/wp\/v2\/product_brand?post=6487"},{"taxonomy":"product_cat","embeddable":true,"href":"https:\/\/empak.ee\/en\/wp-json\/wp\/v2\/product_cat?post=6487"},{"taxonomy":"product_tag","embeddable":true,"href":"https:\/\/empak.ee\/en\/wp-json\/wp\/v2\/product_tag?post=6487"}],"curies":[{"name":"wp","href":"https:\/\/api.w.org\/{rel}","templated":true}]}}