{"id":6469,"date":"2023-05-02T09:50:22","date_gmt":"2023-05-02T06:50:22","guid":{"rendered":"https:\/\/empak.katingtest.eu\/?post_type=product&#038;p=6469"},"modified":"2023-06-14T11:55:33","modified_gmt":"2023-06-14T08:55:33","slug":"renate-xxl-2-corner-sofa-beds-with-laundry-boxes","status":"publish","type":"product","link":"https:\/\/empak.ee\/en\/product\/renate-xxl-2-corner-sofa-beds-with-laundry-boxes\/","title":{"rendered":"Renate XXL &#8211; 2 corner sofa beds with laundry boxes"},"content":{"rendered":"<table class=\"table-auto w-full\">\n<tbody>\n<tr>\n<td class=\"border px-2 py-1 font-bold\">Material<\/td>\n<td class=\"border px-2 py-1\">fabric<\/td>\n<\/tr>\n<tr>\n<td class=\"border px-2 py-1 font-bold\">An additional feature of the furniture<\/td>\n<td class=\"border px-2 py-1\">corner<\/td>\n<\/tr>\n<tr>\n<td class=\"border px-2 py-1 font-bold\">Shape<\/td>\n<td class=\"border px-2 py-1\">U-shaped<\/td>\n<\/tr>\n<tr>\n<td class=\"border px-2 py-1 font-bold\">Width (cm)<\/td>\n<td class=\"border px-2 py-1\">310.0<\/td>\n<\/tr>\n<tr>\n<td class=\"border px-2 py-1 font-bold\">Height (cm)<\/td>\n<td class=\"border px-2 py-1\">88.0<\/td>\n<\/tr>\n<tr>\n<td class=\"border px-2 py-1 font-bold\">Depth (cm)<\/td>\n<td class=\"border px-2 py-1\">165.0<\/td>\n<\/tr>\n<tr>\n<td class=\"border px-2 py-1 font-bold\">Legs<\/td>\n<td class=\"border px-2 py-1\">wood<\/td>\n<\/tr>\n<tr>\n<td class=\"border px-2 py-1 font-bold\">Corner placement<\/td>\n<td class=\"border px-2 py-1\">right corner<\/td>\n<\/tr>\n<tr>\n<td class=\"border px-2 py-1 font-bold\">Sleeping function<\/td>\n<td class=\"border px-2 py-1\">Yes<\/td>\n<\/tr>\n<\/tbody>\n<\/table>\n","protected":false},"excerpt":{"rendered":"<ul>\n<li>The frame of the product is made of domestic softwood, and birch plywood and fiberboard are also used<\/li>\n<li>The inner sides of the product&#8217;s seat and armrests are covered with fabric<\/li>\n<li>The outer sides of the armrests, the front panel and the back wall are covered with fabric<\/li>\n<li>Zig-zag suspension is used in the seat<\/li>\n<li>The seat and backrest are made of foam, covered with cotton<\/li>\n<li>The back of the product is finished, can be placed in the middle of the room<\/li>\n<li>The corner sofa bed has a pull-out bed mechanism and a large laundry box<\/li>\n<li>The dimensions of the sleeping area are 310&#215;140 cm<\/li>\n<li>For daily use of the sleeping area, we recommend using a mattress topper<\/li>\n<li>The color of the legs is selectable<\/li>\n<li>Turned wooden legs with a height of 11.5 cm<\/li>\n<li>Made in Estonia<\/li>\n<li>The product warranty is 2 years<\/li>\n<\/ul>\n","protected":false},"featured_media":5944,"template":"","meta":{"_acf_changed":false},"product_brand":[],"product_cat":[57,94,70,58,72,59],"product_tag":[],"class_list":{"0":"post-6469","1":"product","2":"type-product","3":"status-publish","4":"has-post-thumbnail","6":"product_cat-kangaga-seljapadi-en","7":"product_cat-corner-sofa-beds","8":"product_cat-corner-sofas","9":"product_cat-kangaga-toode-en","10":"product_cat-sofas","11":"product_cat-puidust-jalad-en","13":"first","14":"instock","15":"taxable","16":"shipping-taxable","17":"purchasable","18":"product-type-variable"},"acf":[],"yoast_head":"<!-- This site is optimized with the Yoast SEO plugin v27.4 - https:\/\/yoast.com\/product\/yoast-seo-wordpress\/ -->\n<title>Renate XXL - 2 corner sofa beds with laundry boxes - V\u00f5ru Empak<\/title>\n<meta name=\"robots\" content=\"index, follow, max-snippet:-1, max-image-preview:large, max-video-preview:-1\" \/>\n<link rel=\"canonical\" href=\"https:\/\/empak.ee\/en\/product\/renate-xxl-2-corner-sofa-beds-with-laundry-boxes\/\" \/>\n<meta property=\"og:locale\" content=\"en_US\" \/>\n<meta property=\"og:type\" content=\"article\" \/>\n<meta property=\"og:title\" content=\"Renate XXL - 2 corner sofa beds with laundry boxes - V\u00f5ru Empak\" \/>\n<meta property=\"og:description\" content=\"The frame of the product is made of domestic softwood, and birch plywood and fiberboard are also used  The inner sides of the product&#039;s seat and armrests are covered with fabric  The outer sides of the armrests, the front panel and the back wall are covered with fabric  Zig-zag suspension is used in the seat  The seat and backrest are made of foam, covered with cotton  The back of the product is finished, can be placed in the middle of the room  The corner sofa bed has a pull-out bed mechanism and a large laundry box  The dimensions of the sleeping area are 310x140 cm  For daily use of the sleeping area, we recommend using a mattress topper  The color of the legs is selectable  Turned wooden legs with a height of 11.5 cm  Made in Estonia  The product warranty is 2 years\" \/>\n<meta property=\"og:url\" content=\"https:\/\/empak.ee\/en\/product\/renate-xxl-2-corner-sofa-beds-with-laundry-boxes\/\" \/>\n<meta property=\"og:site_name\" content=\"V\u00f5ru Empak\" \/>\n<meta property=\"article:publisher\" content=\"https:\/\/www.facebook.com\/voruempak\" \/>\n<meta property=\"article:modified_time\" content=\"2023-06-14T08:55:33+00:00\" \/>\n<meta property=\"og:image\" content=\"https:\/\/empak.ee\/wp-content\/uploads\/2023\/05\/empak-230329-001-1.jpeg\" \/>\n\t<meta property=\"og:image:width\" content=\"1920\" \/>\n\t<meta property=\"og:image:height\" content=\"774\" \/>\n\t<meta property=\"og:image:type\" content=\"image\/jpeg\" \/>\n<meta name=\"twitter:card\" content=\"summary_large_image\" \/>\n<script type=\"application\/ld+json\" class=\"yoast-schema-graph\">{\"@context\":\"https:\\\/\\\/schema.org\",\"@graph\":[{\"@type\":\"WebPage\",\"@id\":\"https:\\\/\\\/empak.ee\\\/en\\\/product\\\/renate-xxl-2-corner-sofa-beds-with-laundry-boxes\\\/\",\"url\":\"https:\\\/\\\/empak.ee\\\/en\\\/product\\\/renate-xxl-2-corner-sofa-beds-with-laundry-boxes\\\/\",\"name\":\"Renate XXL - 2 corner sofa beds with laundry boxes - V\u00f5ru Empak\",\"isPartOf\":{\"@id\":\"https:\\\/\\\/empak.ee\\\/en\\\/#website\"},\"primaryImageOfPage\":{\"@id\":\"https:\\\/\\\/empak.ee\\\/en\\\/product\\\/renate-xxl-2-corner-sofa-beds-with-laundry-boxes\\\/#primaryimage\"},\"image\":{\"@id\":\"https:\\\/\\\/empak.ee\\\/en\\\/product\\\/renate-xxl-2-corner-sofa-beds-with-laundry-boxes\\\/#primaryimage\"},\"thumbnailUrl\":\"https:\\\/\\\/empak.ee\\\/wp-content\\\/uploads\\\/2023\\\/05\\\/empak-230329-001-1.jpeg\",\"datePublished\":\"2023-05-02T06:50:22+00:00\",\"dateModified\":\"2023-06-14T08:55:33+00:00\",\"breadcrumb\":{\"@id\":\"https:\\\/\\\/empak.ee\\\/en\\\/product\\\/renate-xxl-2-corner-sofa-beds-with-laundry-boxes\\\/#breadcrumb\"},\"inLanguage\":\"en-US\",\"potentialAction\":[{\"@type\":\"ReadAction\",\"target\":[\"https:\\\/\\\/empak.ee\\\/en\\\/product\\\/renate-xxl-2-corner-sofa-beds-with-laundry-boxes\\\/\"]}]},{\"@type\":\"ImageObject\",\"inLanguage\":\"en-US\",\"@id\":\"https:\\\/\\\/empak.ee\\\/en\\\/product\\\/renate-xxl-2-corner-sofa-beds-with-laundry-boxes\\\/#primaryimage\",\"url\":\"https:\\\/\\\/empak.ee\\\/wp-content\\\/uploads\\\/2023\\\/05\\\/empak-230329-001-1.jpeg\",\"contentUrl\":\"https:\\\/\\\/empak.ee\\\/wp-content\\\/uploads\\\/2023\\\/05\\\/empak-230329-001-1.jpeg\",\"width\":1920,\"height\":774},{\"@type\":\"BreadcrumbList\",\"@id\":\"https:\\\/\\\/empak.ee\\\/en\\\/product\\\/renate-xxl-2-corner-sofa-beds-with-laundry-boxes\\\/#breadcrumb\",\"itemListElement\":[{\"@type\":\"ListItem\",\"position\":1,\"name\":\"Home\",\"item\":\"https:\\\/\\\/empak.ee\\\/en\\\/\"},{\"@type\":\"ListItem\",\"position\":2,\"name\":\"Shop\",\"item\":\"https:\\\/\\\/empak.ee\\\/en\\\/shop\\\/\"},{\"@type\":\"ListItem\",\"position\":3,\"name\":\"Renate XXL &#8211; 2 corner sofa beds with laundry boxes\"}]},{\"@type\":\"WebSite\",\"@id\":\"https:\\\/\\\/empak.ee\\\/en\\\/#website\",\"url\":\"https:\\\/\\\/empak.ee\\\/en\\\/\",\"name\":\"V\u00f5ru Empak\",\"description\":\"Pehmem\u00f6\u00f6bli tootmine.\",\"publisher\":{\"@id\":\"https:\\\/\\\/empak.ee\\\/en\\\/#organization\"},\"potentialAction\":[{\"@type\":\"SearchAction\",\"target\":{\"@type\":\"EntryPoint\",\"urlTemplate\":\"https:\\\/\\\/empak.ee\\\/en\\\/?s={search_term_string}\"},\"query-input\":{\"@type\":\"PropertyValueSpecification\",\"valueRequired\":true,\"valueName\":\"search_term_string\"}}],\"inLanguage\":\"en-US\"},{\"@type\":\"Organization\",\"@id\":\"https:\\\/\\\/empak.ee\\\/en\\\/#organization\",\"name\":\"V\u00f5ru Empak\",\"url\":\"https:\\\/\\\/empak.ee\\\/en\\\/\",\"logo\":{\"@type\":\"ImageObject\",\"inLanguage\":\"en-US\",\"@id\":\"https:\\\/\\\/empak.ee\\\/en\\\/#\\\/schema\\\/logo\\\/image\\\/\",\"url\":\"https:\\\/\\\/empak.ee\\\/wp-content\\\/uploads\\\/2023\\\/07\\\/empak-logo-230728.jpg\",\"contentUrl\":\"https:\\\/\\\/empak.ee\\\/wp-content\\\/uploads\\\/2023\\\/07\\\/empak-logo-230728.jpg\",\"width\":800,\"height\":500,\"caption\":\"V\u00f5ru Empak\"},\"image\":{\"@id\":\"https:\\\/\\\/empak.ee\\\/en\\\/#\\\/schema\\\/logo\\\/image\\\/\"},\"sameAs\":[\"https:\\\/\\\/www.facebook.com\\\/voruempak\"]}]}<\/script>\n<!-- \/ Yoast SEO plugin. -->","yoast_head_json":{"title":"Renate XXL - 2 corner sofa beds with laundry boxes - V\u00f5ru Empak","robots":{"index":"index","follow":"follow","max-snippet":"max-snippet:-1","max-image-preview":"max-image-preview:large","max-video-preview":"max-video-preview:-1"},"canonical":"https:\/\/empak.ee\/en\/product\/renate-xxl-2-corner-sofa-beds-with-laundry-boxes\/","og_locale":"en_US","og_type":"article","og_title":"Renate XXL - 2 corner sofa beds with laundry boxes - V\u00f5ru Empak","og_description":"The frame of the product is made of domestic softwood, and birch plywood and fiberboard are also used  The inner sides of the product's seat and armrests are covered with fabric  The outer sides of the armrests, the front panel and the back wall are covered with fabric  Zig-zag suspension is used in the seat  The seat and backrest are made of foam, covered with cotton  The back of the product is finished, can be placed in the middle of the room  The corner sofa bed has a pull-out bed mechanism and a large laundry box  The dimensions of the sleeping area are 310x140 cm  For daily use of the sleeping area, we recommend using a mattress topper  The color of the legs is selectable  Turned wooden legs with a height of 11.5 cm  Made in Estonia  The product warranty is 2 years","og_url":"https:\/\/empak.ee\/en\/product\/renate-xxl-2-corner-sofa-beds-with-laundry-boxes\/","og_site_name":"V\u00f5ru Empak","article_publisher":"https:\/\/www.facebook.com\/voruempak","article_modified_time":"2023-06-14T08:55:33+00:00","og_image":[{"width":1920,"height":774,"url":"https:\/\/empak.ee\/wp-content\/uploads\/2023\/05\/empak-230329-001-1.jpeg","type":"image\/jpeg"}],"twitter_card":"summary_large_image","schema":{"@context":"https:\/\/schema.org","@graph":[{"@type":"WebPage","@id":"https:\/\/empak.ee\/en\/product\/renate-xxl-2-corner-sofa-beds-with-laundry-boxes\/","url":"https:\/\/empak.ee\/en\/product\/renate-xxl-2-corner-sofa-beds-with-laundry-boxes\/","name":"Renate XXL - 2 corner sofa beds with laundry boxes - V\u00f5ru Empak","isPartOf":{"@id":"https:\/\/empak.ee\/en\/#website"},"primaryImageOfPage":{"@id":"https:\/\/empak.ee\/en\/product\/renate-xxl-2-corner-sofa-beds-with-laundry-boxes\/#primaryimage"},"image":{"@id":"https:\/\/empak.ee\/en\/product\/renate-xxl-2-corner-sofa-beds-with-laundry-boxes\/#primaryimage"},"thumbnailUrl":"https:\/\/empak.ee\/wp-content\/uploads\/2023\/05\/empak-230329-001-1.jpeg","datePublished":"2023-05-02T06:50:22+00:00","dateModified":"2023-06-14T08:55:33+00:00","breadcrumb":{"@id":"https:\/\/empak.ee\/en\/product\/renate-xxl-2-corner-sofa-beds-with-laundry-boxes\/#breadcrumb"},"inLanguage":"en-US","potentialAction":[{"@type":"ReadAction","target":["https:\/\/empak.ee\/en\/product\/renate-xxl-2-corner-sofa-beds-with-laundry-boxes\/"]}]},{"@type":"ImageObject","inLanguage":"en-US","@id":"https:\/\/empak.ee\/en\/product\/renate-xxl-2-corner-sofa-beds-with-laundry-boxes\/#primaryimage","url":"https:\/\/empak.ee\/wp-content\/uploads\/2023\/05\/empak-230329-001-1.jpeg","contentUrl":"https:\/\/empak.ee\/wp-content\/uploads\/2023\/05\/empak-230329-001-1.jpeg","width":1920,"height":774},{"@type":"BreadcrumbList","@id":"https:\/\/empak.ee\/en\/product\/renate-xxl-2-corner-sofa-beds-with-laundry-boxes\/#breadcrumb","itemListElement":[{"@type":"ListItem","position":1,"name":"Home","item":"https:\/\/empak.ee\/en\/"},{"@type":"ListItem","position":2,"name":"Shop","item":"https:\/\/empak.ee\/en\/shop\/"},{"@type":"ListItem","position":3,"name":"Renate XXL &#8211; 2 corner sofa beds with laundry boxes"}]},{"@type":"WebSite","@id":"https:\/\/empak.ee\/en\/#website","url":"https:\/\/empak.ee\/en\/","name":"V\u00f5ru Empak","description":"Pehmem\u00f6\u00f6bli tootmine.","publisher":{"@id":"https:\/\/empak.ee\/en\/#organization"},"potentialAction":[{"@type":"SearchAction","target":{"@type":"EntryPoint","urlTemplate":"https:\/\/empak.ee\/en\/?s={search_term_string}"},"query-input":{"@type":"PropertyValueSpecification","valueRequired":true,"valueName":"search_term_string"}}],"inLanguage":"en-US"},{"@type":"Organization","@id":"https:\/\/empak.ee\/en\/#organization","name":"V\u00f5ru Empak","url":"https:\/\/empak.ee\/en\/","logo":{"@type":"ImageObject","inLanguage":"en-US","@id":"https:\/\/empak.ee\/en\/#\/schema\/logo\/image\/","url":"https:\/\/empak.ee\/wp-content\/uploads\/2023\/07\/empak-logo-230728.jpg","contentUrl":"https:\/\/empak.ee\/wp-content\/uploads\/2023\/07\/empak-logo-230728.jpg","width":800,"height":500,"caption":"V\u00f5ru Empak"},"image":{"@id":"https:\/\/empak.ee\/en\/#\/schema\/logo\/image\/"},"sameAs":["https:\/\/www.facebook.com\/voruempak"]}]}},"_links":{"self":[{"href":"https:\/\/empak.ee\/en\/wp-json\/wp\/v2\/product\/6469","targetHints":{"allow":["GET"]}}],"collection":[{"href":"https:\/\/empak.ee\/en\/wp-json\/wp\/v2\/product"}],"about":[{"href":"https:\/\/empak.ee\/en\/wp-json\/wp\/v2\/types\/product"}],"wp:featuredmedia":[{"embeddable":true,"href":"https:\/\/empak.ee\/en\/wp-json\/wp\/v2\/media\/5944"}],"wp:attachment":[{"href":"https:\/\/empak.ee\/en\/wp-json\/wp\/v2\/media?parent=6469"}],"wp:term":[{"taxonomy":"product_brand","embeddable":true,"href":"https:\/\/empak.ee\/en\/wp-json\/wp\/v2\/product_brand?post=6469"},{"taxonomy":"product_cat","embeddable":true,"href":"https:\/\/empak.ee\/en\/wp-json\/wp\/v2\/product_cat?post=6469"},{"taxonomy":"product_tag","embeddable":true,"href":"https:\/\/empak.ee\/en\/wp-json\/wp\/v2\/product_tag?post=6469"}],"curies":[{"name":"wp","href":"https:\/\/api.w.org\/{rel}","templated":true}]}}