{"id":6432,"date":"2023-04-06T10:13:33","date_gmt":"2023-04-06T07:13:33","guid":{"rendered":"https:\/\/empak.katingtest.eu\/?post_type=product&#038;p=6432"},"modified":"2023-06-13T14:21:09","modified_gmt":"2023-06-13T11:21:09","slug":"viola-sofa-bed-with-laundry-box","status":"publish","type":"product","link":"https:\/\/empak.ee\/en\/product\/viola-sofa-bed-with-laundry-box\/","title":{"rendered":"Viola &#8211; Sofa bed with laundry box"},"content":{"rendered":"<p><img loading=\"lazy\" decoding=\"async\" class=\"alignnone size-medium wp-image-2366\" src=\"https:\/\/empak.ee\/wp-content\/uploads\/2023\/04\/viola-moodud-600x147.jpg\" alt=\"\" width=\"600\" height=\"147\" srcset=\"https:\/\/empak.ee\/wp-content\/uploads\/2023\/04\/viola-moodud-600x147.jpg 600w, https:\/\/empak.ee\/wp-content\/uploads\/2023\/04\/viola-moodud-300x74.jpg 300w, https:\/\/empak.ee\/wp-content\/uploads\/2023\/04\/viola-moodud-1024x251.jpg 1024w, https:\/\/empak.ee\/wp-content\/uploads\/2023\/04\/viola-moodud-768x188.jpg 768w, https:\/\/empak.ee\/wp-content\/uploads\/2023\/04\/viola-moodud.jpg 1141w\" sizes=\"auto, (max-width: 600px) 100vw, 600px\" \/><\/p>\n<table class=\"table-auto w-full\">\n<tbody>\n<tr>\n<td class=\"border px-2 py-1 font-bold\">Material<\/td>\n<td class=\"border px-2 py-1\">fabric<\/td>\n<\/tr>\n<tr>\n<td class=\"border px-2 py-1 font-bold\">Number of seats<\/td>\n<td class=\"border px-2 py-1\">3<\/td>\n<\/tr>\n<tr>\n<td class=\"border px-2 py-1 font-bold\">Width (cm)<\/td>\n<td class=\"border px-2 py-1\">216.0<\/td>\n<\/tr>\n<tr>\n<td class=\"border px-2 py-1 font-bold\">Height (cm)<\/td>\n<td class=\"border px-2 py-1\">78.0<\/td>\n<\/tr>\n<tr>\n<td class=\"border px-2 py-1 font-bold\">Depth (cm)<\/td>\n<td class=\"border px-2 py-1\">95.0<\/td>\n<\/tr>\n<tr>\n<td class=\"border px-2 py-1 font-bold\">Legs<\/td>\n<td class=\"border px-2 py-1\">from wood<\/td>\n<\/tr>\n<tr>\n<td class=\"border px-2 py-1 font-bold\">Sleep function<\/td>\n<td class=\"border px-2 py-1\">Yes<\/td>\n<\/tr>\n<\/tbody>\n<\/table>\n","protected":false},"excerpt":{"rendered":"<ul>\n<li>The frame of the product is made of domestic coniferous wood, and birch plywood and fiberboard are also used<\/li>\n<li>The inner sides of the sofa&#8217;s seating and armrests are covered with fabric<\/li>\n<li>The outer sides of the armrests, the front panel and the back wall are covered with fabric<\/li>\n<li>Zig-zag suspension is used in the seat<\/li>\n<li>The seat is made of foam, the backrest cushions are filled with a foam mixture<\/li>\n<li>The back of the product is finished, can be placed in the middle of the room<\/li>\n<li>The sofa is foldable and has a laundry box<\/li>\n<li>The dimensions of the sleeping area are 190\u00d7138 cm<\/li>\n<li>For daily use of the sleeping area, we recommend using a mattress topper<\/li>\n<li>The color of the legs is selectable<\/li>\n<li>The height of the sofa&#8217;s legs is 16 cm, so it is suitable for a robot vacuum cleaner<\/li>\n<li>Made in Estonia<\/li>\n<li>The product warranty is 2 years<\/li>\n<\/ul>\n","protected":false},"featured_media":5215,"template":"","meta":{"_acf_changed":false},"product_brand":[],"product_cat":[71,57,58,93,72,59],"product_tag":[],"class_list":{"0":"post-6432","1":"product","2":"type-product","3":"status-publish","4":"has-post-thumbnail","6":"product_cat-3-seat-sofas","7":"product_cat-kangaga-seljapadi-en","8":"product_cat-kangaga-toode-en","9":"product_cat-sofa-beds","10":"product_cat-sofas","11":"product_cat-puidust-jalad-en","13":"first","14":"instock","15":"taxable","16":"shipping-taxable","17":"purchasable","18":"product-type-variable"},"acf":[],"yoast_head":"<!-- This site is optimized with the Yoast SEO plugin v27.3 - https:\/\/yoast.com\/product\/yoast-seo-wordpress\/ -->\n<title>Viola - Sofa bed with laundry box - V\u00f5ru Empak<\/title>\n<meta name=\"robots\" content=\"index, follow, max-snippet:-1, max-image-preview:large, max-video-preview:-1\" \/>\n<link rel=\"canonical\" href=\"https:\/\/empak.ee\/product\/viola-pesukastiga-diivanvoodi\/\" \/>\n<meta property=\"og:locale\" content=\"en_US\" \/>\n<meta property=\"og:type\" content=\"article\" \/>\n<meta property=\"og:title\" content=\"Viola - Sofa bed with laundry box - V\u00f5ru Empak\" \/>\n<meta property=\"og:description\" content=\"The frame of the product is made of domestic coniferous wood, and birch plywood and fiberboard are also used  The inner sides of the sofa&#039;s seating and armrests are covered with fabric  The outer sides of the armrests, the front panel and the back wall are covered with fabric  Zig-zag suspension is used in the seat  The seat is made of foam, the backrest cushions are filled with a foam mixture  The back of the product is finished, can be placed in the middle of the room  The sofa is foldable and has a laundry box  The dimensions of the sleeping area are 190\u00d7138 cm  For daily use of the sleeping area, we recommend using a mattress topper  The color of the legs is selectable  The height of the sofa&#039;s legs is 16 cm, so it is suitable for a robot vacuum cleaner  Made in Estonia  The product warranty is 2 years\" \/>\n<meta property=\"og:url\" content=\"https:\/\/empak.ee\/product\/viola-pesukastiga-diivanvoodi\/\" \/>\n<meta property=\"og:site_name\" content=\"V\u00f5ru Empak\" \/>\n<meta property=\"article:publisher\" content=\"https:\/\/www.facebook.com\/voruempak\" \/>\n<meta property=\"article:modified_time\" content=\"2023-06-13T11:21:09+00:00\" \/>\n<meta property=\"og:image\" content=\"https:\/\/empak.ee\/wp-content\/uploads\/2023\/04\/Viola-Hygge-96-5.jpg\" \/>\n\t<meta property=\"og:image:width\" content=\"1920\" \/>\n\t<meta property=\"og:image:height\" content=\"1024\" \/>\n\t<meta property=\"og:image:type\" content=\"image\/jpeg\" \/>\n<meta name=\"twitter:card\" content=\"summary_large_image\" \/>\n<script type=\"application\/ld+json\" class=\"yoast-schema-graph\">{\"@context\":\"https:\\\/\\\/schema.org\",\"@graph\":[{\"@type\":\"WebPage\",\"@id\":\"https:\\\/\\\/empak.ee\\\/product\\\/viola-pesukastiga-diivanvoodi\\\/\",\"url\":\"https:\\\/\\\/empak.ee\\\/product\\\/viola-pesukastiga-diivanvoodi\\\/\",\"name\":\"Viola - Sofa bed with laundry box - V\u00f5ru Empak\",\"isPartOf\":{\"@id\":\"https:\\\/\\\/empak.ee\\\/en\\\/#website\"},\"primaryImageOfPage\":{\"@id\":\"https:\\\/\\\/empak.ee\\\/product\\\/viola-pesukastiga-diivanvoodi\\\/#primaryimage\"},\"image\":{\"@id\":\"https:\\\/\\\/empak.ee\\\/product\\\/viola-pesukastiga-diivanvoodi\\\/#primaryimage\"},\"thumbnailUrl\":\"https:\\\/\\\/empak.ee\\\/wp-content\\\/uploads\\\/2023\\\/04\\\/Viola-Hygge-96-5.jpg\",\"datePublished\":\"2023-04-06T07:13:33+00:00\",\"dateModified\":\"2023-06-13T11:21:09+00:00\",\"breadcrumb\":{\"@id\":\"https:\\\/\\\/empak.ee\\\/product\\\/viola-pesukastiga-diivanvoodi\\\/#breadcrumb\"},\"inLanguage\":\"en-US\",\"potentialAction\":[{\"@type\":\"ReadAction\",\"target\":[\"https:\\\/\\\/empak.ee\\\/product\\\/viola-pesukastiga-diivanvoodi\\\/\"]}]},{\"@type\":\"ImageObject\",\"inLanguage\":\"en-US\",\"@id\":\"https:\\\/\\\/empak.ee\\\/product\\\/viola-pesukastiga-diivanvoodi\\\/#primaryimage\",\"url\":\"https:\\\/\\\/empak.ee\\\/wp-content\\\/uploads\\\/2023\\\/04\\\/Viola-Hygge-96-5.jpg\",\"contentUrl\":\"https:\\\/\\\/empak.ee\\\/wp-content\\\/uploads\\\/2023\\\/04\\\/Viola-Hygge-96-5.jpg\",\"width\":1920,\"height\":1024},{\"@type\":\"BreadcrumbList\",\"@id\":\"https:\\\/\\\/empak.ee\\\/product\\\/viola-pesukastiga-diivanvoodi\\\/#breadcrumb\",\"itemListElement\":[{\"@type\":\"ListItem\",\"position\":1,\"name\":\"Home\",\"item\":\"https:\\\/\\\/empak.ee\\\/en\\\/\"},{\"@type\":\"ListItem\",\"position\":2,\"name\":\"Shop\",\"item\":\"https:\\\/\\\/empak.ee\\\/en\\\/shop\\\/\"},{\"@type\":\"ListItem\",\"position\":3,\"name\":\"Viola &#8211; Sofa bed with laundry box\"}]},{\"@type\":\"WebSite\",\"@id\":\"https:\\\/\\\/empak.ee\\\/en\\\/#website\",\"url\":\"https:\\\/\\\/empak.ee\\\/en\\\/\",\"name\":\"V\u00f5ru Empak\",\"description\":\"Pehmem\u00f6\u00f6bli tootmine.\",\"publisher\":{\"@id\":\"https:\\\/\\\/empak.ee\\\/en\\\/#organization\"},\"potentialAction\":[{\"@type\":\"SearchAction\",\"target\":{\"@type\":\"EntryPoint\",\"urlTemplate\":\"https:\\\/\\\/empak.ee\\\/en\\\/?s={search_term_string}\"},\"query-input\":{\"@type\":\"PropertyValueSpecification\",\"valueRequired\":true,\"valueName\":\"search_term_string\"}}],\"inLanguage\":\"en-US\"},{\"@type\":\"Organization\",\"@id\":\"https:\\\/\\\/empak.ee\\\/en\\\/#organization\",\"name\":\"V\u00f5ru Empak\",\"url\":\"https:\\\/\\\/empak.ee\\\/en\\\/\",\"logo\":{\"@type\":\"ImageObject\",\"inLanguage\":\"en-US\",\"@id\":\"https:\\\/\\\/empak.ee\\\/en\\\/#\\\/schema\\\/logo\\\/image\\\/\",\"url\":\"https:\\\/\\\/empak.ee\\\/wp-content\\\/uploads\\\/2023\\\/07\\\/empak-logo-230728.jpg\",\"contentUrl\":\"https:\\\/\\\/empak.ee\\\/wp-content\\\/uploads\\\/2023\\\/07\\\/empak-logo-230728.jpg\",\"width\":800,\"height\":500,\"caption\":\"V\u00f5ru Empak\"},\"image\":{\"@id\":\"https:\\\/\\\/empak.ee\\\/en\\\/#\\\/schema\\\/logo\\\/image\\\/\"},\"sameAs\":[\"https:\\\/\\\/www.facebook.com\\\/voruempak\"]}]}<\/script>\n<!-- \/ Yoast SEO plugin. -->","yoast_head_json":{"title":"Viola - Sofa bed with laundry box - V\u00f5ru Empak","robots":{"index":"index","follow":"follow","max-snippet":"max-snippet:-1","max-image-preview":"max-image-preview:large","max-video-preview":"max-video-preview:-1"},"canonical":"https:\/\/empak.ee\/product\/viola-pesukastiga-diivanvoodi\/","og_locale":"en_US","og_type":"article","og_title":"Viola - Sofa bed with laundry box - V\u00f5ru Empak","og_description":"The frame of the product is made of domestic coniferous wood, and birch plywood and fiberboard are also used  The inner sides of the sofa's seating and armrests are covered with fabric  The outer sides of the armrests, the front panel and the back wall are covered with fabric  Zig-zag suspension is used in the seat  The seat is made of foam, the backrest cushions are filled with a foam mixture  The back of the product is finished, can be placed in the middle of the room  The sofa is foldable and has a laundry box  The dimensions of the sleeping area are 190\u00d7138 cm  For daily use of the sleeping area, we recommend using a mattress topper  The color of the legs is selectable  The height of the sofa's legs is 16 cm, so it is suitable for a robot vacuum cleaner  Made in Estonia  The product warranty is 2 years","og_url":"https:\/\/empak.ee\/product\/viola-pesukastiga-diivanvoodi\/","og_site_name":"V\u00f5ru Empak","article_publisher":"https:\/\/www.facebook.com\/voruempak","article_modified_time":"2023-06-13T11:21:09+00:00","og_image":[{"width":1920,"height":1024,"url":"https:\/\/empak.ee\/wp-content\/uploads\/2023\/04\/Viola-Hygge-96-5.jpg","type":"image\/jpeg"}],"twitter_card":"summary_large_image","schema":{"@context":"https:\/\/schema.org","@graph":[{"@type":"WebPage","@id":"https:\/\/empak.ee\/product\/viola-pesukastiga-diivanvoodi\/","url":"https:\/\/empak.ee\/product\/viola-pesukastiga-diivanvoodi\/","name":"Viola - Sofa bed with laundry box - V\u00f5ru Empak","isPartOf":{"@id":"https:\/\/empak.ee\/en\/#website"},"primaryImageOfPage":{"@id":"https:\/\/empak.ee\/product\/viola-pesukastiga-diivanvoodi\/#primaryimage"},"image":{"@id":"https:\/\/empak.ee\/product\/viola-pesukastiga-diivanvoodi\/#primaryimage"},"thumbnailUrl":"https:\/\/empak.ee\/wp-content\/uploads\/2023\/04\/Viola-Hygge-96-5.jpg","datePublished":"2023-04-06T07:13:33+00:00","dateModified":"2023-06-13T11:21:09+00:00","breadcrumb":{"@id":"https:\/\/empak.ee\/product\/viola-pesukastiga-diivanvoodi\/#breadcrumb"},"inLanguage":"en-US","potentialAction":[{"@type":"ReadAction","target":["https:\/\/empak.ee\/product\/viola-pesukastiga-diivanvoodi\/"]}]},{"@type":"ImageObject","inLanguage":"en-US","@id":"https:\/\/empak.ee\/product\/viola-pesukastiga-diivanvoodi\/#primaryimage","url":"https:\/\/empak.ee\/wp-content\/uploads\/2023\/04\/Viola-Hygge-96-5.jpg","contentUrl":"https:\/\/empak.ee\/wp-content\/uploads\/2023\/04\/Viola-Hygge-96-5.jpg","width":1920,"height":1024},{"@type":"BreadcrumbList","@id":"https:\/\/empak.ee\/product\/viola-pesukastiga-diivanvoodi\/#breadcrumb","itemListElement":[{"@type":"ListItem","position":1,"name":"Home","item":"https:\/\/empak.ee\/en\/"},{"@type":"ListItem","position":2,"name":"Shop","item":"https:\/\/empak.ee\/en\/shop\/"},{"@type":"ListItem","position":3,"name":"Viola &#8211; Sofa bed with laundry box"}]},{"@type":"WebSite","@id":"https:\/\/empak.ee\/en\/#website","url":"https:\/\/empak.ee\/en\/","name":"V\u00f5ru Empak","description":"Pehmem\u00f6\u00f6bli tootmine.","publisher":{"@id":"https:\/\/empak.ee\/en\/#organization"},"potentialAction":[{"@type":"SearchAction","target":{"@type":"EntryPoint","urlTemplate":"https:\/\/empak.ee\/en\/?s={search_term_string}"},"query-input":{"@type":"PropertyValueSpecification","valueRequired":true,"valueName":"search_term_string"}}],"inLanguage":"en-US"},{"@type":"Organization","@id":"https:\/\/empak.ee\/en\/#organization","name":"V\u00f5ru Empak","url":"https:\/\/empak.ee\/en\/","logo":{"@type":"ImageObject","inLanguage":"en-US","@id":"https:\/\/empak.ee\/en\/#\/schema\/logo\/image\/","url":"https:\/\/empak.ee\/wp-content\/uploads\/2023\/07\/empak-logo-230728.jpg","contentUrl":"https:\/\/empak.ee\/wp-content\/uploads\/2023\/07\/empak-logo-230728.jpg","width":800,"height":500,"caption":"V\u00f5ru Empak"},"image":{"@id":"https:\/\/empak.ee\/en\/#\/schema\/logo\/image\/"},"sameAs":["https:\/\/www.facebook.com\/voruempak"]}]}},"_links":{"self":[{"href":"https:\/\/empak.ee\/en\/wp-json\/wp\/v2\/product\/6432","targetHints":{"allow":["GET"]}}],"collection":[{"href":"https:\/\/empak.ee\/en\/wp-json\/wp\/v2\/product"}],"about":[{"href":"https:\/\/empak.ee\/en\/wp-json\/wp\/v2\/types\/product"}],"wp:featuredmedia":[{"embeddable":true,"href":"https:\/\/empak.ee\/en\/wp-json\/wp\/v2\/media\/5215"}],"wp:attachment":[{"href":"https:\/\/empak.ee\/en\/wp-json\/wp\/v2\/media?parent=6432"}],"wp:term":[{"taxonomy":"product_brand","embeddable":true,"href":"https:\/\/empak.ee\/en\/wp-json\/wp\/v2\/product_brand?post=6432"},{"taxonomy":"product_cat","embeddable":true,"href":"https:\/\/empak.ee\/en\/wp-json\/wp\/v2\/product_cat?post=6432"},{"taxonomy":"product_tag","embeddable":true,"href":"https:\/\/empak.ee\/en\/wp-json\/wp\/v2\/product_tag?post=6432"}],"curies":[{"name":"wp","href":"https:\/\/api.w.org\/{rel}","templated":true}]}}