{"id":6346,"date":"2023-02-13T15:52:06","date_gmt":"2023-02-13T13:52:06","guid":{"rendered":"https:\/\/empak.katingtest.eu\/?post_type=product&#038;p=6346"},"modified":"2023-06-13T11:39:38","modified_gmt":"2023-06-13T08:39:38","slug":"voodi-pillow","status":"publish","type":"product","link":"https:\/\/empak.ee\/en\/product\/voodi-pillow\/","title":{"rendered":"Bed Pillow"},"content":{"rendered":"<p><a href=\"https:\/\/empak.ee\/wp-content\/uploads\/2023\/02\/voodipillowmoodud-600x324.jpg\"><img loading=\"lazy\" decoding=\"async\" class=\"alignnone wp-image-1589\" src=\"https:\/\/empak.ee\/wp-content\/uploads\/2023\/02\/voodipillowmoodud-600x324.jpg\" alt=\"\" width=\"859\" height=\"464\" srcset=\"https:\/\/empak.ee\/wp-content\/uploads\/2023\/02\/voodipillowmoodud-600x324.jpg 600w, https:\/\/empak.ee\/wp-content\/uploads\/2023\/02\/voodipillowmoodud-300x162.jpg 300w, https:\/\/empak.ee\/wp-content\/uploads\/2023\/02\/voodipillowmoodud.jpg 718w\" sizes=\"auto, (max-width: 859px) 100vw, 859px\" \/><\/a><\/p>\n<table class=\"table-auto w-full\" style=\"height: 227px\" width=\"257\">\n<tbody>\n<tr>\n<td class=\"border px-2 py-1 font-bold\">Material<\/td>\n<td class=\"border px-2 py-1\">fabric<\/td>\n<\/tr>\n<tr>\n<td class=\"border px-2 py-1 font-bold\">Carrying capacity\u00a0(kg)<\/td>\n<td class=\"border px-2 py-1\">250<\/td>\n<\/tr>\n<tr>\n<td class=\"border px-2 py-1 font-bold\">An additional feature of the furniture<\/td>\n<td class=\"border px-2 py-1\">headrest pillow<\/td>\n<\/tr>\n<tr>\n<td class=\"border px-2 py-1 font-bold\">Width\u00a0(cm)<\/td>\n<td class=\"border px-2 py-1\">146\/166\/186\/206<\/td>\n<\/tr>\n<tr>\n<td class=\"border px-2 py-1 font-bold\">Height (cm)<\/td>\n<td class=\"border px-2 py-1\">90<\/td>\n<\/tr>\n<tr>\n<td class=\"border px-2 py-1 font-bold\">Depth (cm)<\/td>\n<td class=\"border px-2 py-1\">214<\/td>\n<\/tr>\n<tr>\n<td class=\"border px-2 py-1 font-bold\">Chair legs<\/td>\n<td class=\"border px-2 py-1\">from wood<\/td>\n<\/tr>\n<\/tbody>\n<\/table>\n","protected":false},"excerpt":{"rendered":"<ul>\n<li>The bed frame is made of dry, branch-free domestic coniferous wood, and birch plywood and fiberboard are also used<\/li>\n<li>The planed wooden base boards and the spacer are included in the set<\/li>\n<li>The height of the bed pillows can be adjusted with the help of chips<\/li>\n<li>The legs of the bed are made of birch wood, finished with stain<\/li>\n<li>The load capacity of the bed is 250 kg<\/li>\n<li>Made in Estonia<\/li>\n<li>The height of the bed leg is 7 cm<\/li>\n<li>The product warranty is 2 years<\/li>\n<\/ul>\n","protected":false},"featured_media":4795,"template":"","meta":{"_acf_changed":false},"product_brand":[],"product_cat":[63,58,59],"product_tag":[],"class_list":{"0":"post-6346","1":"product","2":"type-product","3":"status-publish","4":"has-post-thumbnail","6":"product_cat-beds","7":"product_cat-kangaga-toode-en","8":"product_cat-puidust-jalad-en","10":"first","11":"instock","12":"taxable","13":"shipping-taxable","14":"purchasable","15":"product-type-variable"},"acf":[],"yoast_head":"<!-- This site is optimized with the Yoast SEO plugin v27.4 - https:\/\/yoast.com\/product\/yoast-seo-wordpress\/ -->\n<title>Bed Pillow - V\u00f5ru Empak<\/title>\n<meta name=\"robots\" content=\"index, follow, max-snippet:-1, max-image-preview:large, max-video-preview:-1\" \/>\n<link rel=\"canonical\" href=\"https:\/\/empak.ee\/product\/voodi-pillow\/\" \/>\n<meta property=\"og:locale\" content=\"en_US\" \/>\n<meta property=\"og:type\" content=\"article\" \/>\n<meta property=\"og:title\" content=\"Bed Pillow - V\u00f5ru Empak\" \/>\n<meta property=\"og:description\" content=\"The bed frame is made of dry, branch-free domestic coniferous wood, and birch plywood and fiberboard are also used  The planed wooden base boards and the spacer are included in the set  The height of the bed pillows can be adjusted with the help of chips  The legs of the bed are made of birch wood, finished with stain  The load capacity of the bed is 250 kg  Made in Estonia  The height of the bed leg is 7 cm  The product warranty is 2 years\" \/>\n<meta property=\"og:url\" content=\"https:\/\/empak.ee\/product\/voodi-pillow\/\" \/>\n<meta property=\"og:site_name\" content=\"V\u00f5ru Empak\" \/>\n<meta property=\"article:publisher\" content=\"https:\/\/www.facebook.com\/voruempak\" \/>\n<meta property=\"article:modified_time\" content=\"2023-06-13T08:39:38+00:00\" \/>\n<meta property=\"og:image\" content=\"https:\/\/empak.ee\/wp-content\/uploads\/2023\/02\/voodipillow1.jpg\" \/>\n\t<meta property=\"og:image:width\" content=\"900\" \/>\n\t<meta property=\"og:image:height\" content=\"600\" \/>\n\t<meta property=\"og:image:type\" content=\"image\/jpeg\" \/>\n<meta name=\"twitter:card\" content=\"summary_large_image\" \/>\n<script type=\"application\/ld+json\" class=\"yoast-schema-graph\">{\"@context\":\"https:\\\/\\\/schema.org\",\"@graph\":[{\"@type\":\"WebPage\",\"@id\":\"https:\\\/\\\/empak.ee\\\/product\\\/voodi-pillow\\\/\",\"url\":\"https:\\\/\\\/empak.ee\\\/product\\\/voodi-pillow\\\/\",\"name\":\"Bed Pillow - V\u00f5ru Empak\",\"isPartOf\":{\"@id\":\"https:\\\/\\\/empak.ee\\\/en\\\/#website\"},\"primaryImageOfPage\":{\"@id\":\"https:\\\/\\\/empak.ee\\\/product\\\/voodi-pillow\\\/#primaryimage\"},\"image\":{\"@id\":\"https:\\\/\\\/empak.ee\\\/product\\\/voodi-pillow\\\/#primaryimage\"},\"thumbnailUrl\":\"https:\\\/\\\/empak.ee\\\/wp-content\\\/uploads\\\/2023\\\/02\\\/voodipillow1.jpg\",\"datePublished\":\"2023-02-13T13:52:06+00:00\",\"dateModified\":\"2023-06-13T08:39:38+00:00\",\"breadcrumb\":{\"@id\":\"https:\\\/\\\/empak.ee\\\/product\\\/voodi-pillow\\\/#breadcrumb\"},\"inLanguage\":\"en-US\",\"potentialAction\":[{\"@type\":\"ReadAction\",\"target\":[\"https:\\\/\\\/empak.ee\\\/product\\\/voodi-pillow\\\/\"]}]},{\"@type\":\"ImageObject\",\"inLanguage\":\"en-US\",\"@id\":\"https:\\\/\\\/empak.ee\\\/product\\\/voodi-pillow\\\/#primaryimage\",\"url\":\"https:\\\/\\\/empak.ee\\\/wp-content\\\/uploads\\\/2023\\\/02\\\/voodipillow1.jpg\",\"contentUrl\":\"https:\\\/\\\/empak.ee\\\/wp-content\\\/uploads\\\/2023\\\/02\\\/voodipillow1.jpg\",\"width\":900,\"height\":600},{\"@type\":\"BreadcrumbList\",\"@id\":\"https:\\\/\\\/empak.ee\\\/product\\\/voodi-pillow\\\/#breadcrumb\",\"itemListElement\":[{\"@type\":\"ListItem\",\"position\":1,\"name\":\"Home\",\"item\":\"https:\\\/\\\/empak.ee\\\/en\\\/\"},{\"@type\":\"ListItem\",\"position\":2,\"name\":\"Shop\",\"item\":\"https:\\\/\\\/empak.ee\\\/en\\\/shop\\\/\"},{\"@type\":\"ListItem\",\"position\":3,\"name\":\"Bed Pillow\"}]},{\"@type\":\"WebSite\",\"@id\":\"https:\\\/\\\/empak.ee\\\/en\\\/#website\",\"url\":\"https:\\\/\\\/empak.ee\\\/en\\\/\",\"name\":\"V\u00f5ru Empak\",\"description\":\"Pehmem\u00f6\u00f6bli tootmine.\",\"publisher\":{\"@id\":\"https:\\\/\\\/empak.ee\\\/en\\\/#organization\"},\"potentialAction\":[{\"@type\":\"SearchAction\",\"target\":{\"@type\":\"EntryPoint\",\"urlTemplate\":\"https:\\\/\\\/empak.ee\\\/en\\\/?s={search_term_string}\"},\"query-input\":{\"@type\":\"PropertyValueSpecification\",\"valueRequired\":true,\"valueName\":\"search_term_string\"}}],\"inLanguage\":\"en-US\"},{\"@type\":\"Organization\",\"@id\":\"https:\\\/\\\/empak.ee\\\/en\\\/#organization\",\"name\":\"V\u00f5ru Empak\",\"url\":\"https:\\\/\\\/empak.ee\\\/en\\\/\",\"logo\":{\"@type\":\"ImageObject\",\"inLanguage\":\"en-US\",\"@id\":\"https:\\\/\\\/empak.ee\\\/en\\\/#\\\/schema\\\/logo\\\/image\\\/\",\"url\":\"https:\\\/\\\/empak.ee\\\/wp-content\\\/uploads\\\/2023\\\/07\\\/empak-logo-230728.jpg\",\"contentUrl\":\"https:\\\/\\\/empak.ee\\\/wp-content\\\/uploads\\\/2023\\\/07\\\/empak-logo-230728.jpg\",\"width\":800,\"height\":500,\"caption\":\"V\u00f5ru Empak\"},\"image\":{\"@id\":\"https:\\\/\\\/empak.ee\\\/en\\\/#\\\/schema\\\/logo\\\/image\\\/\"},\"sameAs\":[\"https:\\\/\\\/www.facebook.com\\\/voruempak\"]}]}<\/script>\n<!-- \/ Yoast SEO plugin. -->","yoast_head_json":{"title":"Bed Pillow - V\u00f5ru Empak","robots":{"index":"index","follow":"follow","max-snippet":"max-snippet:-1","max-image-preview":"max-image-preview:large","max-video-preview":"max-video-preview:-1"},"canonical":"https:\/\/empak.ee\/product\/voodi-pillow\/","og_locale":"en_US","og_type":"article","og_title":"Bed Pillow - V\u00f5ru Empak","og_description":"The bed frame is made of dry, branch-free domestic coniferous wood, and birch plywood and fiberboard are also used  The planed wooden base boards and the spacer are included in the set  The height of the bed pillows can be adjusted with the help of chips  The legs of the bed are made of birch wood, finished with stain  The load capacity of the bed is 250 kg  Made in Estonia  The height of the bed leg is 7 cm  The product warranty is 2 years","og_url":"https:\/\/empak.ee\/product\/voodi-pillow\/","og_site_name":"V\u00f5ru Empak","article_publisher":"https:\/\/www.facebook.com\/voruempak","article_modified_time":"2023-06-13T08:39:38+00:00","og_image":[{"width":900,"height":600,"url":"https:\/\/empak.ee\/wp-content\/uploads\/2023\/02\/voodipillow1.jpg","type":"image\/jpeg"}],"twitter_card":"summary_large_image","schema":{"@context":"https:\/\/schema.org","@graph":[{"@type":"WebPage","@id":"https:\/\/empak.ee\/product\/voodi-pillow\/","url":"https:\/\/empak.ee\/product\/voodi-pillow\/","name":"Bed Pillow - V\u00f5ru Empak","isPartOf":{"@id":"https:\/\/empak.ee\/en\/#website"},"primaryImageOfPage":{"@id":"https:\/\/empak.ee\/product\/voodi-pillow\/#primaryimage"},"image":{"@id":"https:\/\/empak.ee\/product\/voodi-pillow\/#primaryimage"},"thumbnailUrl":"https:\/\/empak.ee\/wp-content\/uploads\/2023\/02\/voodipillow1.jpg","datePublished":"2023-02-13T13:52:06+00:00","dateModified":"2023-06-13T08:39:38+00:00","breadcrumb":{"@id":"https:\/\/empak.ee\/product\/voodi-pillow\/#breadcrumb"},"inLanguage":"en-US","potentialAction":[{"@type":"ReadAction","target":["https:\/\/empak.ee\/product\/voodi-pillow\/"]}]},{"@type":"ImageObject","inLanguage":"en-US","@id":"https:\/\/empak.ee\/product\/voodi-pillow\/#primaryimage","url":"https:\/\/empak.ee\/wp-content\/uploads\/2023\/02\/voodipillow1.jpg","contentUrl":"https:\/\/empak.ee\/wp-content\/uploads\/2023\/02\/voodipillow1.jpg","width":900,"height":600},{"@type":"BreadcrumbList","@id":"https:\/\/empak.ee\/product\/voodi-pillow\/#breadcrumb","itemListElement":[{"@type":"ListItem","position":1,"name":"Home","item":"https:\/\/empak.ee\/en\/"},{"@type":"ListItem","position":2,"name":"Shop","item":"https:\/\/empak.ee\/en\/shop\/"},{"@type":"ListItem","position":3,"name":"Bed Pillow"}]},{"@type":"WebSite","@id":"https:\/\/empak.ee\/en\/#website","url":"https:\/\/empak.ee\/en\/","name":"V\u00f5ru Empak","description":"Pehmem\u00f6\u00f6bli tootmine.","publisher":{"@id":"https:\/\/empak.ee\/en\/#organization"},"potentialAction":[{"@type":"SearchAction","target":{"@type":"EntryPoint","urlTemplate":"https:\/\/empak.ee\/en\/?s={search_term_string}"},"query-input":{"@type":"PropertyValueSpecification","valueRequired":true,"valueName":"search_term_string"}}],"inLanguage":"en-US"},{"@type":"Organization","@id":"https:\/\/empak.ee\/en\/#organization","name":"V\u00f5ru Empak","url":"https:\/\/empak.ee\/en\/","logo":{"@type":"ImageObject","inLanguage":"en-US","@id":"https:\/\/empak.ee\/en\/#\/schema\/logo\/image\/","url":"https:\/\/empak.ee\/wp-content\/uploads\/2023\/07\/empak-logo-230728.jpg","contentUrl":"https:\/\/empak.ee\/wp-content\/uploads\/2023\/07\/empak-logo-230728.jpg","width":800,"height":500,"caption":"V\u00f5ru Empak"},"image":{"@id":"https:\/\/empak.ee\/en\/#\/schema\/logo\/image\/"},"sameAs":["https:\/\/www.facebook.com\/voruempak"]}]}},"_links":{"self":[{"href":"https:\/\/empak.ee\/en\/wp-json\/wp\/v2\/product\/6346","targetHints":{"allow":["GET"]}}],"collection":[{"href":"https:\/\/empak.ee\/en\/wp-json\/wp\/v2\/product"}],"about":[{"href":"https:\/\/empak.ee\/en\/wp-json\/wp\/v2\/types\/product"}],"wp:featuredmedia":[{"embeddable":true,"href":"https:\/\/empak.ee\/en\/wp-json\/wp\/v2\/media\/4795"}],"wp:attachment":[{"href":"https:\/\/empak.ee\/en\/wp-json\/wp\/v2\/media?parent=6346"}],"wp:term":[{"taxonomy":"product_brand","embeddable":true,"href":"https:\/\/empak.ee\/en\/wp-json\/wp\/v2\/product_brand?post=6346"},{"taxonomy":"product_cat","embeddable":true,"href":"https:\/\/empak.ee\/en\/wp-json\/wp\/v2\/product_cat?post=6346"},{"taxonomy":"product_tag","embeddable":true,"href":"https:\/\/empak.ee\/en\/wp-json\/wp\/v2\/product_tag?post=6346"}],"curies":[{"name":"wp","href":"https:\/\/api.w.org\/{rel}","templated":true}]}}