{"id":6345,"date":"2023-02-23T16:43:29","date_gmt":"2023-02-23T14:43:29","guid":{"rendered":"https:\/\/empak.katingtest.eu\/?post_type=product&#038;p=6345"},"modified":"2023-06-13T11:24:15","modified_gmt":"2023-06-13T08:24:15","slug":"wiivi-armchair-with-pouffe","status":"publish","type":"product","link":"https:\/\/empak.ee\/en\/product\/wiivi-armchair-with-pouffe\/","title":{"rendered":"Wiivi &#8211; Armchair with  pouffe"},"content":{"rendered":"<p><img loading=\"lazy\" decoding=\"async\" class=\"alignnone wp-image-1728\" src=\"https:\/\/empak.ee\/wp-content\/uploads\/2023\/01\/wiivi-tool-moodud-600x237.jpg\" alt=\"\" width=\"732\" height=\"289\" srcset=\"https:\/\/empak.ee\/wp-content\/uploads\/2023\/01\/wiivi-tool-moodud-600x237.jpg 600w, https:\/\/empak.ee\/wp-content\/uploads\/2023\/01\/wiivi-tool-moodud-300x119.jpg 300w, https:\/\/empak.ee\/wp-content\/uploads\/2023\/01\/wiivi-tool-moodud-768x303.jpg 768w, https:\/\/empak.ee\/wp-content\/uploads\/2023\/01\/wiivi-tool-moodud.jpg 800w\" sizes=\"auto, (max-width: 732px) 100vw, 732px\" \/><img loading=\"lazy\" decoding=\"async\" class=\"alignnone size-full wp-image-1736\" src=\"https:\/\/empak.ee\/wp-content\/uploads\/2023\/02\/jari-moodud.jpg\" alt=\"\" width=\"370\" height=\"289\" srcset=\"https:\/\/empak.ee\/wp-content\/uploads\/2023\/02\/jari-moodud.jpg 370w, https:\/\/empak.ee\/wp-content\/uploads\/2023\/02\/jari-moodud-300x234.jpg 300w\" sizes=\"auto, (max-width: 370px) 100vw, 370px\" \/><\/p>\n<table class=\"table-auto w-full\">\n<tbody>\n<tr>\n<td class=\"border px-2 py-1 font-bold\">Material<\/td>\n<td class=\"border px-2 py-1\">fabric<\/td>\n<\/tr>\n<tr>\n<td class=\"border px-2 py-1 font-bold\">An additional feature of the furniture<\/td>\n<td class=\"border px-2 py-1\">headrest, armrests<\/td>\n<\/tr>\n<tr>\n<td class=\"border px-2 py-1 font-bold\">Width\u00a0(cm)<\/td>\n<td class=\"border px-2 py-1\">63.0<\/td>\n<\/tr>\n<tr>\n<td class=\"border px-2 py-1 font-bold\">Height (cm)<\/td>\n<td class=\"border px-2 py-1\">104.0<\/td>\n<\/tr>\n<tr>\n<td class=\"border px-2 py-1 font-bold\">Depth (cm)<\/td>\n<td class=\"border px-2 py-1\">83.0<\/td>\n<\/tr>\n<tr>\n<td class=\"border px-2 py-1 font-bold\">Chair legs<\/td>\n<td class=\"border px-2 py-1\">from wood<\/td>\n<\/tr>\n<\/tbody>\n<\/table>\n","protected":false},"excerpt":{"rendered":"<ul>\n<li>The frame of the armchair is made of branch-free, dry, domestic coniferous wood<\/li>\n<li>The armchair is covered with fabric<\/li>\n<li>Zig-zag suspension is used in the seat<\/li>\n<li>The seat and backrest are made of foam, covered with soft wadding<\/li>\n<li>The color of the armrests and legs can be selected<\/li>\n<li>Made in Estonia<\/li>\n<li>The products are guaranteed for 2 years<\/li>\n<\/ul>\n","protected":false},"featured_media":4896,"template":"","meta":{"_acf_changed":false},"product_brand":[],"product_cat":[69,58,59],"product_tag":[],"class_list":{"0":"post-6345","1":"product","2":"type-product","3":"status-publish","4":"has-post-thumbnail","6":"product_cat-armchairs","7":"product_cat-kangaga-toode-en","8":"product_cat-puidust-jalad-en","10":"first","11":"instock","12":"taxable","13":"shipping-taxable","14":"purchasable","15":"product-type-simple"},"acf":[],"yoast_head":"<!-- This site is optimized with the Yoast SEO plugin v27.4 - https:\/\/yoast.com\/product\/yoast-seo-wordpress\/ -->\n<title>Wiivi - Armchair with pouffe - V\u00f5ru Empak<\/title>\n<meta name=\"robots\" content=\"index, follow, max-snippet:-1, max-image-preview:large, max-video-preview:-1\" \/>\n<link rel=\"canonical\" href=\"https:\/\/empak.ee\/en\/product\/wiivi-armchair-with-pouffe\/\" \/>\n<meta property=\"og:locale\" content=\"en_US\" \/>\n<meta property=\"og:type\" content=\"article\" \/>\n<meta property=\"og:title\" content=\"Wiivi - Armchair with pouffe - V\u00f5ru Empak\" \/>\n<meta property=\"og:description\" content=\"The frame of the armchair is made of branch-free, dry, domestic coniferous wood  The armchair is covered with fabric  Zig-zag suspension is used in the seat  The seat and backrest are made of foam, covered with soft wadding  The color of the armrests and legs can be selected  Made in Estonia  The products are guaranteed for 2 years\" \/>\n<meta property=\"og:url\" content=\"https:\/\/empak.ee\/en\/product\/wiivi-armchair-with-pouffe\/\" \/>\n<meta property=\"og:site_name\" content=\"V\u00f5ru Empak\" \/>\n<meta property=\"article:publisher\" content=\"https:\/\/www.facebook.com\/voruempak\" \/>\n<meta property=\"article:modified_time\" content=\"2023-06-13T08:24:15+00:00\" \/>\n<meta property=\"og:image\" content=\"https:\/\/empak.ee\/wp-content\/uploads\/2023\/02\/viiwi-tool-8.jpg\" \/>\n\t<meta property=\"og:image:width\" content=\"1280\" \/>\n\t<meta property=\"og:image:height\" content=\"1920\" \/>\n\t<meta property=\"og:image:type\" content=\"image\/jpeg\" \/>\n<meta name=\"twitter:card\" content=\"summary_large_image\" \/>\n<script type=\"application\/ld+json\" class=\"yoast-schema-graph\">{\"@context\":\"https:\\\/\\\/schema.org\",\"@graph\":[{\"@type\":\"WebPage\",\"@id\":\"https:\\\/\\\/empak.ee\\\/en\\\/product\\\/wiivi-armchair-with-pouffe\\\/\",\"url\":\"https:\\\/\\\/empak.ee\\\/en\\\/product\\\/wiivi-armchair-with-pouffe\\\/\",\"name\":\"Wiivi - Armchair with pouffe - V\u00f5ru Empak\",\"isPartOf\":{\"@id\":\"https:\\\/\\\/empak.ee\\\/en\\\/#website\"},\"primaryImageOfPage\":{\"@id\":\"https:\\\/\\\/empak.ee\\\/en\\\/product\\\/wiivi-armchair-with-pouffe\\\/#primaryimage\"},\"image\":{\"@id\":\"https:\\\/\\\/empak.ee\\\/en\\\/product\\\/wiivi-armchair-with-pouffe\\\/#primaryimage\"},\"thumbnailUrl\":\"https:\\\/\\\/empak.ee\\\/wp-content\\\/uploads\\\/2023\\\/02\\\/viiwi-tool-8.jpg\",\"datePublished\":\"2023-02-23T14:43:29+00:00\",\"dateModified\":\"2023-06-13T08:24:15+00:00\",\"breadcrumb\":{\"@id\":\"https:\\\/\\\/empak.ee\\\/en\\\/product\\\/wiivi-armchair-with-pouffe\\\/#breadcrumb\"},\"inLanguage\":\"en-US\",\"potentialAction\":[{\"@type\":\"ReadAction\",\"target\":[\"https:\\\/\\\/empak.ee\\\/en\\\/product\\\/wiivi-armchair-with-pouffe\\\/\"]}]},{\"@type\":\"ImageObject\",\"inLanguage\":\"en-US\",\"@id\":\"https:\\\/\\\/empak.ee\\\/en\\\/product\\\/wiivi-armchair-with-pouffe\\\/#primaryimage\",\"url\":\"https:\\\/\\\/empak.ee\\\/wp-content\\\/uploads\\\/2023\\\/02\\\/viiwi-tool-8.jpg\",\"contentUrl\":\"https:\\\/\\\/empak.ee\\\/wp-content\\\/uploads\\\/2023\\\/02\\\/viiwi-tool-8.jpg\",\"width\":1280,\"height\":1920},{\"@type\":\"BreadcrumbList\",\"@id\":\"https:\\\/\\\/empak.ee\\\/en\\\/product\\\/wiivi-armchair-with-pouffe\\\/#breadcrumb\",\"itemListElement\":[{\"@type\":\"ListItem\",\"position\":1,\"name\":\"Home\",\"item\":\"https:\\\/\\\/empak.ee\\\/en\\\/\"},{\"@type\":\"ListItem\",\"position\":2,\"name\":\"Shop\",\"item\":\"https:\\\/\\\/empak.ee\\\/en\\\/shop\\\/\"},{\"@type\":\"ListItem\",\"position\":3,\"name\":\"Wiivi &#8211; Armchair with pouffe\"}]},{\"@type\":\"WebSite\",\"@id\":\"https:\\\/\\\/empak.ee\\\/en\\\/#website\",\"url\":\"https:\\\/\\\/empak.ee\\\/en\\\/\",\"name\":\"V\u00f5ru Empak\",\"description\":\"Pehmem\u00f6\u00f6bli tootmine.\",\"publisher\":{\"@id\":\"https:\\\/\\\/empak.ee\\\/en\\\/#organization\"},\"potentialAction\":[{\"@type\":\"SearchAction\",\"target\":{\"@type\":\"EntryPoint\",\"urlTemplate\":\"https:\\\/\\\/empak.ee\\\/en\\\/?s={search_term_string}\"},\"query-input\":{\"@type\":\"PropertyValueSpecification\",\"valueRequired\":true,\"valueName\":\"search_term_string\"}}],\"inLanguage\":\"en-US\"},{\"@type\":\"Organization\",\"@id\":\"https:\\\/\\\/empak.ee\\\/en\\\/#organization\",\"name\":\"V\u00f5ru Empak\",\"url\":\"https:\\\/\\\/empak.ee\\\/en\\\/\",\"logo\":{\"@type\":\"ImageObject\",\"inLanguage\":\"en-US\",\"@id\":\"https:\\\/\\\/empak.ee\\\/en\\\/#\\\/schema\\\/logo\\\/image\\\/\",\"url\":\"https:\\\/\\\/empak.ee\\\/wp-content\\\/uploads\\\/2023\\\/07\\\/empak-logo-230728.jpg\",\"contentUrl\":\"https:\\\/\\\/empak.ee\\\/wp-content\\\/uploads\\\/2023\\\/07\\\/empak-logo-230728.jpg\",\"width\":800,\"height\":500,\"caption\":\"V\u00f5ru Empak\"},\"image\":{\"@id\":\"https:\\\/\\\/empak.ee\\\/en\\\/#\\\/schema\\\/logo\\\/image\\\/\"},\"sameAs\":[\"https:\\\/\\\/www.facebook.com\\\/voruempak\"]}]}<\/script>\n<!-- \/ Yoast SEO plugin. -->","yoast_head_json":{"title":"Wiivi - Armchair with pouffe - V\u00f5ru Empak","robots":{"index":"index","follow":"follow","max-snippet":"max-snippet:-1","max-image-preview":"max-image-preview:large","max-video-preview":"max-video-preview:-1"},"canonical":"https:\/\/empak.ee\/en\/product\/wiivi-armchair-with-pouffe\/","og_locale":"en_US","og_type":"article","og_title":"Wiivi - Armchair with pouffe - V\u00f5ru Empak","og_description":"The frame of the armchair is made of branch-free, dry, domestic coniferous wood  The armchair is covered with fabric  Zig-zag suspension is used in the seat  The seat and backrest are made of foam, covered with soft wadding  The color of the armrests and legs can be selected  Made in Estonia  The products are guaranteed for 2 years","og_url":"https:\/\/empak.ee\/en\/product\/wiivi-armchair-with-pouffe\/","og_site_name":"V\u00f5ru Empak","article_publisher":"https:\/\/www.facebook.com\/voruempak","article_modified_time":"2023-06-13T08:24:15+00:00","og_image":[{"width":1280,"height":1920,"url":"https:\/\/empak.ee\/wp-content\/uploads\/2023\/02\/viiwi-tool-8.jpg","type":"image\/jpeg"}],"twitter_card":"summary_large_image","schema":{"@context":"https:\/\/schema.org","@graph":[{"@type":"WebPage","@id":"https:\/\/empak.ee\/en\/product\/wiivi-armchair-with-pouffe\/","url":"https:\/\/empak.ee\/en\/product\/wiivi-armchair-with-pouffe\/","name":"Wiivi - Armchair with pouffe - V\u00f5ru Empak","isPartOf":{"@id":"https:\/\/empak.ee\/en\/#website"},"primaryImageOfPage":{"@id":"https:\/\/empak.ee\/en\/product\/wiivi-armchair-with-pouffe\/#primaryimage"},"image":{"@id":"https:\/\/empak.ee\/en\/product\/wiivi-armchair-with-pouffe\/#primaryimage"},"thumbnailUrl":"https:\/\/empak.ee\/wp-content\/uploads\/2023\/02\/viiwi-tool-8.jpg","datePublished":"2023-02-23T14:43:29+00:00","dateModified":"2023-06-13T08:24:15+00:00","breadcrumb":{"@id":"https:\/\/empak.ee\/en\/product\/wiivi-armchair-with-pouffe\/#breadcrumb"},"inLanguage":"en-US","potentialAction":[{"@type":"ReadAction","target":["https:\/\/empak.ee\/en\/product\/wiivi-armchair-with-pouffe\/"]}]},{"@type":"ImageObject","inLanguage":"en-US","@id":"https:\/\/empak.ee\/en\/product\/wiivi-armchair-with-pouffe\/#primaryimage","url":"https:\/\/empak.ee\/wp-content\/uploads\/2023\/02\/viiwi-tool-8.jpg","contentUrl":"https:\/\/empak.ee\/wp-content\/uploads\/2023\/02\/viiwi-tool-8.jpg","width":1280,"height":1920},{"@type":"BreadcrumbList","@id":"https:\/\/empak.ee\/en\/product\/wiivi-armchair-with-pouffe\/#breadcrumb","itemListElement":[{"@type":"ListItem","position":1,"name":"Home","item":"https:\/\/empak.ee\/en\/"},{"@type":"ListItem","position":2,"name":"Shop","item":"https:\/\/empak.ee\/en\/shop\/"},{"@type":"ListItem","position":3,"name":"Wiivi &#8211; Armchair with pouffe"}]},{"@type":"WebSite","@id":"https:\/\/empak.ee\/en\/#website","url":"https:\/\/empak.ee\/en\/","name":"V\u00f5ru Empak","description":"Pehmem\u00f6\u00f6bli tootmine.","publisher":{"@id":"https:\/\/empak.ee\/en\/#organization"},"potentialAction":[{"@type":"SearchAction","target":{"@type":"EntryPoint","urlTemplate":"https:\/\/empak.ee\/en\/?s={search_term_string}"},"query-input":{"@type":"PropertyValueSpecification","valueRequired":true,"valueName":"search_term_string"}}],"inLanguage":"en-US"},{"@type":"Organization","@id":"https:\/\/empak.ee\/en\/#organization","name":"V\u00f5ru Empak","url":"https:\/\/empak.ee\/en\/","logo":{"@type":"ImageObject","inLanguage":"en-US","@id":"https:\/\/empak.ee\/en\/#\/schema\/logo\/image\/","url":"https:\/\/empak.ee\/wp-content\/uploads\/2023\/07\/empak-logo-230728.jpg","contentUrl":"https:\/\/empak.ee\/wp-content\/uploads\/2023\/07\/empak-logo-230728.jpg","width":800,"height":500,"caption":"V\u00f5ru Empak"},"image":{"@id":"https:\/\/empak.ee\/en\/#\/schema\/logo\/image\/"},"sameAs":["https:\/\/www.facebook.com\/voruempak"]}]}},"_links":{"self":[{"href":"https:\/\/empak.ee\/en\/wp-json\/wp\/v2\/product\/6345","targetHints":{"allow":["GET"]}}],"collection":[{"href":"https:\/\/empak.ee\/en\/wp-json\/wp\/v2\/product"}],"about":[{"href":"https:\/\/empak.ee\/en\/wp-json\/wp\/v2\/types\/product"}],"wp:featuredmedia":[{"embeddable":true,"href":"https:\/\/empak.ee\/en\/wp-json\/wp\/v2\/media\/4896"}],"wp:attachment":[{"href":"https:\/\/empak.ee\/en\/wp-json\/wp\/v2\/media?parent=6345"}],"wp:term":[{"taxonomy":"product_brand","embeddable":true,"href":"https:\/\/empak.ee\/en\/wp-json\/wp\/v2\/product_brand?post=6345"},{"taxonomy":"product_cat","embeddable":true,"href":"https:\/\/empak.ee\/en\/wp-json\/wp\/v2\/product_cat?post=6345"},{"taxonomy":"product_tag","embeddable":true,"href":"https:\/\/empak.ee\/en\/wp-json\/wp\/v2\/product_tag?post=6345"}],"curies":[{"name":"wp","href":"https:\/\/api.w.org\/{rel}","templated":true}]}}