{"id":6329,"date":"2023-01-19T10:26:40","date_gmt":"2023-01-19T08:26:40","guid":{"rendered":"https:\/\/empak.katingtest.eu\/?post_type=product&#038;p=6329"},"modified":"2023-06-13T10:56:14","modified_gmt":"2023-06-13T07:56:14","slug":"wiivi-armchair-with-sheepskin-and-pouffe","status":"publish","type":"product","link":"https:\/\/empak.ee\/en\/product\/wiivi-armchair-with-sheepskin-and-pouffe\/","title":{"rendered":"Wiivi &#8211; Armchair with sheepskin and pouffe"},"content":{"rendered":"<p><img loading=\"lazy\" decoding=\"async\" class=\"alignnone wp-image-1728\" src=\"https:\/\/empak.ee\/wp-content\/uploads\/2023\/01\/wiivi-tool-moodud-600x237.jpg\" alt=\"\" width=\"686\" height=\"271\" srcset=\"https:\/\/empak.ee\/wp-content\/uploads\/2023\/01\/wiivi-tool-moodud-600x237.jpg 600w, https:\/\/empak.ee\/wp-content\/uploads\/2023\/01\/wiivi-tool-moodud-300x119.jpg 300w, https:\/\/empak.ee\/wp-content\/uploads\/2023\/01\/wiivi-tool-moodud-768x303.jpg 768w, https:\/\/empak.ee\/wp-content\/uploads\/2023\/01\/wiivi-tool-moodud.jpg 800w\" sizes=\"auto, (max-width: 686px) 100vw, 686px\" \/><img loading=\"lazy\" decoding=\"async\" class=\"alignnone size-full wp-image-1736\" src=\"https:\/\/empak.ee\/wp-content\/uploads\/2023\/02\/jari-moodud.jpg\" alt=\"\" width=\"370\" height=\"289\" srcset=\"https:\/\/empak.ee\/wp-content\/uploads\/2023\/02\/jari-moodud.jpg 370w, https:\/\/empak.ee\/wp-content\/uploads\/2023\/02\/jari-moodud-300x234.jpg 300w\" sizes=\"auto, (max-width: 370px) 100vw, 370px\" \/><\/p>\n<table class=\"table-auto w-full\">\n<tbody>\n<tr>\n<td class=\"border px-2 py-1 font-bold\">Material<\/td>\n<td class=\"border px-2 py-1\">sheepskin<\/td>\n<\/tr>\n<tr>\n<td class=\"border px-2 py-1 font-bold\">An additional feature of the furniture<\/td>\n<td class=\"border px-2 py-1\">headrest, armrests<\/td>\n<\/tr>\n<tr>\n<td class=\"border px-2 py-1 font-bold\">Width\u00a0(cm)<\/td>\n<td class=\"border px-2 py-1\">63.0<\/td>\n<\/tr>\n<tr>\n<td class=\"border px-2 py-1 font-bold\">Height (cm)<\/td>\n<td class=\"border px-2 py-1\">104.0<\/td>\n<\/tr>\n<tr>\n<td class=\"border px-2 py-1 font-bold\">Depth (cm)<\/td>\n<td class=\"border px-2 py-1\">83.0<\/td>\n<\/tr>\n<tr>\n<td class=\"border px-2 py-1 font-bold\">Chair legs<\/td>\n<td class=\"border px-2 py-1\">from wood<\/td>\n<\/tr>\n<\/tbody>\n<\/table>\n","protected":false},"excerpt":{"rendered":"<ul>\n<li>The frame of the product is made of domestic coniferous wood, and birch plywood and fiberboard are also used<\/li>\n<li>The back and seat of the armchair are covered with natural sheepskin<\/li>\n<li>The sides and back of the armchair are covered with fabric in the same shade<\/li>\n<li>Zig-zag suspension is used in the seat<\/li>\n<li>The seat and backrest are made of foam, covered with soft wadding<\/li>\n<li>Armrests and legs are made of natural oak.<\/li>\n<li>Armrests and legs are finished with natural oil<\/li>\n<li>Made in Estonia<\/li>\n<li>The products are guaranteed for 2 years<\/li>\n<\/ul>\n","protected":false},"featured_media":4319,"template":"","meta":{"_acf_changed":false},"product_brand":[],"product_cat":[69,66,59],"product_tag":[],"class_list":{"0":"post-6329","1":"product","2":"type-product","3":"status-publish","4":"has-post-thumbnail","6":"product_cat-armchairs","7":"product_cat-sheepskin-product","8":"product_cat-puidust-jalad-en","10":"first","11":"instock","12":"taxable","13":"shipping-taxable","14":"purchasable","15":"product-type-simple"},"acf":[],"yoast_head":"<!-- This site is optimized with the Yoast SEO plugin v27.4 - https:\/\/yoast.com\/product\/yoast-seo-wordpress\/ -->\n<title>Wiivi - Armchair with sheepskin and pouffe - V\u00f5ru Empak<\/title>\n<meta name=\"robots\" content=\"index, follow, max-snippet:-1, max-image-preview:large, max-video-preview:-1\" \/>\n<link rel=\"canonical\" href=\"https:\/\/empak.ee\/en\/product\/wiivi-armchair-with-sheepskin-and-pouffe\/\" \/>\n<meta property=\"og:locale\" content=\"en_US\" \/>\n<meta property=\"og:type\" content=\"article\" \/>\n<meta property=\"og:title\" content=\"Wiivi - Armchair with sheepskin and pouffe - V\u00f5ru Empak\" \/>\n<meta property=\"og:description\" content=\"The frame of the product is made of domestic coniferous wood, and birch plywood and fiberboard are also used  The back and seat of the armchair are covered with natural sheepskin  The sides and back of the armchair are covered with fabric in the same shade  Zig-zag suspension is used in the seat  The seat and backrest are made of foam, covered with soft wadding  Armrests and legs are made of natural oak.  Armrests and legs are finished with natural oil  Made in Estonia  The products are guaranteed for 2 years\" \/>\n<meta property=\"og:url\" content=\"https:\/\/empak.ee\/en\/product\/wiivi-armchair-with-sheepskin-and-pouffe\/\" \/>\n<meta property=\"og:site_name\" content=\"V\u00f5ru Empak\" \/>\n<meta property=\"article:publisher\" content=\"https:\/\/www.facebook.com\/voruempak\" \/>\n<meta property=\"article:modified_time\" content=\"2023-06-13T07:56:14+00:00\" \/>\n<meta property=\"og:image\" content=\"https:\/\/empak.ee\/wp-content\/uploads\/2023\/01\/empak190307-0005-2.jpg\" \/>\n\t<meta property=\"og:image:width\" content=\"1920\" \/>\n\t<meta property=\"og:image:height\" content=\"1280\" \/>\n\t<meta property=\"og:image:type\" content=\"image\/jpeg\" \/>\n<meta name=\"twitter:card\" content=\"summary_large_image\" \/>\n<script type=\"application\/ld+json\" class=\"yoast-schema-graph\">{\"@context\":\"https:\\\/\\\/schema.org\",\"@graph\":[{\"@type\":\"WebPage\",\"@id\":\"https:\\\/\\\/empak.ee\\\/en\\\/product\\\/wiivi-armchair-with-sheepskin-and-pouffe\\\/\",\"url\":\"https:\\\/\\\/empak.ee\\\/en\\\/product\\\/wiivi-armchair-with-sheepskin-and-pouffe\\\/\",\"name\":\"Wiivi - Armchair with sheepskin and pouffe - V\u00f5ru Empak\",\"isPartOf\":{\"@id\":\"https:\\\/\\\/empak.ee\\\/en\\\/#website\"},\"primaryImageOfPage\":{\"@id\":\"https:\\\/\\\/empak.ee\\\/en\\\/product\\\/wiivi-armchair-with-sheepskin-and-pouffe\\\/#primaryimage\"},\"image\":{\"@id\":\"https:\\\/\\\/empak.ee\\\/en\\\/product\\\/wiivi-armchair-with-sheepskin-and-pouffe\\\/#primaryimage\"},\"thumbnailUrl\":\"https:\\\/\\\/empak.ee\\\/wp-content\\\/uploads\\\/2023\\\/01\\\/empak190307-0005-2.jpg\",\"datePublished\":\"2023-01-19T08:26:40+00:00\",\"dateModified\":\"2023-06-13T07:56:14+00:00\",\"breadcrumb\":{\"@id\":\"https:\\\/\\\/empak.ee\\\/en\\\/product\\\/wiivi-armchair-with-sheepskin-and-pouffe\\\/#breadcrumb\"},\"inLanguage\":\"en-US\",\"potentialAction\":[{\"@type\":\"ReadAction\",\"target\":[\"https:\\\/\\\/empak.ee\\\/en\\\/product\\\/wiivi-armchair-with-sheepskin-and-pouffe\\\/\"]}]},{\"@type\":\"ImageObject\",\"inLanguage\":\"en-US\",\"@id\":\"https:\\\/\\\/empak.ee\\\/en\\\/product\\\/wiivi-armchair-with-sheepskin-and-pouffe\\\/#primaryimage\",\"url\":\"https:\\\/\\\/empak.ee\\\/wp-content\\\/uploads\\\/2023\\\/01\\\/empak190307-0005-2.jpg\",\"contentUrl\":\"https:\\\/\\\/empak.ee\\\/wp-content\\\/uploads\\\/2023\\\/01\\\/empak190307-0005-2.jpg\",\"width\":1920,\"height\":1280},{\"@type\":\"BreadcrumbList\",\"@id\":\"https:\\\/\\\/empak.ee\\\/en\\\/product\\\/wiivi-armchair-with-sheepskin-and-pouffe\\\/#breadcrumb\",\"itemListElement\":[{\"@type\":\"ListItem\",\"position\":1,\"name\":\"Home\",\"item\":\"https:\\\/\\\/empak.ee\\\/en\\\/\"},{\"@type\":\"ListItem\",\"position\":2,\"name\":\"Shop\",\"item\":\"https:\\\/\\\/empak.ee\\\/en\\\/shop\\\/\"},{\"@type\":\"ListItem\",\"position\":3,\"name\":\"Wiivi &#8211; Armchair with sheepskin and pouffe\"}]},{\"@type\":\"WebSite\",\"@id\":\"https:\\\/\\\/empak.ee\\\/en\\\/#website\",\"url\":\"https:\\\/\\\/empak.ee\\\/en\\\/\",\"name\":\"V\u00f5ru Empak\",\"description\":\"Pehmem\u00f6\u00f6bli tootmine.\",\"publisher\":{\"@id\":\"https:\\\/\\\/empak.ee\\\/en\\\/#organization\"},\"potentialAction\":[{\"@type\":\"SearchAction\",\"target\":{\"@type\":\"EntryPoint\",\"urlTemplate\":\"https:\\\/\\\/empak.ee\\\/en\\\/?s={search_term_string}\"},\"query-input\":{\"@type\":\"PropertyValueSpecification\",\"valueRequired\":true,\"valueName\":\"search_term_string\"}}],\"inLanguage\":\"en-US\"},{\"@type\":\"Organization\",\"@id\":\"https:\\\/\\\/empak.ee\\\/en\\\/#organization\",\"name\":\"V\u00f5ru Empak\",\"url\":\"https:\\\/\\\/empak.ee\\\/en\\\/\",\"logo\":{\"@type\":\"ImageObject\",\"inLanguage\":\"en-US\",\"@id\":\"https:\\\/\\\/empak.ee\\\/en\\\/#\\\/schema\\\/logo\\\/image\\\/\",\"url\":\"https:\\\/\\\/empak.ee\\\/wp-content\\\/uploads\\\/2023\\\/07\\\/empak-logo-230728.jpg\",\"contentUrl\":\"https:\\\/\\\/empak.ee\\\/wp-content\\\/uploads\\\/2023\\\/07\\\/empak-logo-230728.jpg\",\"width\":800,\"height\":500,\"caption\":\"V\u00f5ru Empak\"},\"image\":{\"@id\":\"https:\\\/\\\/empak.ee\\\/en\\\/#\\\/schema\\\/logo\\\/image\\\/\"},\"sameAs\":[\"https:\\\/\\\/www.facebook.com\\\/voruempak\"]}]}<\/script>\n<!-- \/ Yoast SEO plugin. -->","yoast_head_json":{"title":"Wiivi - Armchair with sheepskin and pouffe - V\u00f5ru Empak","robots":{"index":"index","follow":"follow","max-snippet":"max-snippet:-1","max-image-preview":"max-image-preview:large","max-video-preview":"max-video-preview:-1"},"canonical":"https:\/\/empak.ee\/en\/product\/wiivi-armchair-with-sheepskin-and-pouffe\/","og_locale":"en_US","og_type":"article","og_title":"Wiivi - Armchair with sheepskin and pouffe - V\u00f5ru Empak","og_description":"The frame of the product is made of domestic coniferous wood, and birch plywood and fiberboard are also used  The back and seat of the armchair are covered with natural sheepskin  The sides and back of the armchair are covered with fabric in the same shade  Zig-zag suspension is used in the seat  The seat and backrest are made of foam, covered with soft wadding  Armrests and legs are made of natural oak.  Armrests and legs are finished with natural oil  Made in Estonia  The products are guaranteed for 2 years","og_url":"https:\/\/empak.ee\/en\/product\/wiivi-armchair-with-sheepskin-and-pouffe\/","og_site_name":"V\u00f5ru Empak","article_publisher":"https:\/\/www.facebook.com\/voruempak","article_modified_time":"2023-06-13T07:56:14+00:00","og_image":[{"width":1920,"height":1280,"url":"https:\/\/empak.ee\/wp-content\/uploads\/2023\/01\/empak190307-0005-2.jpg","type":"image\/jpeg"}],"twitter_card":"summary_large_image","schema":{"@context":"https:\/\/schema.org","@graph":[{"@type":"WebPage","@id":"https:\/\/empak.ee\/en\/product\/wiivi-armchair-with-sheepskin-and-pouffe\/","url":"https:\/\/empak.ee\/en\/product\/wiivi-armchair-with-sheepskin-and-pouffe\/","name":"Wiivi - Armchair with sheepskin and pouffe - V\u00f5ru Empak","isPartOf":{"@id":"https:\/\/empak.ee\/en\/#website"},"primaryImageOfPage":{"@id":"https:\/\/empak.ee\/en\/product\/wiivi-armchair-with-sheepskin-and-pouffe\/#primaryimage"},"image":{"@id":"https:\/\/empak.ee\/en\/product\/wiivi-armchair-with-sheepskin-and-pouffe\/#primaryimage"},"thumbnailUrl":"https:\/\/empak.ee\/wp-content\/uploads\/2023\/01\/empak190307-0005-2.jpg","datePublished":"2023-01-19T08:26:40+00:00","dateModified":"2023-06-13T07:56:14+00:00","breadcrumb":{"@id":"https:\/\/empak.ee\/en\/product\/wiivi-armchair-with-sheepskin-and-pouffe\/#breadcrumb"},"inLanguage":"en-US","potentialAction":[{"@type":"ReadAction","target":["https:\/\/empak.ee\/en\/product\/wiivi-armchair-with-sheepskin-and-pouffe\/"]}]},{"@type":"ImageObject","inLanguage":"en-US","@id":"https:\/\/empak.ee\/en\/product\/wiivi-armchair-with-sheepskin-and-pouffe\/#primaryimage","url":"https:\/\/empak.ee\/wp-content\/uploads\/2023\/01\/empak190307-0005-2.jpg","contentUrl":"https:\/\/empak.ee\/wp-content\/uploads\/2023\/01\/empak190307-0005-2.jpg","width":1920,"height":1280},{"@type":"BreadcrumbList","@id":"https:\/\/empak.ee\/en\/product\/wiivi-armchair-with-sheepskin-and-pouffe\/#breadcrumb","itemListElement":[{"@type":"ListItem","position":1,"name":"Home","item":"https:\/\/empak.ee\/en\/"},{"@type":"ListItem","position":2,"name":"Shop","item":"https:\/\/empak.ee\/en\/shop\/"},{"@type":"ListItem","position":3,"name":"Wiivi &#8211; Armchair with sheepskin and pouffe"}]},{"@type":"WebSite","@id":"https:\/\/empak.ee\/en\/#website","url":"https:\/\/empak.ee\/en\/","name":"V\u00f5ru Empak","description":"Pehmem\u00f6\u00f6bli tootmine.","publisher":{"@id":"https:\/\/empak.ee\/en\/#organization"},"potentialAction":[{"@type":"SearchAction","target":{"@type":"EntryPoint","urlTemplate":"https:\/\/empak.ee\/en\/?s={search_term_string}"},"query-input":{"@type":"PropertyValueSpecification","valueRequired":true,"valueName":"search_term_string"}}],"inLanguage":"en-US"},{"@type":"Organization","@id":"https:\/\/empak.ee\/en\/#organization","name":"V\u00f5ru Empak","url":"https:\/\/empak.ee\/en\/","logo":{"@type":"ImageObject","inLanguage":"en-US","@id":"https:\/\/empak.ee\/en\/#\/schema\/logo\/image\/","url":"https:\/\/empak.ee\/wp-content\/uploads\/2023\/07\/empak-logo-230728.jpg","contentUrl":"https:\/\/empak.ee\/wp-content\/uploads\/2023\/07\/empak-logo-230728.jpg","width":800,"height":500,"caption":"V\u00f5ru Empak"},"image":{"@id":"https:\/\/empak.ee\/en\/#\/schema\/logo\/image\/"},"sameAs":["https:\/\/www.facebook.com\/voruempak"]}]}},"_links":{"self":[{"href":"https:\/\/empak.ee\/en\/wp-json\/wp\/v2\/product\/6329","targetHints":{"allow":["GET"]}}],"collection":[{"href":"https:\/\/empak.ee\/en\/wp-json\/wp\/v2\/product"}],"about":[{"href":"https:\/\/empak.ee\/en\/wp-json\/wp\/v2\/types\/product"}],"wp:featuredmedia":[{"embeddable":true,"href":"https:\/\/empak.ee\/en\/wp-json\/wp\/v2\/media\/4319"}],"wp:attachment":[{"href":"https:\/\/empak.ee\/en\/wp-json\/wp\/v2\/media?parent=6329"}],"wp:term":[{"taxonomy":"product_brand","embeddable":true,"href":"https:\/\/empak.ee\/en\/wp-json\/wp\/v2\/product_brand?post=6329"},{"taxonomy":"product_cat","embeddable":true,"href":"https:\/\/empak.ee\/en\/wp-json\/wp\/v2\/product_cat?post=6329"},{"taxonomy":"product_tag","embeddable":true,"href":"https:\/\/empak.ee\/en\/wp-json\/wp\/v2\/product_tag?post=6329"}],"curies":[{"name":"wp","href":"https:\/\/api.w.org\/{rel}","templated":true}]}}