{"id":6323,"date":"2023-01-17T10:01:40","date_gmt":"2023-01-17T08:01:40","guid":{"rendered":"https:\/\/empak.katingtest.eu\/?post_type=product&#038;p=6323"},"modified":"2023-06-20T14:49:05","modified_gmt":"2023-06-20T11:49:05","slug":"alex-nurgadiivan","status":"publish","type":"product","link":"https:\/\/empak.ee\/en\/product\/alex-nurgadiivan\/","title":{"rendered":"Alex &#8211; Corner sofa"},"content":{"rendered":"<p><img loading=\"lazy\" decoding=\"async\" class=\"alignnone size-medium wp-image-1985\" src=\"https:\/\/empak.ee\/wp-content\/uploads\/2023\/01\/alex-moodud-tumbaga-voru-empak-e1692867439198.jpg\" alt=\"\" width=\"600\" height=\"188\" \/><\/p>\n<table class=\"table-auto w-full\">\n<tbody>\n<tr>\n<td class=\"border px-2 py-1 font-bold\">Material<\/td>\n<td class=\"border px-2 py-1\">fabric<\/td>\n<\/tr>\n<tr>\n<td class=\"border px-2 py-1 font-bold\">An additional feature of the furniture<\/td>\n<td class=\"border px-2 py-1\">corner<\/td>\n<\/tr>\n<tr>\n<td class=\"border px-2 py-1 font-bold\">Shape<\/td>\n<td class=\"border px-2 py-1\">L-shaped<\/td>\n<\/tr>\n<tr>\n<td class=\"border px-2 py-1 font-bold\">Width (cm)<\/td>\n<td class=\"border px-2 py-1\">260.0<\/td>\n<\/tr>\n<tr>\n<td class=\"border px-2 py-1 font-bold\">Height (cm)<\/td>\n<td class=\"border px-2 py-1\">83.0<\/td>\n<\/tr>\n<tr>\n<td class=\"border px-2 py-1 font-bold\">Legs<\/td>\n<td class=\"border px-2 py-1\">wood<\/td>\n<\/tr>\n<tr>\n<td class=\"border px-2 py-1 font-bold\">Sleeping function<\/td>\n<td class=\"border px-2 py-1\">No<\/td>\n<\/tr>\n<\/tbody>\n<\/table>\n","protected":false},"excerpt":{"rendered":"<ul>\n<li>The frame of the product is made of branch-free dry domestic coniferous wood, in addition birch plywood and fiberboard are used<\/li>\n<li>The inner sides of the sofa&#8217;s seating and armrests are covered with fabric<\/li>\n<li>The outer sides of the armrests, the front panel and the back wall are covered with fabric<\/li>\n<li>Zig-zag suspension is used in the seat<\/li>\n<li>The seat is made of foam, the backrest cushions are filled with a foam mixture<\/li>\n<li>The back of the sofa is finished, can be placed in the middle of the room<\/li>\n<li>The room can be used as a storage space<\/li>\n<li>The color of the sofa legs can be selected<\/li>\n<li>Made in Estonia<\/li>\n<li>The product warranty is 2 years<\/li>\n<\/ul>\n","protected":false},"featured_media":5044,"template":"","meta":{"_acf_changed":false},"product_brand":[],"product_cat":[57,70,58,72,59],"product_tag":[],"class_list":{"0":"post-6323","1":"product","2":"type-product","3":"status-publish","4":"has-post-thumbnail","6":"product_cat-kangaga-seljapadi-en","7":"product_cat-corner-sofas","8":"product_cat-kangaga-toode-en","9":"product_cat-sofas","10":"product_cat-puidust-jalad-en","12":"first","13":"instock","14":"taxable","15":"shipping-taxable","16":"purchasable","17":"product-type-variable"},"acf":[],"yoast_head":"<!-- This site is optimized with the Yoast SEO plugin v27.4 - https:\/\/yoast.com\/product\/yoast-seo-wordpress\/ -->\n<title>Alex - Corner sofa - V\u00f5ru Empak<\/title>\n<meta name=\"robots\" content=\"index, follow, max-snippet:-1, max-image-preview:large, max-video-preview:-1\" \/>\n<link rel=\"canonical\" href=\"https:\/\/empak.ee\/en\/product\/alex-nurgadiivan\/\" \/>\n<meta property=\"og:locale\" content=\"en_US\" \/>\n<meta property=\"og:type\" content=\"article\" \/>\n<meta property=\"og:title\" content=\"Alex - Corner sofa - V\u00f5ru Empak\" \/>\n<meta property=\"og:description\" content=\"The frame of the product is made of branch-free dry domestic coniferous wood, in addition birch plywood and fiberboard are used  The inner sides of the sofa&#039;s seating and armrests are covered with fabric  The outer sides of the armrests, the front panel and the back wall are covered with fabric  Zig-zag suspension is used in the seat  The seat is made of foam, the backrest cushions are filled with a foam mixture  The back of the sofa is finished, can be placed in the middle of the room  The room can be used as a storage space  The color of the sofa legs can be selected  Made in Estonia  The product warranty is 2 years\" \/>\n<meta property=\"og:url\" content=\"https:\/\/empak.ee\/en\/product\/alex-nurgadiivan\/\" \/>\n<meta property=\"og:site_name\" content=\"V\u00f5ru Empak\" \/>\n<meta property=\"article:publisher\" content=\"https:\/\/www.facebook.com\/voruempak\" \/>\n<meta property=\"article:modified_time\" content=\"2023-06-20T11:49:05+00:00\" \/>\n<meta property=\"og:image\" content=\"https:\/\/empak.ee\/wp-content\/uploads\/2023\/01\/Alex-NDV-Terra-75-14.jpg\" \/>\n\t<meta property=\"og:image:width\" content=\"1920\" \/>\n\t<meta property=\"og:image:height\" content=\"1280\" \/>\n\t<meta property=\"og:image:type\" content=\"image\/jpeg\" \/>\n<meta name=\"twitter:card\" content=\"summary_large_image\" \/>\n<script type=\"application\/ld+json\" class=\"yoast-schema-graph\">{\"@context\":\"https:\\\/\\\/schema.org\",\"@graph\":[{\"@type\":\"WebPage\",\"@id\":\"https:\\\/\\\/empak.ee\\\/en\\\/product\\\/alex-nurgadiivan\\\/\",\"url\":\"https:\\\/\\\/empak.ee\\\/en\\\/product\\\/alex-nurgadiivan\\\/\",\"name\":\"Alex - Corner sofa - V\u00f5ru Empak\",\"isPartOf\":{\"@id\":\"https:\\\/\\\/empak.ee\\\/en\\\/#website\"},\"primaryImageOfPage\":{\"@id\":\"https:\\\/\\\/empak.ee\\\/en\\\/product\\\/alex-nurgadiivan\\\/#primaryimage\"},\"image\":{\"@id\":\"https:\\\/\\\/empak.ee\\\/en\\\/product\\\/alex-nurgadiivan\\\/#primaryimage\"},\"thumbnailUrl\":\"https:\\\/\\\/empak.ee\\\/wp-content\\\/uploads\\\/2023\\\/01\\\/Alex-NDV-Terra-75-14.jpg\",\"datePublished\":\"2023-01-17T08:01:40+00:00\",\"dateModified\":\"2023-06-20T11:49:05+00:00\",\"breadcrumb\":{\"@id\":\"https:\\\/\\\/empak.ee\\\/en\\\/product\\\/alex-nurgadiivan\\\/#breadcrumb\"},\"inLanguage\":\"en-US\",\"potentialAction\":[{\"@type\":\"ReadAction\",\"target\":[\"https:\\\/\\\/empak.ee\\\/en\\\/product\\\/alex-nurgadiivan\\\/\"]}]},{\"@type\":\"ImageObject\",\"inLanguage\":\"en-US\",\"@id\":\"https:\\\/\\\/empak.ee\\\/en\\\/product\\\/alex-nurgadiivan\\\/#primaryimage\",\"url\":\"https:\\\/\\\/empak.ee\\\/wp-content\\\/uploads\\\/2023\\\/01\\\/Alex-NDV-Terra-75-14.jpg\",\"contentUrl\":\"https:\\\/\\\/empak.ee\\\/wp-content\\\/uploads\\\/2023\\\/01\\\/Alex-NDV-Terra-75-14.jpg\",\"width\":1920,\"height\":1280},{\"@type\":\"BreadcrumbList\",\"@id\":\"https:\\\/\\\/empak.ee\\\/en\\\/product\\\/alex-nurgadiivan\\\/#breadcrumb\",\"itemListElement\":[{\"@type\":\"ListItem\",\"position\":1,\"name\":\"Home\",\"item\":\"https:\\\/\\\/empak.ee\\\/en\\\/\"},{\"@type\":\"ListItem\",\"position\":2,\"name\":\"Shop\",\"item\":\"https:\\\/\\\/empak.ee\\\/en\\\/shop\\\/\"},{\"@type\":\"ListItem\",\"position\":3,\"name\":\"Alex &#8211; Corner sofa\"}]},{\"@type\":\"WebSite\",\"@id\":\"https:\\\/\\\/empak.ee\\\/en\\\/#website\",\"url\":\"https:\\\/\\\/empak.ee\\\/en\\\/\",\"name\":\"V\u00f5ru Empak\",\"description\":\"Pehmem\u00f6\u00f6bli tootmine.\",\"publisher\":{\"@id\":\"https:\\\/\\\/empak.ee\\\/en\\\/#organization\"},\"potentialAction\":[{\"@type\":\"SearchAction\",\"target\":{\"@type\":\"EntryPoint\",\"urlTemplate\":\"https:\\\/\\\/empak.ee\\\/en\\\/?s={search_term_string}\"},\"query-input\":{\"@type\":\"PropertyValueSpecification\",\"valueRequired\":true,\"valueName\":\"search_term_string\"}}],\"inLanguage\":\"en-US\"},{\"@type\":\"Organization\",\"@id\":\"https:\\\/\\\/empak.ee\\\/en\\\/#organization\",\"name\":\"V\u00f5ru Empak\",\"url\":\"https:\\\/\\\/empak.ee\\\/en\\\/\",\"logo\":{\"@type\":\"ImageObject\",\"inLanguage\":\"en-US\",\"@id\":\"https:\\\/\\\/empak.ee\\\/en\\\/#\\\/schema\\\/logo\\\/image\\\/\",\"url\":\"https:\\\/\\\/empak.ee\\\/wp-content\\\/uploads\\\/2023\\\/07\\\/empak-logo-230728.jpg\",\"contentUrl\":\"https:\\\/\\\/empak.ee\\\/wp-content\\\/uploads\\\/2023\\\/07\\\/empak-logo-230728.jpg\",\"width\":800,\"height\":500,\"caption\":\"V\u00f5ru Empak\"},\"image\":{\"@id\":\"https:\\\/\\\/empak.ee\\\/en\\\/#\\\/schema\\\/logo\\\/image\\\/\"},\"sameAs\":[\"https:\\\/\\\/www.facebook.com\\\/voruempak\"]}]}<\/script>\n<!-- \/ Yoast SEO plugin. -->","yoast_head_json":{"title":"Alex - Corner sofa - V\u00f5ru Empak","robots":{"index":"index","follow":"follow","max-snippet":"max-snippet:-1","max-image-preview":"max-image-preview:large","max-video-preview":"max-video-preview:-1"},"canonical":"https:\/\/empak.ee\/en\/product\/alex-nurgadiivan\/","og_locale":"en_US","og_type":"article","og_title":"Alex - Corner sofa - V\u00f5ru Empak","og_description":"The frame of the product is made of branch-free dry domestic coniferous wood, in addition birch plywood and fiberboard are used  The inner sides of the sofa's seating and armrests are covered with fabric  The outer sides of the armrests, the front panel and the back wall are covered with fabric  Zig-zag suspension is used in the seat  The seat is made of foam, the backrest cushions are filled with a foam mixture  The back of the sofa is finished, can be placed in the middle of the room  The room can be used as a storage space  The color of the sofa legs can be selected  Made in Estonia  The product warranty is 2 years","og_url":"https:\/\/empak.ee\/en\/product\/alex-nurgadiivan\/","og_site_name":"V\u00f5ru Empak","article_publisher":"https:\/\/www.facebook.com\/voruempak","article_modified_time":"2023-06-20T11:49:05+00:00","og_image":[{"width":1920,"height":1280,"url":"https:\/\/empak.ee\/wp-content\/uploads\/2023\/01\/Alex-NDV-Terra-75-14.jpg","type":"image\/jpeg"}],"twitter_card":"summary_large_image","schema":{"@context":"https:\/\/schema.org","@graph":[{"@type":"WebPage","@id":"https:\/\/empak.ee\/en\/product\/alex-nurgadiivan\/","url":"https:\/\/empak.ee\/en\/product\/alex-nurgadiivan\/","name":"Alex - Corner sofa - V\u00f5ru Empak","isPartOf":{"@id":"https:\/\/empak.ee\/en\/#website"},"primaryImageOfPage":{"@id":"https:\/\/empak.ee\/en\/product\/alex-nurgadiivan\/#primaryimage"},"image":{"@id":"https:\/\/empak.ee\/en\/product\/alex-nurgadiivan\/#primaryimage"},"thumbnailUrl":"https:\/\/empak.ee\/wp-content\/uploads\/2023\/01\/Alex-NDV-Terra-75-14.jpg","datePublished":"2023-01-17T08:01:40+00:00","dateModified":"2023-06-20T11:49:05+00:00","breadcrumb":{"@id":"https:\/\/empak.ee\/en\/product\/alex-nurgadiivan\/#breadcrumb"},"inLanguage":"en-US","potentialAction":[{"@type":"ReadAction","target":["https:\/\/empak.ee\/en\/product\/alex-nurgadiivan\/"]}]},{"@type":"ImageObject","inLanguage":"en-US","@id":"https:\/\/empak.ee\/en\/product\/alex-nurgadiivan\/#primaryimage","url":"https:\/\/empak.ee\/wp-content\/uploads\/2023\/01\/Alex-NDV-Terra-75-14.jpg","contentUrl":"https:\/\/empak.ee\/wp-content\/uploads\/2023\/01\/Alex-NDV-Terra-75-14.jpg","width":1920,"height":1280},{"@type":"BreadcrumbList","@id":"https:\/\/empak.ee\/en\/product\/alex-nurgadiivan\/#breadcrumb","itemListElement":[{"@type":"ListItem","position":1,"name":"Home","item":"https:\/\/empak.ee\/en\/"},{"@type":"ListItem","position":2,"name":"Shop","item":"https:\/\/empak.ee\/en\/shop\/"},{"@type":"ListItem","position":3,"name":"Alex &#8211; Corner sofa"}]},{"@type":"WebSite","@id":"https:\/\/empak.ee\/en\/#website","url":"https:\/\/empak.ee\/en\/","name":"V\u00f5ru Empak","description":"Pehmem\u00f6\u00f6bli tootmine.","publisher":{"@id":"https:\/\/empak.ee\/en\/#organization"},"potentialAction":[{"@type":"SearchAction","target":{"@type":"EntryPoint","urlTemplate":"https:\/\/empak.ee\/en\/?s={search_term_string}"},"query-input":{"@type":"PropertyValueSpecification","valueRequired":true,"valueName":"search_term_string"}}],"inLanguage":"en-US"},{"@type":"Organization","@id":"https:\/\/empak.ee\/en\/#organization","name":"V\u00f5ru Empak","url":"https:\/\/empak.ee\/en\/","logo":{"@type":"ImageObject","inLanguage":"en-US","@id":"https:\/\/empak.ee\/en\/#\/schema\/logo\/image\/","url":"https:\/\/empak.ee\/wp-content\/uploads\/2023\/07\/empak-logo-230728.jpg","contentUrl":"https:\/\/empak.ee\/wp-content\/uploads\/2023\/07\/empak-logo-230728.jpg","width":800,"height":500,"caption":"V\u00f5ru Empak"},"image":{"@id":"https:\/\/empak.ee\/en\/#\/schema\/logo\/image\/"},"sameAs":["https:\/\/www.facebook.com\/voruempak"]}]}},"_links":{"self":[{"href":"https:\/\/empak.ee\/en\/wp-json\/wp\/v2\/product\/6323","targetHints":{"allow":["GET"]}}],"collection":[{"href":"https:\/\/empak.ee\/en\/wp-json\/wp\/v2\/product"}],"about":[{"href":"https:\/\/empak.ee\/en\/wp-json\/wp\/v2\/types\/product"}],"wp:featuredmedia":[{"embeddable":true,"href":"https:\/\/empak.ee\/en\/wp-json\/wp\/v2\/media\/5044"}],"wp:attachment":[{"href":"https:\/\/empak.ee\/en\/wp-json\/wp\/v2\/media?parent=6323"}],"wp:term":[{"taxonomy":"product_brand","embeddable":true,"href":"https:\/\/empak.ee\/en\/wp-json\/wp\/v2\/product_brand?post=6323"},{"taxonomy":"product_cat","embeddable":true,"href":"https:\/\/empak.ee\/en\/wp-json\/wp\/v2\/product_cat?post=6323"},{"taxonomy":"product_tag","embeddable":true,"href":"https:\/\/empak.ee\/en\/wp-json\/wp\/v2\/product_tag?post=6323"}],"curies":[{"name":"wp","href":"https:\/\/api.w.org\/{rel}","templated":true}]}}