{"id":11385,"date":"2025-07-17T11:52:52","date_gmt":"2025-07-17T08:52:52","guid":{"rendered":"https:\/\/empak.ee\/?post_type=product&#038;p=11385"},"modified":"2025-07-22T14:58:40","modified_gmt":"2025-07-22T11:58:40","slug":"2-ne-diivanvoodi-kristiina-letto-39","status":"publish","type":"product","link":"https:\/\/empak.ee\/en\/product\/2-ne-diivanvoodi-kristiina-letto-39\/","title":{"rendered":"2-ne diivanvoodi Kristiina Letto 39"},"content":{"rendered":"<p><img loading=\"lazy\" decoding=\"async\" class=\"alignnone size-full wp-image-1876\" src=\"https:\/\/empak.ee\/wp-content\/uploads\/2023\/01\/kristiina-kulg.jpg\" alt=\"\" width=\"520\" height=\"305\" srcset=\"https:\/\/empak.ee\/wp-content\/uploads\/2023\/01\/kristiina-kulg.jpg 520w, https:\/\/empak.ee\/wp-content\/uploads\/2023\/01\/kristiina-kulg-300x176.jpg 300w\" sizes=\"auto, (max-width: 520px) 100vw, 520px\" \/> <img loading=\"lazy\" decoding=\"async\" class=\"alignnone size-full wp-image-10181\" src=\"https:\/\/empak.ee\/wp-content\/uploads\/2023\/01\/kristiina-2ne-moodud_page-0001.jpg\" alt=\"\" width=\"360\" height=\"272\" srcset=\"https:\/\/empak.ee\/wp-content\/uploads\/2023\/01\/kristiina-2ne-moodud_page-0001.jpg 360w, https:\/\/empak.ee\/wp-content\/uploads\/2023\/01\/kristiina-2ne-moodud_page-0001-300x227.jpg 300w\" sizes=\"auto, (max-width: 360px) 100vw, 360px\" \/><\/p>\n<table>\n<tbody>\n<tr>\n<td>Materjal<\/td>\n<td>kangas<\/td>\n<\/tr>\n<tr>\n<td>Kohtade arv<\/td>\n<td>2<\/td>\n<\/tr>\n<tr>\n<td>Laius (cm)<\/td>\n<td>165.0<\/td>\n<\/tr>\n<tr>\n<td>S\u00fcgavus (cm)<\/td>\n<td>87.0<\/td>\n<\/tr>\n<tr>\n<td>K\u00f5rgus (cm)<\/td>\n<td>88.0<\/td>\n<\/tr>\n<tr>\n<td>Magamisfunktsioon<\/td>\n<td>Jah<\/td>\n<\/tr>\n<tr>\n<td>Jalad<\/td>\n<td>plastikust<\/td>\n<\/tr>\n<\/tbody>\n<\/table>\n","protected":false},"excerpt":{"rendered":"<ul>\n<li>Toote istumis ja magamise osa karkass on valmistatud metallist<\/li>\n<li>\u00dclej\u00e4\u00e4nud toote osades on kasutatud kasevineeri, mdf-i ja okaspuitu<\/li>\n<li>Toote istumise osa ja k\u00e4etugede sisemiste k\u00fclgede katteks on kangas<\/li>\n<li>K\u00e4etugede v\u00e4lisk\u00fcljed, esipaneel ja tagasein on kaetud kangaga<\/li>\n<li>Istmes on kasutatud sik-sak vedrustust<\/li>\n<li>Istme ja seljatoe patjade sisuks on poroloon, mis on kaetud pehme vatiiniga<\/li>\n<li>Toodete tagak\u00fclg on viimistletud ja seda saab paigutada keset tuba<\/li>\n<li data-v-b4b16f92=\"\">Magamiskoha m\u00f5\u00f5dud 140&#215;190 cm<\/li>\n<li>Jalgade k\u00f5rgus on 2,5 cm<\/li>\n<li>Toode on kaetud kangaga Letto 39 (allpool pildil)<\/li>\n<li>Toodetud Eestis<\/li>\n<li><strong>Toote garantii on 2 aastat<\/strong><\/li>\n<\/ul>\n<p><img loading=\"lazy\" decoding=\"async\" class=\"size-medium wp-image-3142\" src=\"https:\/\/empak.ee\/wp-content\/uploads\/2023\/04\/letto39-600x330.jpg\" alt=\"\" width=\"600\" height=\"330\" srcset=\"https:\/\/empak.ee\/wp-content\/uploads\/2023\/04\/letto39-600x330.jpg 600w, https:\/\/empak.ee\/wp-content\/uploads\/2023\/04\/letto39-768x422.jpg 768w, https:\/\/empak.ee\/wp-content\/uploads\/2023\/04\/letto39-300x165.jpg 300w, https:\/\/empak.ee\/wp-content\/uploads\/2023\/04\/letto39.jpg 910w\" sizes=\"auto, (max-width: 600px) 100vw, 600px\" \/><\/p>\n","protected":false},"featured_media":11402,"template":"","meta":{"_acf_changed":false},"product_brand":[],"product_cat":[19],"product_tag":[],"class_list":{"0":"post-11385","1":"product","2":"type-product","3":"status-publish","4":"has-post-thumbnail","6":"product_cat-leiunurk","8":"first","9":"instock","10":"sale","11":"taxable","12":"shipping-taxable","13":"purchasable","14":"product-type-simple"},"acf":[],"yoast_head":"<!-- This site is optimized with the Yoast SEO plugin v27.4 - https:\/\/yoast.com\/product\/yoast-seo-wordpress\/ -->\n<title>2-ne diivanvoodi Kristiina Letto 39 - V\u00f5ru Empak<\/title>\n<meta name=\"robots\" content=\"index, follow, max-snippet:-1, max-image-preview:large, max-video-preview:-1\" \/>\n<link rel=\"canonical\" href=\"https:\/\/empak.ee\/toode\/2-ne-diivanvoodi-kristiina-letto-39\/\" \/>\n<meta property=\"og:locale\" content=\"en_US\" \/>\n<meta property=\"og:type\" content=\"article\" \/>\n<meta property=\"og:title\" content=\"2-ne diivanvoodi Kristiina Letto 39 - V\u00f5ru Empak\" \/>\n<meta property=\"og:description\" content=\"Toote istumis ja magamise osa karkass on valmistatud metallist  \u00dclej\u00e4\u00e4nud toote osades on kasutatud kasevineeri, mdf-i ja okaspuitu  Toote istumise osa ja k\u00e4etugede sisemiste k\u00fclgede katteks on kangas  K\u00e4etugede v\u00e4lisk\u00fcljed, esipaneel ja tagasein on kaetud kangaga  Istmes on kasutatud sik-sak vedrustust  Istme ja seljatoe patjade sisuks on poroloon, mis on kaetud pehme vatiiniga  Toodete tagak\u00fclg on viimistletud ja seda saab paigutada keset tuba  Magamiskoha m\u00f5\u00f5dud 140x190 cm  Jalgade k\u00f5rgus on 2,5 cm  Toode on kaetud kangaga Letto 39 (allpool pildil)  Toodetud Eestis  Toote garantii on 2 aastat\" \/>\n<meta property=\"og:url\" content=\"https:\/\/empak.ee\/toode\/2-ne-diivanvoodi-kristiina-letto-39\/\" \/>\n<meta property=\"og:site_name\" content=\"V\u00f5ru Empak\" \/>\n<meta property=\"article:publisher\" content=\"https:\/\/www.facebook.com\/voruempak\" \/>\n<meta property=\"article:modified_time\" content=\"2025-07-22T11:58:40+00:00\" \/>\n<meta property=\"og:image\" content=\"https:\/\/empak.ee\/wp-content\/uploads\/2025\/07\/Kristiina-tumerohelise-kangaga_page-0001.jpg\" \/>\n\t<meta property=\"og:image:width\" content=\"1241\" \/>\n\t<meta property=\"og:image:height\" content=\"877\" \/>\n\t<meta property=\"og:image:type\" content=\"image\/jpeg\" \/>\n<meta name=\"twitter:card\" content=\"summary_large_image\" \/>\n<meta name=\"twitter:label1\" content=\"Est. reading time\" \/>\n\t<meta name=\"twitter:data1\" content=\"1 minute\" \/>\n<script type=\"application\/ld+json\" class=\"yoast-schema-graph\">{\"@context\":\"https:\\\/\\\/schema.org\",\"@graph\":[{\"@type\":\"WebPage\",\"@id\":\"https:\\\/\\\/empak.ee\\\/toode\\\/2-ne-diivanvoodi-kristiina-letto-39\\\/\",\"url\":\"https:\\\/\\\/empak.ee\\\/toode\\\/2-ne-diivanvoodi-kristiina-letto-39\\\/\",\"name\":\"2-ne diivanvoodi Kristiina Letto 39 - V\u00f5ru Empak\",\"isPartOf\":{\"@id\":\"https:\\\/\\\/empak.ee\\\/en\\\/#website\"},\"primaryImageOfPage\":{\"@id\":\"https:\\\/\\\/empak.ee\\\/toode\\\/2-ne-diivanvoodi-kristiina-letto-39\\\/#primaryimage\"},\"image\":{\"@id\":\"https:\\\/\\\/empak.ee\\\/toode\\\/2-ne-diivanvoodi-kristiina-letto-39\\\/#primaryimage\"},\"thumbnailUrl\":\"https:\\\/\\\/empak.ee\\\/wp-content\\\/uploads\\\/2025\\\/07\\\/Kristiina-tumerohelise-kangaga_page-0001.jpg\",\"datePublished\":\"2025-07-17T08:52:52+00:00\",\"dateModified\":\"2025-07-22T11:58:40+00:00\",\"breadcrumb\":{\"@id\":\"https:\\\/\\\/empak.ee\\\/toode\\\/2-ne-diivanvoodi-kristiina-letto-39\\\/#breadcrumb\"},\"inLanguage\":\"en-US\",\"potentialAction\":[{\"@type\":\"ReadAction\",\"target\":[\"https:\\\/\\\/empak.ee\\\/toode\\\/2-ne-diivanvoodi-kristiina-letto-39\\\/\"]}]},{\"@type\":\"ImageObject\",\"inLanguage\":\"en-US\",\"@id\":\"https:\\\/\\\/empak.ee\\\/toode\\\/2-ne-diivanvoodi-kristiina-letto-39\\\/#primaryimage\",\"url\":\"https:\\\/\\\/empak.ee\\\/wp-content\\\/uploads\\\/2025\\\/07\\\/Kristiina-tumerohelise-kangaga_page-0001.jpg\",\"contentUrl\":\"https:\\\/\\\/empak.ee\\\/wp-content\\\/uploads\\\/2025\\\/07\\\/Kristiina-tumerohelise-kangaga_page-0001.jpg\",\"width\":1241,\"height\":877},{\"@type\":\"BreadcrumbList\",\"@id\":\"https:\\\/\\\/empak.ee\\\/toode\\\/2-ne-diivanvoodi-kristiina-letto-39\\\/#breadcrumb\",\"itemListElement\":[{\"@type\":\"ListItem\",\"position\":1,\"name\":\"Home\",\"item\":\"https:\\\/\\\/empak.ee\\\/en\\\/\"},{\"@type\":\"ListItem\",\"position\":2,\"name\":\"Shop\",\"item\":\"https:\\\/\\\/empak.ee\\\/en\\\/shop\\\/\"},{\"@type\":\"ListItem\",\"position\":3,\"name\":\"2-ne diivanvoodi Kristiina Letto 39\"}]},{\"@type\":\"WebSite\",\"@id\":\"https:\\\/\\\/empak.ee\\\/en\\\/#website\",\"url\":\"https:\\\/\\\/empak.ee\\\/en\\\/\",\"name\":\"V\u00f5ru Empak\",\"description\":\"Pehmem\u00f6\u00f6bli tootmine.\",\"publisher\":{\"@id\":\"https:\\\/\\\/empak.ee\\\/en\\\/#organization\"},\"potentialAction\":[{\"@type\":\"SearchAction\",\"target\":{\"@type\":\"EntryPoint\",\"urlTemplate\":\"https:\\\/\\\/empak.ee\\\/en\\\/?s={search_term_string}\"},\"query-input\":{\"@type\":\"PropertyValueSpecification\",\"valueRequired\":true,\"valueName\":\"search_term_string\"}}],\"inLanguage\":\"en-US\"},{\"@type\":\"Organization\",\"@id\":\"https:\\\/\\\/empak.ee\\\/en\\\/#organization\",\"name\":\"V\u00f5ru Empak\",\"url\":\"https:\\\/\\\/empak.ee\\\/en\\\/\",\"logo\":{\"@type\":\"ImageObject\",\"inLanguage\":\"en-US\",\"@id\":\"https:\\\/\\\/empak.ee\\\/en\\\/#\\\/schema\\\/logo\\\/image\\\/\",\"url\":\"https:\\\/\\\/empak.ee\\\/wp-content\\\/uploads\\\/2023\\\/07\\\/empak-logo-230728.jpg\",\"contentUrl\":\"https:\\\/\\\/empak.ee\\\/wp-content\\\/uploads\\\/2023\\\/07\\\/empak-logo-230728.jpg\",\"width\":800,\"height\":500,\"caption\":\"V\u00f5ru Empak\"},\"image\":{\"@id\":\"https:\\\/\\\/empak.ee\\\/en\\\/#\\\/schema\\\/logo\\\/image\\\/\"},\"sameAs\":[\"https:\\\/\\\/www.facebook.com\\\/voruempak\"]}]}<\/script>\n<!-- \/ Yoast SEO plugin. -->","yoast_head_json":{"title":"2-ne diivanvoodi Kristiina Letto 39 - V\u00f5ru Empak","robots":{"index":"index","follow":"follow","max-snippet":"max-snippet:-1","max-image-preview":"max-image-preview:large","max-video-preview":"max-video-preview:-1"},"canonical":"https:\/\/empak.ee\/toode\/2-ne-diivanvoodi-kristiina-letto-39\/","og_locale":"en_US","og_type":"article","og_title":"2-ne diivanvoodi Kristiina Letto 39 - V\u00f5ru Empak","og_description":"Toote istumis ja magamise osa karkass on valmistatud metallist  \u00dclej\u00e4\u00e4nud toote osades on kasutatud kasevineeri, mdf-i ja okaspuitu  Toote istumise osa ja k\u00e4etugede sisemiste k\u00fclgede katteks on kangas  K\u00e4etugede v\u00e4lisk\u00fcljed, esipaneel ja tagasein on kaetud kangaga  Istmes on kasutatud sik-sak vedrustust  Istme ja seljatoe patjade sisuks on poroloon, mis on kaetud pehme vatiiniga  Toodete tagak\u00fclg on viimistletud ja seda saab paigutada keset tuba  Magamiskoha m\u00f5\u00f5dud 140x190 cm  Jalgade k\u00f5rgus on 2,5 cm  Toode on kaetud kangaga Letto 39 (allpool pildil)  Toodetud Eestis  Toote garantii on 2 aastat","og_url":"https:\/\/empak.ee\/toode\/2-ne-diivanvoodi-kristiina-letto-39\/","og_site_name":"V\u00f5ru Empak","article_publisher":"https:\/\/www.facebook.com\/voruempak","article_modified_time":"2025-07-22T11:58:40+00:00","og_image":[{"width":1241,"height":877,"url":"https:\/\/empak.ee\/wp-content\/uploads\/2025\/07\/Kristiina-tumerohelise-kangaga_page-0001.jpg","type":"image\/jpeg"}],"twitter_card":"summary_large_image","twitter_misc":{"Est. reading time":"1 minute"},"schema":{"@context":"https:\/\/schema.org","@graph":[{"@type":"WebPage","@id":"https:\/\/empak.ee\/toode\/2-ne-diivanvoodi-kristiina-letto-39\/","url":"https:\/\/empak.ee\/toode\/2-ne-diivanvoodi-kristiina-letto-39\/","name":"2-ne diivanvoodi Kristiina Letto 39 - V\u00f5ru Empak","isPartOf":{"@id":"https:\/\/empak.ee\/en\/#website"},"primaryImageOfPage":{"@id":"https:\/\/empak.ee\/toode\/2-ne-diivanvoodi-kristiina-letto-39\/#primaryimage"},"image":{"@id":"https:\/\/empak.ee\/toode\/2-ne-diivanvoodi-kristiina-letto-39\/#primaryimage"},"thumbnailUrl":"https:\/\/empak.ee\/wp-content\/uploads\/2025\/07\/Kristiina-tumerohelise-kangaga_page-0001.jpg","datePublished":"2025-07-17T08:52:52+00:00","dateModified":"2025-07-22T11:58:40+00:00","breadcrumb":{"@id":"https:\/\/empak.ee\/toode\/2-ne-diivanvoodi-kristiina-letto-39\/#breadcrumb"},"inLanguage":"en-US","potentialAction":[{"@type":"ReadAction","target":["https:\/\/empak.ee\/toode\/2-ne-diivanvoodi-kristiina-letto-39\/"]}]},{"@type":"ImageObject","inLanguage":"en-US","@id":"https:\/\/empak.ee\/toode\/2-ne-diivanvoodi-kristiina-letto-39\/#primaryimage","url":"https:\/\/empak.ee\/wp-content\/uploads\/2025\/07\/Kristiina-tumerohelise-kangaga_page-0001.jpg","contentUrl":"https:\/\/empak.ee\/wp-content\/uploads\/2025\/07\/Kristiina-tumerohelise-kangaga_page-0001.jpg","width":1241,"height":877},{"@type":"BreadcrumbList","@id":"https:\/\/empak.ee\/toode\/2-ne-diivanvoodi-kristiina-letto-39\/#breadcrumb","itemListElement":[{"@type":"ListItem","position":1,"name":"Home","item":"https:\/\/empak.ee\/en\/"},{"@type":"ListItem","position":2,"name":"Shop","item":"https:\/\/empak.ee\/en\/shop\/"},{"@type":"ListItem","position":3,"name":"2-ne diivanvoodi Kristiina Letto 39"}]},{"@type":"WebSite","@id":"https:\/\/empak.ee\/en\/#website","url":"https:\/\/empak.ee\/en\/","name":"V\u00f5ru Empak","description":"Pehmem\u00f6\u00f6bli tootmine.","publisher":{"@id":"https:\/\/empak.ee\/en\/#organization"},"potentialAction":[{"@type":"SearchAction","target":{"@type":"EntryPoint","urlTemplate":"https:\/\/empak.ee\/en\/?s={search_term_string}"},"query-input":{"@type":"PropertyValueSpecification","valueRequired":true,"valueName":"search_term_string"}}],"inLanguage":"en-US"},{"@type":"Organization","@id":"https:\/\/empak.ee\/en\/#organization","name":"V\u00f5ru Empak","url":"https:\/\/empak.ee\/en\/","logo":{"@type":"ImageObject","inLanguage":"en-US","@id":"https:\/\/empak.ee\/en\/#\/schema\/logo\/image\/","url":"https:\/\/empak.ee\/wp-content\/uploads\/2023\/07\/empak-logo-230728.jpg","contentUrl":"https:\/\/empak.ee\/wp-content\/uploads\/2023\/07\/empak-logo-230728.jpg","width":800,"height":500,"caption":"V\u00f5ru Empak"},"image":{"@id":"https:\/\/empak.ee\/en\/#\/schema\/logo\/image\/"},"sameAs":["https:\/\/www.facebook.com\/voruempak"]}]}},"_links":{"self":[{"href":"https:\/\/empak.ee\/en\/wp-json\/wp\/v2\/product\/11385","targetHints":{"allow":["GET"]}}],"collection":[{"href":"https:\/\/empak.ee\/en\/wp-json\/wp\/v2\/product"}],"about":[{"href":"https:\/\/empak.ee\/en\/wp-json\/wp\/v2\/types\/product"}],"wp:featuredmedia":[{"embeddable":true,"href":"https:\/\/empak.ee\/en\/wp-json\/wp\/v2\/media\/11402"}],"wp:attachment":[{"href":"https:\/\/empak.ee\/en\/wp-json\/wp\/v2\/media?parent=11385"}],"wp:term":[{"taxonomy":"product_brand","embeddable":true,"href":"https:\/\/empak.ee\/en\/wp-json\/wp\/v2\/product_brand?post=11385"},{"taxonomy":"product_cat","embeddable":true,"href":"https:\/\/empak.ee\/en\/wp-json\/wp\/v2\/product_cat?post=11385"},{"taxonomy":"product_tag","embeddable":true,"href":"https:\/\/empak.ee\/en\/wp-json\/wp\/v2\/product_tag?post=11385"}],"curies":[{"name":"wp","href":"https:\/\/api.w.org\/{rel}","templated":true}]}}