{"id":6301,"date":"2023-04-06T09:44:15","date_gmt":"2023-04-06T06:44:15","guid":{"rendered":"https:\/\/empak.katingtest.eu\/products\/bed-pillow\/"},"modified":"2024-09-03T12:09:16","modified_gmt":"2024-09-03T09:09:16","slug":"bed-pillow","status":"publish","type":"page","link":"https:\/\/empak.ee\/en\/products\/bed-pillow\/","title":{"rendered":"Bed Pillow"},"content":{"rendered":"<ul>\n<li>The bed frame is made of dry, branch-free domestic coniferous wood, and birch plywood and fiberboard are also used<\/li>\n<li>The planed wooden base boards and the spacer are included in the set<\/li>\n<li>The height of the bed pillows can be adjusted with the help of chips<\/li>\n<li>The legs of the bed are made of birch wood, finished with stain<\/li>\n<li>The load capacity of the bed is 250 kg<\/li>\n<li>The height of the bed leg is 7 cm<\/li>\n<\/ul>\n","protected":false},"excerpt":{"rendered":"<p>The bed frame is made of dry, branch-free domestic coniferous wood, and birch plywood and fiberboard are also used The planed wooden base boards and the spacer are included in the set The height of the bed pillows can be adjusted with the help of chips The legs of the bed are made of birch [&#8230;]\n","protected":false},"author":2,"featured_media":4795,"parent":6159,"menu_order":0,"comment_status":"closed","ping_status":"closed","template":"page-tooteleht.php","meta":{"_acf_changed":false,"footnotes":""},"class_list":["post-6301","page","type-page","status-publish","has-post-thumbnail","hentry"],"acf":[],"yoast_head":"<!-- This site is optimized with the Yoast SEO plugin v27.4 - https:\/\/yoast.com\/product\/yoast-seo-wordpress\/ -->\n<title>Bed Pillow - V\u00f5ru Empak<\/title>\n<meta name=\"robots\" content=\"index, follow, max-snippet:-1, max-image-preview:large, max-video-preview:-1\" \/>\n<link rel=\"canonical\" href=\"https:\/\/empak.ee\/tooted\/voodi-pillow\/\" \/>\n<meta property=\"og:locale\" content=\"en_US\" \/>\n<meta property=\"og:type\" content=\"article\" \/>\n<meta property=\"og:title\" content=\"Bed Pillow - V\u00f5ru Empak\" \/>\n<meta property=\"og:description\" content=\"The bed frame is made of dry, branch-free domestic coniferous wood, and birch plywood and fiberboard are also used The planed wooden base boards and the spacer are included in the set The height of the bed pillows can be adjusted with the help of chips The legs of the bed are made of birch [...]\" \/>\n<meta property=\"og:url\" content=\"https:\/\/empak.ee\/tooted\/voodi-pillow\/\" \/>\n<meta property=\"og:site_name\" content=\"V\u00f5ru Empak\" \/>\n<meta property=\"article:publisher\" content=\"https:\/\/www.facebook.com\/voruempak\" \/>\n<meta property=\"article:modified_time\" content=\"2024-09-03T09:09:16+00:00\" \/>\n<meta property=\"og:image\" content=\"https:\/\/empak.ee\/wp-content\/uploads\/2023\/02\/voodipillow1.jpg\" \/>\n\t<meta property=\"og:image:width\" content=\"900\" \/>\n\t<meta property=\"og:image:height\" content=\"600\" \/>\n\t<meta property=\"og:image:type\" content=\"image\/jpeg\" \/>\n<meta name=\"twitter:card\" content=\"summary_large_image\" \/>\n<script type=\"application\/ld+json\" class=\"yoast-schema-graph\">{\"@context\":\"https:\\\/\\\/schema.org\",\"@graph\":[{\"@type\":\"WebPage\",\"@id\":\"https:\\\/\\\/empak.ee\\\/tooted\\\/voodi-pillow\\\/\",\"url\":\"https:\\\/\\\/empak.ee\\\/tooted\\\/voodi-pillow\\\/\",\"name\":\"Bed Pillow - V\u00f5ru Empak\",\"isPartOf\":{\"@id\":\"https:\\\/\\\/empak.ee\\\/en\\\/#website\"},\"primaryImageOfPage\":{\"@id\":\"https:\\\/\\\/empak.ee\\\/tooted\\\/voodi-pillow\\\/#primaryimage\"},\"image\":{\"@id\":\"https:\\\/\\\/empak.ee\\\/tooted\\\/voodi-pillow\\\/#primaryimage\"},\"thumbnailUrl\":\"https:\\\/\\\/empak.ee\\\/wp-content\\\/uploads\\\/2023\\\/02\\\/voodipillow1.jpg\",\"datePublished\":\"2023-04-06T06:44:15+00:00\",\"dateModified\":\"2024-09-03T09:09:16+00:00\",\"breadcrumb\":{\"@id\":\"https:\\\/\\\/empak.ee\\\/tooted\\\/voodi-pillow\\\/#breadcrumb\"},\"inLanguage\":\"en-US\",\"potentialAction\":[{\"@type\":\"ReadAction\",\"target\":[\"https:\\\/\\\/empak.ee\\\/tooted\\\/voodi-pillow\\\/\"]}]},{\"@type\":\"ImageObject\",\"inLanguage\":\"en-US\",\"@id\":\"https:\\\/\\\/empak.ee\\\/tooted\\\/voodi-pillow\\\/#primaryimage\",\"url\":\"https:\\\/\\\/empak.ee\\\/wp-content\\\/uploads\\\/2023\\\/02\\\/voodipillow1.jpg\",\"contentUrl\":\"https:\\\/\\\/empak.ee\\\/wp-content\\\/uploads\\\/2023\\\/02\\\/voodipillow1.jpg\",\"width\":900,\"height\":600},{\"@type\":\"BreadcrumbList\",\"@id\":\"https:\\\/\\\/empak.ee\\\/tooted\\\/voodi-pillow\\\/#breadcrumb\",\"itemListElement\":[{\"@type\":\"ListItem\",\"position\":1,\"name\":\"Home\",\"item\":\"https:\\\/\\\/empak.ee\\\/en\\\/\"},{\"@type\":\"ListItem\",\"position\":2,\"name\":\"Products\",\"item\":\"https:\\\/\\\/empak.ee\\\/en\\\/products\\\/\"},{\"@type\":\"ListItem\",\"position\":3,\"name\":\"Bed Pillow\"}]},{\"@type\":\"WebSite\",\"@id\":\"https:\\\/\\\/empak.ee\\\/en\\\/#website\",\"url\":\"https:\\\/\\\/empak.ee\\\/en\\\/\",\"name\":\"V\u00f5ru Empak\",\"description\":\"Pehmem\u00f6\u00f6bli tootmine.\",\"publisher\":{\"@id\":\"https:\\\/\\\/empak.ee\\\/en\\\/#organization\"},\"potentialAction\":[{\"@type\":\"SearchAction\",\"target\":{\"@type\":\"EntryPoint\",\"urlTemplate\":\"https:\\\/\\\/empak.ee\\\/en\\\/?s={search_term_string}\"},\"query-input\":{\"@type\":\"PropertyValueSpecification\",\"valueRequired\":true,\"valueName\":\"search_term_string\"}}],\"inLanguage\":\"en-US\"},{\"@type\":\"Organization\",\"@id\":\"https:\\\/\\\/empak.ee\\\/en\\\/#organization\",\"name\":\"V\u00f5ru Empak\",\"url\":\"https:\\\/\\\/empak.ee\\\/en\\\/\",\"logo\":{\"@type\":\"ImageObject\",\"inLanguage\":\"en-US\",\"@id\":\"https:\\\/\\\/empak.ee\\\/en\\\/#\\\/schema\\\/logo\\\/image\\\/\",\"url\":\"https:\\\/\\\/empak.ee\\\/wp-content\\\/uploads\\\/2023\\\/07\\\/empak-logo-230728.jpg\",\"contentUrl\":\"https:\\\/\\\/empak.ee\\\/wp-content\\\/uploads\\\/2023\\\/07\\\/empak-logo-230728.jpg\",\"width\":800,\"height\":500,\"caption\":\"V\u00f5ru Empak\"},\"image\":{\"@id\":\"https:\\\/\\\/empak.ee\\\/en\\\/#\\\/schema\\\/logo\\\/image\\\/\"},\"sameAs\":[\"https:\\\/\\\/www.facebook.com\\\/voruempak\"]}]}<\/script>\n<!-- \/ Yoast SEO plugin. -->","yoast_head_json":{"title":"Bed Pillow - V\u00f5ru Empak","robots":{"index":"index","follow":"follow","max-snippet":"max-snippet:-1","max-image-preview":"max-image-preview:large","max-video-preview":"max-video-preview:-1"},"canonical":"https:\/\/empak.ee\/tooted\/voodi-pillow\/","og_locale":"en_US","og_type":"article","og_title":"Bed Pillow - V\u00f5ru Empak","og_description":"The bed frame is made of dry, branch-free domestic coniferous wood, and birch plywood and fiberboard are also used The planed wooden base boards and the spacer are included in the set The height of the bed pillows can be adjusted with the help of chips The legs of the bed are made of birch [...]","og_url":"https:\/\/empak.ee\/tooted\/voodi-pillow\/","og_site_name":"V\u00f5ru Empak","article_publisher":"https:\/\/www.facebook.com\/voruempak","article_modified_time":"2024-09-03T09:09:16+00:00","og_image":[{"width":900,"height":600,"url":"https:\/\/empak.ee\/wp-content\/uploads\/2023\/02\/voodipillow1.jpg","type":"image\/jpeg"}],"twitter_card":"summary_large_image","schema":{"@context":"https:\/\/schema.org","@graph":[{"@type":"WebPage","@id":"https:\/\/empak.ee\/tooted\/voodi-pillow\/","url":"https:\/\/empak.ee\/tooted\/voodi-pillow\/","name":"Bed Pillow - V\u00f5ru Empak","isPartOf":{"@id":"https:\/\/empak.ee\/en\/#website"},"primaryImageOfPage":{"@id":"https:\/\/empak.ee\/tooted\/voodi-pillow\/#primaryimage"},"image":{"@id":"https:\/\/empak.ee\/tooted\/voodi-pillow\/#primaryimage"},"thumbnailUrl":"https:\/\/empak.ee\/wp-content\/uploads\/2023\/02\/voodipillow1.jpg","datePublished":"2023-04-06T06:44:15+00:00","dateModified":"2024-09-03T09:09:16+00:00","breadcrumb":{"@id":"https:\/\/empak.ee\/tooted\/voodi-pillow\/#breadcrumb"},"inLanguage":"en-US","potentialAction":[{"@type":"ReadAction","target":["https:\/\/empak.ee\/tooted\/voodi-pillow\/"]}]},{"@type":"ImageObject","inLanguage":"en-US","@id":"https:\/\/empak.ee\/tooted\/voodi-pillow\/#primaryimage","url":"https:\/\/empak.ee\/wp-content\/uploads\/2023\/02\/voodipillow1.jpg","contentUrl":"https:\/\/empak.ee\/wp-content\/uploads\/2023\/02\/voodipillow1.jpg","width":900,"height":600},{"@type":"BreadcrumbList","@id":"https:\/\/empak.ee\/tooted\/voodi-pillow\/#breadcrumb","itemListElement":[{"@type":"ListItem","position":1,"name":"Home","item":"https:\/\/empak.ee\/en\/"},{"@type":"ListItem","position":2,"name":"Products","item":"https:\/\/empak.ee\/en\/products\/"},{"@type":"ListItem","position":3,"name":"Bed Pillow"}]},{"@type":"WebSite","@id":"https:\/\/empak.ee\/en\/#website","url":"https:\/\/empak.ee\/en\/","name":"V\u00f5ru Empak","description":"Pehmem\u00f6\u00f6bli tootmine.","publisher":{"@id":"https:\/\/empak.ee\/en\/#organization"},"potentialAction":[{"@type":"SearchAction","target":{"@type":"EntryPoint","urlTemplate":"https:\/\/empak.ee\/en\/?s={search_term_string}"},"query-input":{"@type":"PropertyValueSpecification","valueRequired":true,"valueName":"search_term_string"}}],"inLanguage":"en-US"},{"@type":"Organization","@id":"https:\/\/empak.ee\/en\/#organization","name":"V\u00f5ru Empak","url":"https:\/\/empak.ee\/en\/","logo":{"@type":"ImageObject","inLanguage":"en-US","@id":"https:\/\/empak.ee\/en\/#\/schema\/logo\/image\/","url":"https:\/\/empak.ee\/wp-content\/uploads\/2023\/07\/empak-logo-230728.jpg","contentUrl":"https:\/\/empak.ee\/wp-content\/uploads\/2023\/07\/empak-logo-230728.jpg","width":800,"height":500,"caption":"V\u00f5ru Empak"},"image":{"@id":"https:\/\/empak.ee\/en\/#\/schema\/logo\/image\/"},"sameAs":["https:\/\/www.facebook.com\/voruempak"]}]}},"_links":{"self":[{"href":"https:\/\/empak.ee\/en\/wp-json\/wp\/v2\/pages\/6301","targetHints":{"allow":["GET"]}}],"collection":[{"href":"https:\/\/empak.ee\/en\/wp-json\/wp\/v2\/pages"}],"about":[{"href":"https:\/\/empak.ee\/en\/wp-json\/wp\/v2\/types\/page"}],"author":[{"embeddable":true,"href":"https:\/\/empak.ee\/en\/wp-json\/wp\/v2\/users\/2"}],"replies":[{"embeddable":true,"href":"https:\/\/empak.ee\/en\/wp-json\/wp\/v2\/comments?post=6301"}],"version-history":[{"count":1,"href":"https:\/\/empak.ee\/en\/wp-json\/wp\/v2\/pages\/6301\/revisions"}],"predecessor-version":[{"id":9012,"href":"https:\/\/empak.ee\/en\/wp-json\/wp\/v2\/pages\/6301\/revisions\/9012"}],"up":[{"embeddable":true,"href":"https:\/\/empak.ee\/en\/wp-json\/wp\/v2\/pages\/6159"}],"wp:featuredmedia":[{"embeddable":true,"href":"https:\/\/empak.ee\/en\/wp-json\/wp\/v2\/media\/4795"}],"wp:attachment":[{"href":"https:\/\/empak.ee\/en\/wp-json\/wp\/v2\/media?parent=6301"}],"curies":[{"name":"wp","href":"https:\/\/api.w.org\/{rel}","templated":true}]}}