{"id":6256,"date":"2023-02-02T15:39:47","date_gmt":"2023-02-02T13:39:47","guid":{"rendered":"https:\/\/empak.katingtest.eu\/products\/jaana\/"},"modified":"2024-09-03T13:33:33","modified_gmt":"2024-09-03T10:33:33","slug":"jaana","status":"publish","type":"page","link":"https:\/\/empak.ee\/en\/products\/jaana\/","title":{"rendered":"Jaana"},"content":{"rendered":"<ul>\n<li>The product casing is made from indigenous pine wood, in addition to cassava and wood fibre board<\/li>\n<li>The rocking chair is covered with fabric<\/li>\n<li>Armrests and legs are made of natural birch wood<\/li>\n<li>Zig-zag springs is used in the seat<\/li>\n<li>The seat and backrest are made of foam, covered with soft wadding<\/li>\n<li>The back of the rocking chair is finished<\/li>\n<li>The color of the armrests and legs can be selected<\/li>\n<\/ul>\n","protected":false},"excerpt":{"rendered":"<p>The product casing is made from indigenous pine wood, in addition to cassava and wood fibre board The rocking chair is covered with fabric Armrests and legs are made of natural birch wood Zig-zag springs is used in the seat The seat and backrest are made of foam, covered with soft wadding The back of [&#8230;]\n","protected":false},"author":2,"featured_media":9761,"parent":6159,"menu_order":0,"comment_status":"closed","ping_status":"closed","template":"page-tooteleht.php","meta":{"_acf_changed":false,"footnotes":""},"class_list":["post-6256","page","type-page","status-publish","has-post-thumbnail","hentry"],"acf":[],"yoast_head":"<!-- This site is optimized with the Yoast SEO plugin v27.4 - https:\/\/yoast.com\/product\/yoast-seo-wordpress\/ -->\n<title>Jaana - V\u00f5ru Empak<\/title>\n<meta name=\"robots\" content=\"index, follow, max-snippet:-1, max-image-preview:large, max-video-preview:-1\" \/>\n<link rel=\"canonical\" href=\"https:\/\/empak.ee\/en\/products\/jaana\/\" \/>\n<meta property=\"og:locale\" content=\"en_US\" \/>\n<meta property=\"og:type\" content=\"article\" \/>\n<meta property=\"og:title\" content=\"Jaana - V\u00f5ru Empak\" \/>\n<meta property=\"og:description\" content=\"The product casing is made from indigenous pine wood, in addition to cassava and wood fibre board The rocking chair is covered with fabric Armrests and legs are made of natural birch wood Zig-zag springs is used in the seat The seat and backrest are made of foam, covered with soft wadding The back of [...]\" \/>\n<meta property=\"og:url\" content=\"https:\/\/empak.ee\/en\/products\/jaana\/\" \/>\n<meta property=\"og:site_name\" content=\"V\u00f5ru Empak\" \/>\n<meta property=\"article:publisher\" content=\"https:\/\/www.facebook.com\/voruempak\" \/>\n<meta property=\"article:modified_time\" content=\"2024-09-03T10:33:33+00:00\" \/>\n<meta property=\"og:image\" content=\"https:\/\/empak.ee\/wp-content\/uploads\/2023\/03\/0012_empak140115_3_white_background.jpg\" \/>\n\t<meta property=\"og:image:width\" content=\"1920\" \/>\n\t<meta property=\"og:image:height\" content=\"1280\" \/>\n\t<meta property=\"og:image:type\" content=\"image\/jpeg\" \/>\n<meta name=\"twitter:card\" content=\"summary_large_image\" \/>\n<script type=\"application\/ld+json\" class=\"yoast-schema-graph\">{\"@context\":\"https:\\\/\\\/schema.org\",\"@graph\":[{\"@type\":\"WebPage\",\"@id\":\"https:\\\/\\\/empak.ee\\\/en\\\/products\\\/jaana\\\/\",\"url\":\"https:\\\/\\\/empak.ee\\\/en\\\/products\\\/jaana\\\/\",\"name\":\"Jaana - V\u00f5ru Empak\",\"isPartOf\":{\"@id\":\"https:\\\/\\\/empak.ee\\\/en\\\/#website\"},\"primaryImageOfPage\":{\"@id\":\"https:\\\/\\\/empak.ee\\\/en\\\/products\\\/jaana\\\/#primaryimage\"},\"image\":{\"@id\":\"https:\\\/\\\/empak.ee\\\/en\\\/products\\\/jaana\\\/#primaryimage\"},\"thumbnailUrl\":\"https:\\\/\\\/empak.ee\\\/wp-content\\\/uploads\\\/2023\\\/03\\\/0012_empak140115_3_white_background.jpg\",\"datePublished\":\"2023-02-02T13:39:47+00:00\",\"dateModified\":\"2024-09-03T10:33:33+00:00\",\"breadcrumb\":{\"@id\":\"https:\\\/\\\/empak.ee\\\/en\\\/products\\\/jaana\\\/#breadcrumb\"},\"inLanguage\":\"en-US\",\"potentialAction\":[{\"@type\":\"ReadAction\",\"target\":[\"https:\\\/\\\/empak.ee\\\/en\\\/products\\\/jaana\\\/\"]}]},{\"@type\":\"ImageObject\",\"inLanguage\":\"en-US\",\"@id\":\"https:\\\/\\\/empak.ee\\\/en\\\/products\\\/jaana\\\/#primaryimage\",\"url\":\"https:\\\/\\\/empak.ee\\\/wp-content\\\/uploads\\\/2023\\\/03\\\/0012_empak140115_3_white_background.jpg\",\"contentUrl\":\"https:\\\/\\\/empak.ee\\\/wp-content\\\/uploads\\\/2023\\\/03\\\/0012_empak140115_3_white_background.jpg\",\"width\":1920,\"height\":1280},{\"@type\":\"BreadcrumbList\",\"@id\":\"https:\\\/\\\/empak.ee\\\/en\\\/products\\\/jaana\\\/#breadcrumb\",\"itemListElement\":[{\"@type\":\"ListItem\",\"position\":1,\"name\":\"Home\",\"item\":\"https:\\\/\\\/empak.ee\\\/en\\\/\"},{\"@type\":\"ListItem\",\"position\":2,\"name\":\"Products\",\"item\":\"https:\\\/\\\/empak.ee\\\/en\\\/products\\\/\"},{\"@type\":\"ListItem\",\"position\":3,\"name\":\"Jaana\"}]},{\"@type\":\"WebSite\",\"@id\":\"https:\\\/\\\/empak.ee\\\/en\\\/#website\",\"url\":\"https:\\\/\\\/empak.ee\\\/en\\\/\",\"name\":\"V\u00f5ru Empak\",\"description\":\"Pehmem\u00f6\u00f6bli tootmine.\",\"publisher\":{\"@id\":\"https:\\\/\\\/empak.ee\\\/en\\\/#organization\"},\"potentialAction\":[{\"@type\":\"SearchAction\",\"target\":{\"@type\":\"EntryPoint\",\"urlTemplate\":\"https:\\\/\\\/empak.ee\\\/en\\\/?s={search_term_string}\"},\"query-input\":{\"@type\":\"PropertyValueSpecification\",\"valueRequired\":true,\"valueName\":\"search_term_string\"}}],\"inLanguage\":\"en-US\"},{\"@type\":\"Organization\",\"@id\":\"https:\\\/\\\/empak.ee\\\/en\\\/#organization\",\"name\":\"V\u00f5ru Empak\",\"url\":\"https:\\\/\\\/empak.ee\\\/en\\\/\",\"logo\":{\"@type\":\"ImageObject\",\"inLanguage\":\"en-US\",\"@id\":\"https:\\\/\\\/empak.ee\\\/en\\\/#\\\/schema\\\/logo\\\/image\\\/\",\"url\":\"https:\\\/\\\/empak.ee\\\/wp-content\\\/uploads\\\/2023\\\/07\\\/empak-logo-230728.jpg\",\"contentUrl\":\"https:\\\/\\\/empak.ee\\\/wp-content\\\/uploads\\\/2023\\\/07\\\/empak-logo-230728.jpg\",\"width\":800,\"height\":500,\"caption\":\"V\u00f5ru Empak\"},\"image\":{\"@id\":\"https:\\\/\\\/empak.ee\\\/en\\\/#\\\/schema\\\/logo\\\/image\\\/\"},\"sameAs\":[\"https:\\\/\\\/www.facebook.com\\\/voruempak\"]}]}<\/script>\n<!-- \/ Yoast SEO plugin. -->","yoast_head_json":{"title":"Jaana - V\u00f5ru Empak","robots":{"index":"index","follow":"follow","max-snippet":"max-snippet:-1","max-image-preview":"max-image-preview:large","max-video-preview":"max-video-preview:-1"},"canonical":"https:\/\/empak.ee\/en\/products\/jaana\/","og_locale":"en_US","og_type":"article","og_title":"Jaana - V\u00f5ru Empak","og_description":"The product casing is made from indigenous pine wood, in addition to cassava and wood fibre board The rocking chair is covered with fabric Armrests and legs are made of natural birch wood Zig-zag springs is used in the seat The seat and backrest are made of foam, covered with soft wadding The back of [...]","og_url":"https:\/\/empak.ee\/en\/products\/jaana\/","og_site_name":"V\u00f5ru Empak","article_publisher":"https:\/\/www.facebook.com\/voruempak","article_modified_time":"2024-09-03T10:33:33+00:00","og_image":[{"width":1920,"height":1280,"url":"https:\/\/empak.ee\/wp-content\/uploads\/2023\/03\/0012_empak140115_3_white_background.jpg","type":"image\/jpeg"}],"twitter_card":"summary_large_image","schema":{"@context":"https:\/\/schema.org","@graph":[{"@type":"WebPage","@id":"https:\/\/empak.ee\/en\/products\/jaana\/","url":"https:\/\/empak.ee\/en\/products\/jaana\/","name":"Jaana - V\u00f5ru Empak","isPartOf":{"@id":"https:\/\/empak.ee\/en\/#website"},"primaryImageOfPage":{"@id":"https:\/\/empak.ee\/en\/products\/jaana\/#primaryimage"},"image":{"@id":"https:\/\/empak.ee\/en\/products\/jaana\/#primaryimage"},"thumbnailUrl":"https:\/\/empak.ee\/wp-content\/uploads\/2023\/03\/0012_empak140115_3_white_background.jpg","datePublished":"2023-02-02T13:39:47+00:00","dateModified":"2024-09-03T10:33:33+00:00","breadcrumb":{"@id":"https:\/\/empak.ee\/en\/products\/jaana\/#breadcrumb"},"inLanguage":"en-US","potentialAction":[{"@type":"ReadAction","target":["https:\/\/empak.ee\/en\/products\/jaana\/"]}]},{"@type":"ImageObject","inLanguage":"en-US","@id":"https:\/\/empak.ee\/en\/products\/jaana\/#primaryimage","url":"https:\/\/empak.ee\/wp-content\/uploads\/2023\/03\/0012_empak140115_3_white_background.jpg","contentUrl":"https:\/\/empak.ee\/wp-content\/uploads\/2023\/03\/0012_empak140115_3_white_background.jpg","width":1920,"height":1280},{"@type":"BreadcrumbList","@id":"https:\/\/empak.ee\/en\/products\/jaana\/#breadcrumb","itemListElement":[{"@type":"ListItem","position":1,"name":"Home","item":"https:\/\/empak.ee\/en\/"},{"@type":"ListItem","position":2,"name":"Products","item":"https:\/\/empak.ee\/en\/products\/"},{"@type":"ListItem","position":3,"name":"Jaana"}]},{"@type":"WebSite","@id":"https:\/\/empak.ee\/en\/#website","url":"https:\/\/empak.ee\/en\/","name":"V\u00f5ru Empak","description":"Pehmem\u00f6\u00f6bli tootmine.","publisher":{"@id":"https:\/\/empak.ee\/en\/#organization"},"potentialAction":[{"@type":"SearchAction","target":{"@type":"EntryPoint","urlTemplate":"https:\/\/empak.ee\/en\/?s={search_term_string}"},"query-input":{"@type":"PropertyValueSpecification","valueRequired":true,"valueName":"search_term_string"}}],"inLanguage":"en-US"},{"@type":"Organization","@id":"https:\/\/empak.ee\/en\/#organization","name":"V\u00f5ru Empak","url":"https:\/\/empak.ee\/en\/","logo":{"@type":"ImageObject","inLanguage":"en-US","@id":"https:\/\/empak.ee\/en\/#\/schema\/logo\/image\/","url":"https:\/\/empak.ee\/wp-content\/uploads\/2023\/07\/empak-logo-230728.jpg","contentUrl":"https:\/\/empak.ee\/wp-content\/uploads\/2023\/07\/empak-logo-230728.jpg","width":800,"height":500,"caption":"V\u00f5ru Empak"},"image":{"@id":"https:\/\/empak.ee\/en\/#\/schema\/logo\/image\/"},"sameAs":["https:\/\/www.facebook.com\/voruempak"]}]}},"_links":{"self":[{"href":"https:\/\/empak.ee\/en\/wp-json\/wp\/v2\/pages\/6256","targetHints":{"allow":["GET"]}}],"collection":[{"href":"https:\/\/empak.ee\/en\/wp-json\/wp\/v2\/pages"}],"about":[{"href":"https:\/\/empak.ee\/en\/wp-json\/wp\/v2\/types\/page"}],"author":[{"embeddable":true,"href":"https:\/\/empak.ee\/en\/wp-json\/wp\/v2\/users\/2"}],"replies":[{"embeddable":true,"href":"https:\/\/empak.ee\/en\/wp-json\/wp\/v2\/comments?post=6256"}],"version-history":[{"count":1,"href":"https:\/\/empak.ee\/en\/wp-json\/wp\/v2\/pages\/6256\/revisions"}],"predecessor-version":[{"id":9056,"href":"https:\/\/empak.ee\/en\/wp-json\/wp\/v2\/pages\/6256\/revisions\/9056"}],"up":[{"embeddable":true,"href":"https:\/\/empak.ee\/en\/wp-json\/wp\/v2\/pages\/6159"}],"wp:featuredmedia":[{"embeddable":true,"href":"https:\/\/empak.ee\/en\/wp-json\/wp\/v2\/media\/9761"}],"wp:attachment":[{"href":"https:\/\/empak.ee\/en\/wp-json\/wp\/v2\/media?parent=6256"}],"curies":[{"name":"wp","href":"https:\/\/api.w.org\/{rel}","templated":true}]}}