{"id":6250,"date":"2023-02-02T15:02:30","date_gmt":"2023-02-02T13:02:30","guid":{"rendered":"https:\/\/empak.katingtest.eu\/products\/emma\/"},"modified":"2024-09-03T13:40:45","modified_gmt":"2024-09-03T10:40:45","slug":"emma","status":"publish","type":"page","link":"https:\/\/empak.ee\/en\/products\/emma\/","title":{"rendered":"Emma"},"content":{"rendered":"<ul>\n<li>The product casing is made from indigenous pine wood, in addition to cassava and wood fibre board<\/li>\n<li>The seat part of the sofa and the inner side of the armrests are covered with natural leather\/fabric<\/li>\n<li>The outer sides of the armrests, the front panel and the back wall are covered with artificial leather\/fabric<\/li>\n<li>Zig-zag suspension is used in the seat<\/li>\n<li>The contents of the seat and back cushions are foam rubber and globular fibers<\/li>\n<li>The back of the product is finished, can be placed in the middle of the room<\/li>\n<li>The color of the legs is selectable<\/li>\n<\/ul>\n","protected":false},"excerpt":{"rendered":"<p>The product casing is made from indigenous pine wood, in addition to cassava and wood fibre board The seat part of the sofa and the inner side of the armrests are covered with natural leather\/fabric The outer sides of the armrests, the front panel and the back wall are covered with artificial leather\/fabric Zig-zag suspension [&#8230;]\n","protected":false},"author":2,"featured_media":4566,"parent":6159,"menu_order":0,"comment_status":"closed","ping_status":"closed","template":"page-tooteleht.php","meta":{"_acf_changed":false,"footnotes":""},"class_list":["post-6250","page","type-page","status-publish","has-post-thumbnail","hentry"],"acf":[],"yoast_head":"<!-- This site is optimized with the Yoast SEO plugin v27.4 - https:\/\/yoast.com\/product\/yoast-seo-wordpress\/ -->\n<title>Emma - V\u00f5ru Empak<\/title>\n<meta name=\"robots\" content=\"index, follow, max-snippet:-1, max-image-preview:large, max-video-preview:-1\" \/>\n<link rel=\"canonical\" href=\"https:\/\/empak.ee\/en\/products\/emma\/\" \/>\n<meta property=\"og:locale\" content=\"en_US\" \/>\n<meta property=\"og:type\" content=\"article\" \/>\n<meta property=\"og:title\" content=\"Emma - V\u00f5ru Empak\" \/>\n<meta property=\"og:description\" content=\"The product casing is made from indigenous pine wood, in addition to cassava and wood fibre board The seat part of the sofa and the inner side of the armrests are covered with natural leather\/fabric The outer sides of the armrests, the front panel and the back wall are covered with artificial leather\/fabric Zig-zag suspension [...]\" \/>\n<meta property=\"og:url\" content=\"https:\/\/empak.ee\/en\/products\/emma\/\" \/>\n<meta property=\"og:site_name\" content=\"V\u00f5ru Empak\" \/>\n<meta property=\"article:publisher\" content=\"https:\/\/www.facebook.com\/voruempak\" \/>\n<meta property=\"article:modified_time\" content=\"2024-09-03T10:40:45+00:00\" \/>\n<meta property=\"og:image\" content=\"https:\/\/empak.ee\/wp-content\/uploads\/2023\/02\/lq7qe74g.jpeg\" \/>\n\t<meta property=\"og:image:width\" content=\"1920\" \/>\n\t<meta property=\"og:image:height\" content=\"1197\" \/>\n\t<meta property=\"og:image:type\" content=\"image\/jpeg\" \/>\n<meta name=\"twitter:card\" content=\"summary_large_image\" \/>\n<script type=\"application\/ld+json\" class=\"yoast-schema-graph\">{\"@context\":\"https:\\\/\\\/schema.org\",\"@graph\":[{\"@type\":\"WebPage\",\"@id\":\"https:\\\/\\\/empak.ee\\\/en\\\/products\\\/emma\\\/\",\"url\":\"https:\\\/\\\/empak.ee\\\/en\\\/products\\\/emma\\\/\",\"name\":\"Emma - V\u00f5ru Empak\",\"isPartOf\":{\"@id\":\"https:\\\/\\\/empak.ee\\\/en\\\/#website\"},\"primaryImageOfPage\":{\"@id\":\"https:\\\/\\\/empak.ee\\\/en\\\/products\\\/emma\\\/#primaryimage\"},\"image\":{\"@id\":\"https:\\\/\\\/empak.ee\\\/en\\\/products\\\/emma\\\/#primaryimage\"},\"thumbnailUrl\":\"https:\\\/\\\/empak.ee\\\/wp-content\\\/uploads\\\/2023\\\/02\\\/lq7qe74g.jpeg\",\"datePublished\":\"2023-02-02T13:02:30+00:00\",\"dateModified\":\"2024-09-03T10:40:45+00:00\",\"breadcrumb\":{\"@id\":\"https:\\\/\\\/empak.ee\\\/en\\\/products\\\/emma\\\/#breadcrumb\"},\"inLanguage\":\"en-US\",\"potentialAction\":[{\"@type\":\"ReadAction\",\"target\":[\"https:\\\/\\\/empak.ee\\\/en\\\/products\\\/emma\\\/\"]}]},{\"@type\":\"ImageObject\",\"inLanguage\":\"en-US\",\"@id\":\"https:\\\/\\\/empak.ee\\\/en\\\/products\\\/emma\\\/#primaryimage\",\"url\":\"https:\\\/\\\/empak.ee\\\/wp-content\\\/uploads\\\/2023\\\/02\\\/lq7qe74g.jpeg\",\"contentUrl\":\"https:\\\/\\\/empak.ee\\\/wp-content\\\/uploads\\\/2023\\\/02\\\/lq7qe74g.jpeg\",\"width\":1920,\"height\":1197},{\"@type\":\"BreadcrumbList\",\"@id\":\"https:\\\/\\\/empak.ee\\\/en\\\/products\\\/emma\\\/#breadcrumb\",\"itemListElement\":[{\"@type\":\"ListItem\",\"position\":1,\"name\":\"Home\",\"item\":\"https:\\\/\\\/empak.ee\\\/en\\\/\"},{\"@type\":\"ListItem\",\"position\":2,\"name\":\"Products\",\"item\":\"https:\\\/\\\/empak.ee\\\/en\\\/products\\\/\"},{\"@type\":\"ListItem\",\"position\":3,\"name\":\"Emma\"}]},{\"@type\":\"WebSite\",\"@id\":\"https:\\\/\\\/empak.ee\\\/en\\\/#website\",\"url\":\"https:\\\/\\\/empak.ee\\\/en\\\/\",\"name\":\"V\u00f5ru Empak\",\"description\":\"Pehmem\u00f6\u00f6bli tootmine.\",\"publisher\":{\"@id\":\"https:\\\/\\\/empak.ee\\\/en\\\/#organization\"},\"potentialAction\":[{\"@type\":\"SearchAction\",\"target\":{\"@type\":\"EntryPoint\",\"urlTemplate\":\"https:\\\/\\\/empak.ee\\\/en\\\/?s={search_term_string}\"},\"query-input\":{\"@type\":\"PropertyValueSpecification\",\"valueRequired\":true,\"valueName\":\"search_term_string\"}}],\"inLanguage\":\"en-US\"},{\"@type\":\"Organization\",\"@id\":\"https:\\\/\\\/empak.ee\\\/en\\\/#organization\",\"name\":\"V\u00f5ru Empak\",\"url\":\"https:\\\/\\\/empak.ee\\\/en\\\/\",\"logo\":{\"@type\":\"ImageObject\",\"inLanguage\":\"en-US\",\"@id\":\"https:\\\/\\\/empak.ee\\\/en\\\/#\\\/schema\\\/logo\\\/image\\\/\",\"url\":\"https:\\\/\\\/empak.ee\\\/wp-content\\\/uploads\\\/2023\\\/07\\\/empak-logo-230728.jpg\",\"contentUrl\":\"https:\\\/\\\/empak.ee\\\/wp-content\\\/uploads\\\/2023\\\/07\\\/empak-logo-230728.jpg\",\"width\":800,\"height\":500,\"caption\":\"V\u00f5ru Empak\"},\"image\":{\"@id\":\"https:\\\/\\\/empak.ee\\\/en\\\/#\\\/schema\\\/logo\\\/image\\\/\"},\"sameAs\":[\"https:\\\/\\\/www.facebook.com\\\/voruempak\"]}]}<\/script>\n<!-- \/ Yoast SEO plugin. -->","yoast_head_json":{"title":"Emma - V\u00f5ru Empak","robots":{"index":"index","follow":"follow","max-snippet":"max-snippet:-1","max-image-preview":"max-image-preview:large","max-video-preview":"max-video-preview:-1"},"canonical":"https:\/\/empak.ee\/en\/products\/emma\/","og_locale":"en_US","og_type":"article","og_title":"Emma - V\u00f5ru Empak","og_description":"The product casing is made from indigenous pine wood, in addition to cassava and wood fibre board The seat part of the sofa and the inner side of the armrests are covered with natural leather\/fabric The outer sides of the armrests, the front panel and the back wall are covered with artificial leather\/fabric Zig-zag suspension [...]","og_url":"https:\/\/empak.ee\/en\/products\/emma\/","og_site_name":"V\u00f5ru Empak","article_publisher":"https:\/\/www.facebook.com\/voruempak","article_modified_time":"2024-09-03T10:40:45+00:00","og_image":[{"width":1920,"height":1197,"url":"https:\/\/empak.ee\/wp-content\/uploads\/2023\/02\/lq7qe74g.jpeg","type":"image\/jpeg"}],"twitter_card":"summary_large_image","schema":{"@context":"https:\/\/schema.org","@graph":[{"@type":"WebPage","@id":"https:\/\/empak.ee\/en\/products\/emma\/","url":"https:\/\/empak.ee\/en\/products\/emma\/","name":"Emma - V\u00f5ru Empak","isPartOf":{"@id":"https:\/\/empak.ee\/en\/#website"},"primaryImageOfPage":{"@id":"https:\/\/empak.ee\/en\/products\/emma\/#primaryimage"},"image":{"@id":"https:\/\/empak.ee\/en\/products\/emma\/#primaryimage"},"thumbnailUrl":"https:\/\/empak.ee\/wp-content\/uploads\/2023\/02\/lq7qe74g.jpeg","datePublished":"2023-02-02T13:02:30+00:00","dateModified":"2024-09-03T10:40:45+00:00","breadcrumb":{"@id":"https:\/\/empak.ee\/en\/products\/emma\/#breadcrumb"},"inLanguage":"en-US","potentialAction":[{"@type":"ReadAction","target":["https:\/\/empak.ee\/en\/products\/emma\/"]}]},{"@type":"ImageObject","inLanguage":"en-US","@id":"https:\/\/empak.ee\/en\/products\/emma\/#primaryimage","url":"https:\/\/empak.ee\/wp-content\/uploads\/2023\/02\/lq7qe74g.jpeg","contentUrl":"https:\/\/empak.ee\/wp-content\/uploads\/2023\/02\/lq7qe74g.jpeg","width":1920,"height":1197},{"@type":"BreadcrumbList","@id":"https:\/\/empak.ee\/en\/products\/emma\/#breadcrumb","itemListElement":[{"@type":"ListItem","position":1,"name":"Home","item":"https:\/\/empak.ee\/en\/"},{"@type":"ListItem","position":2,"name":"Products","item":"https:\/\/empak.ee\/en\/products\/"},{"@type":"ListItem","position":3,"name":"Emma"}]},{"@type":"WebSite","@id":"https:\/\/empak.ee\/en\/#website","url":"https:\/\/empak.ee\/en\/","name":"V\u00f5ru Empak","description":"Pehmem\u00f6\u00f6bli tootmine.","publisher":{"@id":"https:\/\/empak.ee\/en\/#organization"},"potentialAction":[{"@type":"SearchAction","target":{"@type":"EntryPoint","urlTemplate":"https:\/\/empak.ee\/en\/?s={search_term_string}"},"query-input":{"@type":"PropertyValueSpecification","valueRequired":true,"valueName":"search_term_string"}}],"inLanguage":"en-US"},{"@type":"Organization","@id":"https:\/\/empak.ee\/en\/#organization","name":"V\u00f5ru Empak","url":"https:\/\/empak.ee\/en\/","logo":{"@type":"ImageObject","inLanguage":"en-US","@id":"https:\/\/empak.ee\/en\/#\/schema\/logo\/image\/","url":"https:\/\/empak.ee\/wp-content\/uploads\/2023\/07\/empak-logo-230728.jpg","contentUrl":"https:\/\/empak.ee\/wp-content\/uploads\/2023\/07\/empak-logo-230728.jpg","width":800,"height":500,"caption":"V\u00f5ru Empak"},"image":{"@id":"https:\/\/empak.ee\/en\/#\/schema\/logo\/image\/"},"sameAs":["https:\/\/www.facebook.com\/voruempak"]}]}},"_links":{"self":[{"href":"https:\/\/empak.ee\/en\/wp-json\/wp\/v2\/pages\/6250","targetHints":{"allow":["GET"]}}],"collection":[{"href":"https:\/\/empak.ee\/en\/wp-json\/wp\/v2\/pages"}],"about":[{"href":"https:\/\/empak.ee\/en\/wp-json\/wp\/v2\/types\/page"}],"author":[{"embeddable":true,"href":"https:\/\/empak.ee\/en\/wp-json\/wp\/v2\/users\/2"}],"replies":[{"embeddable":true,"href":"https:\/\/empak.ee\/en\/wp-json\/wp\/v2\/comments?post=6250"}],"version-history":[{"count":1,"href":"https:\/\/empak.ee\/en\/wp-json\/wp\/v2\/pages\/6250\/revisions"}],"predecessor-version":[{"id":9061,"href":"https:\/\/empak.ee\/en\/wp-json\/wp\/v2\/pages\/6250\/revisions\/9061"}],"up":[{"embeddable":true,"href":"https:\/\/empak.ee\/en\/wp-json\/wp\/v2\/pages\/6159"}],"wp:featuredmedia":[{"embeddable":true,"href":"https:\/\/empak.ee\/en\/wp-json\/wp\/v2\/media\/4566"}],"wp:attachment":[{"href":"https:\/\/empak.ee\/en\/wp-json\/wp\/v2\/media?parent=6250"}],"curies":[{"name":"wp","href":"https:\/\/api.w.org\/{rel}","templated":true}]}}