{"id":6211,"date":"2023-05-10T15:45:23","date_gmt":"2023-05-10T12:45:23","guid":{"rendered":"https:\/\/empak.katingtest.eu\/portfolio\/bruno\/"},"modified":"2023-05-10T15:45:23","modified_gmt":"2023-05-10T12:45:23","slug":"bruno","status":"publish","type":"page","link":"https:\/\/empak.ee\/en\/portfolio\/bruno\/","title":{"rendered":"Bruno"},"content":{"rendered":"<ul>\n<li>The product casing is made from indigenous pine wood, in addition to cassava and wood fibre board<\/li>\n<li>The seat part of the product and the inner side of the armrests are covered with natural leather<\/li>\n<li>The outer sides of the armrests, the front panel and the back wall are covered with artificial leather<\/li>\n<li>Block springs are used in the seat<\/li>\n<li>The contents of the seat and back cushions are foam rubber and globular fibers<\/li>\n<li>The back of the product is finished, can be placed in the middle of the room<\/li>\n<li>The color of the pilasters and legs can be selected<\/li>\n<\/ul>\n","protected":false},"excerpt":{"rendered":"<p>The product casing is made from indigenous pine wood, in addition to cassava and wood fibre board The seat part of the product and the inner side of the armrests are covered with natural leather The outer sides of the armrests, the front panel and the back wall are covered with artificial leather Block springs [&#8230;]\n","protected":false},"author":2,"featured_media":6067,"parent":6169,"menu_order":0,"comment_status":"closed","ping_status":"closed","template":"page-tooteleht.php","meta":{"_acf_changed":false,"footnotes":""},"class_list":["post-6211","page","type-page","status-publish","has-post-thumbnail","hentry"],"acf":[],"yoast_head":"<!-- This site is optimized with the Yoast SEO plugin v27.4 - https:\/\/yoast.com\/product\/yoast-seo-wordpress\/ -->\n<title>Bruno - V\u00f5ru Empak<\/title>\n<meta name=\"robots\" content=\"index, follow, max-snippet:-1, max-image-preview:large, max-video-preview:-1\" \/>\n<link rel=\"canonical\" href=\"https:\/\/empak.ee\/en\/portfolio\/bruno\/\" \/>\n<meta property=\"og:locale\" content=\"en_US\" \/>\n<meta property=\"og:type\" content=\"article\" \/>\n<meta property=\"og:title\" content=\"Bruno - V\u00f5ru Empak\" \/>\n<meta property=\"og:description\" content=\"The product casing is made from indigenous pine wood, in addition to cassava and wood fibre board The seat part of the product and the inner side of the armrests are covered with natural leather The outer sides of the armrests, the front panel and the back wall are covered with artificial leather Block springs [...]\" \/>\n<meta property=\"og:url\" content=\"https:\/\/empak.ee\/en\/portfolio\/bruno\/\" \/>\n<meta property=\"og:site_name\" content=\"V\u00f5ru Empak\" \/>\n<meta property=\"article:publisher\" content=\"https:\/\/www.facebook.com\/voruempak\" \/>\n<meta property=\"og:image\" content=\"https:\/\/empak.ee\/wp-content\/uploads\/2023\/05\/0013_empak300414.jpg\" \/>\n\t<meta property=\"og:image:width\" content=\"1920\" \/>\n\t<meta property=\"og:image:height\" content=\"953\" \/>\n\t<meta property=\"og:image:type\" content=\"image\/jpeg\" \/>\n<meta name=\"twitter:card\" content=\"summary_large_image\" \/>\n<meta name=\"twitter:label1\" content=\"Est. reading time\" \/>\n\t<meta name=\"twitter:data1\" content=\"1 minute\" \/>\n<script type=\"application\/ld+json\" class=\"yoast-schema-graph\">{\"@context\":\"https:\\\/\\\/schema.org\",\"@graph\":[{\"@type\":\"WebPage\",\"@id\":\"https:\\\/\\\/empak.ee\\\/en\\\/portfolio\\\/bruno\\\/\",\"url\":\"https:\\\/\\\/empak.ee\\\/en\\\/portfolio\\\/bruno\\\/\",\"name\":\"Bruno - V\u00f5ru Empak\",\"isPartOf\":{\"@id\":\"https:\\\/\\\/empak.ee\\\/en\\\/#website\"},\"primaryImageOfPage\":{\"@id\":\"https:\\\/\\\/empak.ee\\\/en\\\/portfolio\\\/bruno\\\/#primaryimage\"},\"image\":{\"@id\":\"https:\\\/\\\/empak.ee\\\/en\\\/portfolio\\\/bruno\\\/#primaryimage\"},\"thumbnailUrl\":\"https:\\\/\\\/empak.ee\\\/wp-content\\\/uploads\\\/2023\\\/05\\\/0013_empak300414.jpg\",\"datePublished\":\"2023-05-10T12:45:23+00:00\",\"breadcrumb\":{\"@id\":\"https:\\\/\\\/empak.ee\\\/en\\\/portfolio\\\/bruno\\\/#breadcrumb\"},\"inLanguage\":\"en-US\",\"potentialAction\":[{\"@type\":\"ReadAction\",\"target\":[\"https:\\\/\\\/empak.ee\\\/en\\\/portfolio\\\/bruno\\\/\"]}]},{\"@type\":\"ImageObject\",\"inLanguage\":\"en-US\",\"@id\":\"https:\\\/\\\/empak.ee\\\/en\\\/portfolio\\\/bruno\\\/#primaryimage\",\"url\":\"https:\\\/\\\/empak.ee\\\/wp-content\\\/uploads\\\/2023\\\/05\\\/0013_empak300414.jpg\",\"contentUrl\":\"https:\\\/\\\/empak.ee\\\/wp-content\\\/uploads\\\/2023\\\/05\\\/0013_empak300414.jpg\",\"width\":1920,\"height\":953},{\"@type\":\"BreadcrumbList\",\"@id\":\"https:\\\/\\\/empak.ee\\\/en\\\/portfolio\\\/bruno\\\/#breadcrumb\",\"itemListElement\":[{\"@type\":\"ListItem\",\"position\":1,\"name\":\"Home\",\"item\":\"https:\\\/\\\/empak.ee\\\/en\\\/\"},{\"@type\":\"ListItem\",\"position\":2,\"name\":\"Portfolio\",\"item\":\"https:\\\/\\\/empak.ee\\\/en\\\/portfolio\\\/\"},{\"@type\":\"ListItem\",\"position\":3,\"name\":\"Bruno\"}]},{\"@type\":\"WebSite\",\"@id\":\"https:\\\/\\\/empak.ee\\\/en\\\/#website\",\"url\":\"https:\\\/\\\/empak.ee\\\/en\\\/\",\"name\":\"V\u00f5ru Empak\",\"description\":\"Pehmem\u00f6\u00f6bli tootmine.\",\"publisher\":{\"@id\":\"https:\\\/\\\/empak.ee\\\/en\\\/#organization\"},\"potentialAction\":[{\"@type\":\"SearchAction\",\"target\":{\"@type\":\"EntryPoint\",\"urlTemplate\":\"https:\\\/\\\/empak.ee\\\/en\\\/?s={search_term_string}\"},\"query-input\":{\"@type\":\"PropertyValueSpecification\",\"valueRequired\":true,\"valueName\":\"search_term_string\"}}],\"inLanguage\":\"en-US\"},{\"@type\":\"Organization\",\"@id\":\"https:\\\/\\\/empak.ee\\\/en\\\/#organization\",\"name\":\"V\u00f5ru Empak\",\"url\":\"https:\\\/\\\/empak.ee\\\/en\\\/\",\"logo\":{\"@type\":\"ImageObject\",\"inLanguage\":\"en-US\",\"@id\":\"https:\\\/\\\/empak.ee\\\/en\\\/#\\\/schema\\\/logo\\\/image\\\/\",\"url\":\"https:\\\/\\\/empak.ee\\\/wp-content\\\/uploads\\\/2023\\\/07\\\/empak-logo-230728.jpg\",\"contentUrl\":\"https:\\\/\\\/empak.ee\\\/wp-content\\\/uploads\\\/2023\\\/07\\\/empak-logo-230728.jpg\",\"width\":800,\"height\":500,\"caption\":\"V\u00f5ru Empak\"},\"image\":{\"@id\":\"https:\\\/\\\/empak.ee\\\/en\\\/#\\\/schema\\\/logo\\\/image\\\/\"},\"sameAs\":[\"https:\\\/\\\/www.facebook.com\\\/voruempak\"]}]}<\/script>\n<!-- \/ Yoast SEO plugin. -->","yoast_head_json":{"title":"Bruno - V\u00f5ru Empak","robots":{"index":"index","follow":"follow","max-snippet":"max-snippet:-1","max-image-preview":"max-image-preview:large","max-video-preview":"max-video-preview:-1"},"canonical":"https:\/\/empak.ee\/en\/portfolio\/bruno\/","og_locale":"en_US","og_type":"article","og_title":"Bruno - V\u00f5ru Empak","og_description":"The product casing is made from indigenous pine wood, in addition to cassava and wood fibre board The seat part of the product and the inner side of the armrests are covered with natural leather The outer sides of the armrests, the front panel and the back wall are covered with artificial leather Block springs [...]","og_url":"https:\/\/empak.ee\/en\/portfolio\/bruno\/","og_site_name":"V\u00f5ru Empak","article_publisher":"https:\/\/www.facebook.com\/voruempak","og_image":[{"width":1920,"height":953,"url":"https:\/\/empak.ee\/wp-content\/uploads\/2023\/05\/0013_empak300414.jpg","type":"image\/jpeg"}],"twitter_card":"summary_large_image","twitter_misc":{"Est. reading time":"1 minute"},"schema":{"@context":"https:\/\/schema.org","@graph":[{"@type":"WebPage","@id":"https:\/\/empak.ee\/en\/portfolio\/bruno\/","url":"https:\/\/empak.ee\/en\/portfolio\/bruno\/","name":"Bruno - V\u00f5ru Empak","isPartOf":{"@id":"https:\/\/empak.ee\/en\/#website"},"primaryImageOfPage":{"@id":"https:\/\/empak.ee\/en\/portfolio\/bruno\/#primaryimage"},"image":{"@id":"https:\/\/empak.ee\/en\/portfolio\/bruno\/#primaryimage"},"thumbnailUrl":"https:\/\/empak.ee\/wp-content\/uploads\/2023\/05\/0013_empak300414.jpg","datePublished":"2023-05-10T12:45:23+00:00","breadcrumb":{"@id":"https:\/\/empak.ee\/en\/portfolio\/bruno\/#breadcrumb"},"inLanguage":"en-US","potentialAction":[{"@type":"ReadAction","target":["https:\/\/empak.ee\/en\/portfolio\/bruno\/"]}]},{"@type":"ImageObject","inLanguage":"en-US","@id":"https:\/\/empak.ee\/en\/portfolio\/bruno\/#primaryimage","url":"https:\/\/empak.ee\/wp-content\/uploads\/2023\/05\/0013_empak300414.jpg","contentUrl":"https:\/\/empak.ee\/wp-content\/uploads\/2023\/05\/0013_empak300414.jpg","width":1920,"height":953},{"@type":"BreadcrumbList","@id":"https:\/\/empak.ee\/en\/portfolio\/bruno\/#breadcrumb","itemListElement":[{"@type":"ListItem","position":1,"name":"Home","item":"https:\/\/empak.ee\/en\/"},{"@type":"ListItem","position":2,"name":"Portfolio","item":"https:\/\/empak.ee\/en\/portfolio\/"},{"@type":"ListItem","position":3,"name":"Bruno"}]},{"@type":"WebSite","@id":"https:\/\/empak.ee\/en\/#website","url":"https:\/\/empak.ee\/en\/","name":"V\u00f5ru Empak","description":"Pehmem\u00f6\u00f6bli tootmine.","publisher":{"@id":"https:\/\/empak.ee\/en\/#organization"},"potentialAction":[{"@type":"SearchAction","target":{"@type":"EntryPoint","urlTemplate":"https:\/\/empak.ee\/en\/?s={search_term_string}"},"query-input":{"@type":"PropertyValueSpecification","valueRequired":true,"valueName":"search_term_string"}}],"inLanguage":"en-US"},{"@type":"Organization","@id":"https:\/\/empak.ee\/en\/#organization","name":"V\u00f5ru Empak","url":"https:\/\/empak.ee\/en\/","logo":{"@type":"ImageObject","inLanguage":"en-US","@id":"https:\/\/empak.ee\/en\/#\/schema\/logo\/image\/","url":"https:\/\/empak.ee\/wp-content\/uploads\/2023\/07\/empak-logo-230728.jpg","contentUrl":"https:\/\/empak.ee\/wp-content\/uploads\/2023\/07\/empak-logo-230728.jpg","width":800,"height":500,"caption":"V\u00f5ru Empak"},"image":{"@id":"https:\/\/empak.ee\/en\/#\/schema\/logo\/image\/"},"sameAs":["https:\/\/www.facebook.com\/voruempak"]}]}},"_links":{"self":[{"href":"https:\/\/empak.ee\/en\/wp-json\/wp\/v2\/pages\/6211","targetHints":{"allow":["GET"]}}],"collection":[{"href":"https:\/\/empak.ee\/en\/wp-json\/wp\/v2\/pages"}],"about":[{"href":"https:\/\/empak.ee\/en\/wp-json\/wp\/v2\/types\/page"}],"author":[{"embeddable":true,"href":"https:\/\/empak.ee\/en\/wp-json\/wp\/v2\/users\/2"}],"replies":[{"embeddable":true,"href":"https:\/\/empak.ee\/en\/wp-json\/wp\/v2\/comments?post=6211"}],"version-history":[{"count":0,"href":"https:\/\/empak.ee\/en\/wp-json\/wp\/v2\/pages\/6211\/revisions"}],"up":[{"embeddable":true,"href":"https:\/\/empak.ee\/en\/wp-json\/wp\/v2\/pages\/6169"}],"wp:featuredmedia":[{"embeddable":true,"href":"https:\/\/empak.ee\/en\/wp-json\/wp\/v2\/media\/6067"}],"wp:attachment":[{"href":"https:\/\/empak.ee\/en\/wp-json\/wp\/v2\/media?parent=6211"}],"curies":[{"name":"wp","href":"https:\/\/api.w.org\/{rel}","templated":true}]}}