{"id":6176,"date":"2023-04-17T13:37:10","date_gmt":"2023-04-17T10:37:10","guid":{"rendered":"https:\/\/empak.katingtest.eu\/resellers\/"},"modified":"2024-09-03T14:12:36","modified_gmt":"2024-09-03T11:12:36","slug":"resellers","status":"publish","type":"page","link":"https:\/\/empak.ee\/en\/resellers\/","title":{"rendered":"Resellers"},"content":{"rendered":"<div class=\"row align-middle align-center\"  id=\"row-605916241\">\n\n\t<div id=\"col-927248388\" class=\"col medium-3 small-6 large-3\"  >\n\t\t\t\t<div class=\"col-inner\"  >\n\t\t\t\n\t\t\t\n\t<div class=\"img has-hover x md-x lg-x y md-y lg-y\" id=\"image_2087448128\">\n\t\t<a class=\"\" href=\"https:\/\/www.on24.ee\/search?q=vr\" target=\"_blank\" rel=\"noopener\" >\t\t\t\t\t\t<div class=\"img-inner dark\" >\n\t\t\t<img loading=\"lazy\" decoding=\"async\" width=\"391\" height=\"165\" src=\"https:\/\/empak.ee\/wp-content\/uploads\/2023\/04\/on24_logo_et.jpg\" class=\"attachment-large size-large\" alt=\"\" srcset=\"https:\/\/empak.ee\/wp-content\/uploads\/2023\/04\/on24_logo_et.jpg 391w, https:\/\/empak.ee\/wp-content\/uploads\/2023\/04\/on24_logo_et-300x127.jpg 300w\" sizes=\"auto, (max-width: 391px) 100vw, 391px\" \/>\t\t\t\t\t\t\n\t\t\t\t\t<\/div>\n\t\t\t\t\t\t<\/a>\t\t\n<style>\n#image_2087448128 {\n  width: 100%;\n}\n<\/style>\n\t<\/div>\n\t\n\t\t<\/div>\n\t\t\t\t\t<\/div>\n\n\t\n\n\t<div id=\"col-48259448\" class=\"col medium-3 small-6 large-3\"  >\n\t\t\t\t<div class=\"col-inner\"  >\n\t\t\t\n\t\t\t\n\t<div class=\"img has-hover x md-x lg-x y md-y lg-y\" id=\"image_1831892340\">\n\t\t<a class=\"\" href=\"https:\/\/www.on24.fi\/search?q=vr\" target=\"_blank\" rel=\"noopener\" >\t\t\t\t\t\t<div class=\"img-inner dark\" >\n\t\t\t<img loading=\"lazy\" decoding=\"async\" width=\"393\" height=\"156\" src=\"https:\/\/empak.ee\/wp-content\/uploads\/2023\/04\/on24_logo_fi.jpg\" class=\"attachment-large size-large\" alt=\"\" srcset=\"https:\/\/empak.ee\/wp-content\/uploads\/2023\/04\/on24_logo_fi.jpg 393w, https:\/\/empak.ee\/wp-content\/uploads\/2023\/04\/on24_logo_fi-300x119.jpg 300w\" sizes=\"auto, (max-width: 393px) 100vw, 393px\" \/>\t\t\t\t\t\t\n\t\t\t\t\t<\/div>\n\t\t\t\t\t\t<\/a>\t\t\n<style>\n#image_1831892340 {\n  width: 100%;\n}\n<\/style>\n\t<\/div>\n\t\n\t\t<\/div>\n\t\t\t\t\t<\/div>\n\n\t\n\n\t<div id=\"col-687565784\" class=\"col medium-3 small-6 large-3\"  >\n\t\t\t\t<div class=\"col-inner\"  >\n\t\t\t\n\t\t\t\n\t<div class=\"img has-hover x md-x lg-x y md-y lg-y\" id=\"image_247293097\">\n\t\t<a class=\"\" href=\"https:\/\/www.webshop.ee\/empak\" target=\"_blank\" rel=\"noopener\" >\t\t\t\t\t\t<div class=\"img-inner dark\" >\n\t\t\t<img loading=\"lazy\" decoding=\"async\" width=\"600\" height=\"147\" src=\"https:\/\/empak.ee\/wp-content\/uploads\/2023\/04\/webshop-logo-210806.jpg\" class=\"attachment-large size-large\" alt=\"\" srcset=\"https:\/\/empak.ee\/wp-content\/uploads\/2023\/04\/webshop-logo-210806.jpg 600w, https:\/\/empak.ee\/wp-content\/uploads\/2023\/04\/webshop-logo-210806-300x74.jpg 300w\" sizes=\"auto, (max-width: 600px) 100vw, 600px\" \/>\t\t\t\t\t\t\n\t\t\t\t\t<\/div>\n\t\t\t\t\t\t<\/a>\t\t\n<style>\n#image_247293097 {\n  width: 100%;\n}\n<\/style>\n\t<\/div>\n\t\n\t\t<\/div>\n\t\t\t\t\t<\/div>\n\n\t\n\n\t<div id=\"col-472050018\" class=\"col medium-3 small-6 large-3\"  >\n\t\t\t\t<div class=\"col-inner\"  >\n\t\t\t\n\t\t\t\n\t<div class=\"img has-hover x md-x lg-x y md-y lg-y\" id=\"image_187963912\">\n\t\t<a class=\"\" href=\"https:\/\/mobecor.ee\/\" target=\"_blank\" rel=\"noopener\" >\t\t\t\t\t\t<div class=\"img-inner dark\" >\n\t\t\t<img loading=\"lazy\" decoding=\"async\" width=\"290\" height=\"100\" src=\"https:\/\/empak.ee\/wp-content\/uploads\/2023\/04\/mobecorlogo.png\" class=\"attachment-large size-large\" alt=\"\" \/>\t\t\t\t\t\t\n\t\t\t\t\t<\/div>\n\t\t\t\t\t\t<\/a>\t\t\n<style>\n#image_187963912 {\n  width: 100%;\n}\n<\/style>\n\t<\/div>\n\t\n\t\t<\/div>\n\t\t\t\t\t<\/div>\n\n\t\n\n<style>\n#row-605916241 > .col > .col-inner {\n  padding: 0px 20px 0px 20px;\n}\n<\/style>\n<\/div>\n<div class=\"row align-middle align-center\"  id=\"row-1198012206\">\n\n\t<div id=\"col-2072510928\" class=\"col medium-3 small-6 large-3\"  >\n\t\t\t\t<div class=\"col-inner\"  >\n\t\t\t\n\t\t\t\n\t<div class=\"img has-hover x md-x lg-x y md-y lg-y\" id=\"image_98896130\">\n\t\t<a class=\"\" href=\"https:\/\/www.ananke.ee\/tootekategooria\/ve-tootevalik\/\" target=\"_blank\" rel=\"noopener\" >\t\t\t\t\t\t<div class=\"img-inner dark\" >\n\t\t\t<img loading=\"lazy\" decoding=\"async\" width=\"297\" height=\"154\" src=\"https:\/\/empak.ee\/wp-content\/uploads\/2023\/04\/ananke-moobel-logo-211104.png\" class=\"attachment-large size-large\" alt=\"\" \/>\t\t\t\t\t\t\n\t\t\t\t\t<\/div>\n\t\t\t\t\t\t<\/a>\t\t\n<style>\n#image_98896130 {\n  width: 100%;\n}\n<\/style>\n\t<\/div>\n\t\n\t\t<\/div>\n\t\t\t\t\t<\/div>\n\n\t\n\n\t<div id=\"col-198328680\" class=\"col medium-3 small-6 large-3\"  >\n\t\t\t\t<div class=\"col-inner\"  >\n\t\t\t\n\t\t\t\n\t<div class=\"img has-hover x md-x lg-x y md-y lg-y\" id=\"image_45924997\">\n\t\t<a class=\"\" href=\"https:\/\/pigu.lt\/lt\/\" target=\"_blank\" rel=\"noopener\" >\t\t\t\t\t\t<div class=\"img-inner dark\" >\n\t\t\t<img loading=\"lazy\" decoding=\"async\" width=\"1020\" height=\"1020\" src=\"https:\/\/empak.ee\/wp-content\/uploads\/2023\/07\/pigu-lt.svg\" class=\"attachment-large size-large\" alt=\"pigu.lt logo\" \/>\t\t\t\t\t\t\n\t\t\t\t\t<\/div>\n\t\t\t\t\t\t<\/a>\t\t\n<style>\n#image_45924997 {\n  width: 100%;\n}\n<\/style>\n\t<\/div>\n\t\n\t\t<\/div>\n\t\t\t\t\t<\/div>\n\n\t\n\n\t<div id=\"col-865378109\" class=\"col medium-3 small-6 large-3\"  >\n\t\t\t\t<div class=\"col-inner\"  >\n\t\t\t\n\t\t\t\n\t<div class=\"img has-hover x md-x lg-x y md-y lg-y\" id=\"image_655811732\">\n\t\t<a class=\"\" href=\"https:\/\/asko.ee\/ee\" target=\"_blank\" rel=\"noopener\" >\t\t\t\t\t\t<div class=\"img-inner dark\" >\n\t\t\t<img loading=\"lazy\" decoding=\"async\" width=\"322\" height=\"322\" src=\"https:\/\/empak.ee\/wp-content\/uploads\/2023\/04\/asko-211001.jpg\" class=\"attachment-large size-large\" alt=\"\" srcset=\"https:\/\/empak.ee\/wp-content\/uploads\/2023\/04\/asko-211001.jpg 322w, https:\/\/empak.ee\/wp-content\/uploads\/2023\/04\/asko-211001-300x300.jpg 300w, https:\/\/empak.ee\/wp-content\/uploads\/2023\/04\/asko-211001-100x100.jpg 100w, https:\/\/empak.ee\/wp-content\/uploads\/2023\/04\/asko-211001-50x50.jpg 50w\" sizes=\"auto, (max-width: 322px) 100vw, 322px\" \/>\t\t\t\t\t\t\n\t\t\t\t\t<\/div>\n\t\t\t\t\t\t<\/a>\t\t\n<style>\n#image_655811732 {\n  width: 100%;\n}\n<\/style>\n\t<\/div>\n\t\n\t\t<\/div>\n\t\t\t\t\t<\/div>\n\n\t\n\n\t<div id=\"col-1217425982\" class=\"col medium-3 small-6 large-3\"  >\n\t\t\t\t<div class=\"col-inner\"  >\n\t\t\t\n\t\t\t\n\t<div class=\"img has-hover x md-x lg-x y md-y lg-y\" id=\"image_1912031548\">\n\t\t<a class=\"\" href=\"https:\/\/www.aatrium.ee\/\" target=\"_blank\" rel=\"noopener\" >\t\t\t\t\t\t<div class=\"img-inner dark\" >\n\t\t\t<img loading=\"lazy\" decoding=\"async\" width=\"500\" height=\"250\" src=\"https:\/\/empak.ee\/wp-content\/uploads\/2023\/04\/aatrium-logo-220214.jpg\" class=\"attachment-large size-large\" alt=\"\" srcset=\"https:\/\/empak.ee\/wp-content\/uploads\/2023\/04\/aatrium-logo-220214.jpg 500w, https:\/\/empak.ee\/wp-content\/uploads\/2023\/04\/aatrium-logo-220214-300x150.jpg 300w\" sizes=\"auto, (max-width: 500px) 100vw, 500px\" \/>\t\t\t\t\t\t\n\t\t\t\t\t<\/div>\n\t\t\t\t\t\t<\/a>\t\t\n<style>\n#image_1912031548 {\n  width: 100%;\n}\n<\/style>\n\t<\/div>\n\t\n\t\t<\/div>\n\t\t\t\t\t<\/div>\n\n\t\n\n<style>\n#row-1198012206 > .col > .col-inner {\n  padding: 0px 20px 0px 20px;\n}\n<\/style>\n<\/div>\n<div class=\"row align-middle align-center\"  id=\"row-580847163\">\n\n\t<div id=\"col-1316559721\" class=\"col medium-3 small-6 large-3\"  >\n\t\t\t\t<div class=\"col-inner\"  >\n\t\t\t\n\t\t\t\n\t<div class=\"img has-hover x md-x lg-x y md-y lg-y\" id=\"image_1615691762\">\n\t\t<a class=\"\" href=\"https:\/\/isabella.ee\/\" target=\"_blank\" rel=\"noopener\" >\t\t\t\t\t\t<div class=\"img-inner dark\" >\n\t\t\t<img loading=\"lazy\" decoding=\"async\" width=\"600\" height=\"147\" src=\"https:\/\/empak.ee\/wp-content\/uploads\/2023\/07\/isabella-moobel-logo-230720.png\" class=\"attachment-large size-large\" alt=\"isabella m\u00f6\u00f6bel logo\" srcset=\"https:\/\/empak.ee\/wp-content\/uploads\/2023\/07\/isabella-moobel-logo-230720.png 600w, https:\/\/empak.ee\/wp-content\/uploads\/2023\/07\/isabella-moobel-logo-230720-300x74.png 300w\" sizes=\"auto, (max-width: 600px) 100vw, 600px\" \/>\t\t\t\t\t\t\n\t\t\t\t\t<\/div>\n\t\t\t\t\t\t<\/a>\t\t\n<style>\n#image_1615691762 {\n  width: 100%;\n}\n<\/style>\n\t<\/div>\n\t\n\t\t<\/div>\n\t\t\t\t\t<\/div>\n\n\t\n\n\t<div id=\"col-656076586\" class=\"col medium-3 small-6 large-3\"  >\n\t\t\t\t<div class=\"col-inner\"  >\n\t\t\t\n\t\t\t\n\t<div class=\"img has-hover x md-x lg-x y md-y lg-y\" id=\"image_1718890072\">\n\t\t<a class=\"\" href=\"https:\/\/masku.ee\/\" target=\"_blank\" rel=\"noopener\" >\t\t\t\t\t\t<div class=\"img-inner dark\" >\n\t\t\t<img loading=\"lazy\" decoding=\"async\" width=\"225\" height=\"225\" src=\"https:\/\/empak.ee\/wp-content\/uploads\/2023\/07\/masku-logo-230720.png\" class=\"attachment-large size-large\" alt=\"Masku logo\" srcset=\"https:\/\/empak.ee\/wp-content\/uploads\/2023\/07\/masku-logo-230720.png 225w, https:\/\/empak.ee\/wp-content\/uploads\/2023\/07\/masku-logo-230720-100x100.png 100w, https:\/\/empak.ee\/wp-content\/uploads\/2023\/07\/masku-logo-230720-50x50.png 50w\" sizes=\"auto, (max-width: 225px) 100vw, 225px\" \/>\t\t\t\t\t\t\n\t\t\t\t\t<\/div>\n\t\t\t\t\t\t<\/a>\t\t\n<style>\n#image_1718890072 {\n  width: 100%;\n}\n<\/style>\n\t<\/div>\n\t\n\t\t<\/div>\n\t\t\t\t\t<\/div>\n\n\t\n\n\t<div id=\"col-1561016536\" class=\"col medium-3 small-6 large-3\"  >\n\t\t\t\t<div class=\"col-inner\"  >\n\t\t\t\n\t\t\t\n\t<div class=\"img has-hover x md-x lg-x y md-y lg-y\" id=\"image_920077506\">\n\t\t<a class=\"\" href=\"https:\/\/espak.ee\" target=\"_blank\" rel=\"noopener\" >\t\t\t\t\t\t<div class=\"img-inner dark\" >\n\t\t\t<img loading=\"lazy\" decoding=\"async\" width=\"800\" height=\"600\" src=\"https:\/\/empak.ee\/wp-content\/uploads\/2023\/07\/espak-logo-230720.jpg\" class=\"attachment-large size-large\" alt=\"Espak logo\" srcset=\"https:\/\/empak.ee\/wp-content\/uploads\/2023\/07\/espak-logo-230720.jpg 800w, https:\/\/empak.ee\/wp-content\/uploads\/2023\/07\/espak-logo-230720-533x400.jpg 533w, https:\/\/empak.ee\/wp-content\/uploads\/2023\/07\/espak-logo-230720-768x576.jpg 768w, https:\/\/empak.ee\/wp-content\/uploads\/2023\/07\/espak-logo-230720-300x225.jpg 300w, https:\/\/empak.ee\/wp-content\/uploads\/2023\/07\/espak-logo-230720-600x450.jpg 600w\" sizes=\"auto, (max-width: 800px) 100vw, 800px\" \/>\t\t\t\t\t\t\n\t\t\t\t\t<\/div>\n\t\t\t\t\t\t<\/a>\t\t\n<style>\n#image_920077506 {\n  width: 100%;\n}\n<\/style>\n\t<\/div>\n\t\n\t\t<\/div>\n\t\t\t\t\t<\/div>\n\n\t\n\n\t<div id=\"col-398971900\" class=\"col medium-3 small-6 large-3\"  >\n\t\t\t\t<div class=\"col-inner\"  >\n\t\t\t\n\t\t\t\n\t<div class=\"img has-hover x md-x lg-x y md-y lg-y\" id=\"image_352410760\">\n\t\t<a class=\"\" href=\"http:\/\/papera.ee\/\" target=\"_blank\" rel=\"noopener\" >\t\t\t\t\t\t<div class=\"img-inner dark\" >\n\t\t\t<img loading=\"lazy\" decoding=\"async\" width=\"331\" height=\"200\" src=\"https:\/\/empak.ee\/wp-content\/uploads\/2023\/07\/papera-mooblimaja-logo-230720.png\" class=\"attachment-large size-large\" alt=\"Papera m\u00f6\u00f6blimaja\" srcset=\"https:\/\/empak.ee\/wp-content\/uploads\/2023\/07\/papera-mooblimaja-logo-230720.png 331w, https:\/\/empak.ee\/wp-content\/uploads\/2023\/07\/papera-mooblimaja-logo-230720-300x181.png 300w\" sizes=\"auto, (max-width: 331px) 100vw, 331px\" \/>\t\t\t\t\t\t\n\t\t\t\t\t<\/div>\n\t\t\t\t\t\t<\/a>\t\t\n<style>\n#image_352410760 {\n  width: 100%;\n}\n<\/style>\n\t<\/div>\n\t\n\t\t<\/div>\n\t\t\t\t\t<\/div>\n\n\t\n\n<style>\n#row-580847163 > .col > .col-inner {\n  padding: 0px 20px 0px 20px;\n}\n<\/style>\n<\/div>\n<div class=\"row align-middle align-center\"  id=\"row-442531100\">\n\n\t<div id=\"col-635286821\" class=\"col medium-3 small-6 large-3\"  >\n\t\t\t\t<div class=\"col-inner\"  >\n\t\t\t\n\t\t\t\n\t<div class=\"img has-hover x md-x lg-x y md-y lg-y\" id=\"image_1434842623\">\n\t\t<a class=\"\" href=\"https:\/\/common.ee\/\" target=\"_blank\" rel=\"noopener\" >\t\t\t\t\t\t<div class=\"img-inner dark\" >\n\t\t\t<img loading=\"lazy\" decoding=\"async\" width=\"1020\" height=\"1020\" src=\"https:\/\/empak.ee\/wp-content\/uploads\/2023\/08\/common-logo-230807-1024x1024.png\" class=\"attachment-large size-large\" alt=\"Common.ee logo\" srcset=\"https:\/\/empak.ee\/wp-content\/uploads\/2023\/08\/common-logo-230807-1024x1024.png 1024w, https:\/\/empak.ee\/wp-content\/uploads\/2023\/08\/common-logo-230807-400x400.png 400w, https:\/\/empak.ee\/wp-content\/uploads\/2023\/08\/common-logo-230807-768x768.png 768w, https:\/\/empak.ee\/wp-content\/uploads\/2023\/08\/common-logo-230807-300x300.png 300w, https:\/\/empak.ee\/wp-content\/uploads\/2023\/08\/common-logo-230807-600x600.png 600w, https:\/\/empak.ee\/wp-content\/uploads\/2023\/08\/common-logo-230807-100x100.png 100w, https:\/\/empak.ee\/wp-content\/uploads\/2023\/08\/common-logo-230807-50x50.png 50w, https:\/\/empak.ee\/wp-content\/uploads\/2023\/08\/common-logo-230807.png 1280w\" sizes=\"auto, (max-width: 1020px) 100vw, 1020px\" \/>\t\t\t\t\t\t\n\t\t\t\t\t<\/div>\n\t\t\t\t\t\t<\/a>\t\t\n<style>\n#image_1434842623 {\n  width: 100%;\n}\n<\/style>\n\t<\/div>\n\t\n\t\t<\/div>\n\t\t\t\t\t<\/div>\n\n\t\n\n\t<div id=\"col-1810020278\" class=\"col medium-3 small-6 large-3\"  >\n\t\t\t\t<div class=\"col-inner\"  >\n\t\t\t\n\t\t\t\n\t<div class=\"img has-hover x md-x lg-x y md-y lg-y\" id=\"image_548792891\">\n\t\t<a class=\"\" href=\"https:\/\/www.rug.ee\/\" >\t\t\t\t\t\t<div class=\"img-inner dark\" >\n\t\t\t<img loading=\"lazy\" decoding=\"async\" width=\"230\" height=\"219\" src=\"https:\/\/empak.ee\/wp-content\/uploads\/2023\/08\/rug-moobel-1.png\" class=\"attachment-large size-large\" alt=\"\" \/>\t\t\t\t\t\t\n\t\t\t\t\t<\/div>\n\t\t\t\t\t\t<\/a>\t\t\n<style>\n#image_548792891 {\n  width: 100%;\n}\n<\/style>\n\t<\/div>\n\t\n\t\t<\/div>\n\t\t\t\t\t<\/div>\n\n\t\n\n\t<div id=\"col-1728405963\" class=\"col medium-3 small-6 large-3\"  >\n\t\t\t\t<div class=\"col-inner\"  >\n\t\t\t\n\t\t\t\n\t\t<\/div>\n\t\t\t\t\t<\/div>\n\n\t\n\n\t<div id=\"col-547105926\" class=\"col medium-3 small-6 large-3\"  >\n\t\t\t\t<div class=\"col-inner\"  >\n\t\t\t\n\t\t\t\n\t\t<\/div>\n\t\t\t\t\t<\/div>\n\n\t\n\n<style>\n#row-442531100 > .col > .col-inner {\n  padding: 0px 20px 0px 20px;\n}\n<\/style>\n<\/div>\n","protected":false},"excerpt":{"rendered":"","protected":false},"author":1,"featured_media":0,"parent":0,"menu_order":0,"comment_status":"closed","ping_status":"closed","template":"page-blank-title-center.php","meta":{"_acf_changed":false,"footnotes":""},"class_list":["post-6176","page","type-page","status-publish","hentry"],"acf":[],"yoast_head":"<!-- This site is optimized with the Yoast SEO plugin v27.5 - https:\/\/yoast.com\/product\/yoast-seo-wordpress\/ -->\n<title>Resellers - V\u00f5ru Empak<\/title>\n<meta name=\"robots\" content=\"index, follow, max-snippet:-1, max-image-preview:large, max-video-preview:-1\" \/>\n<link rel=\"canonical\" href=\"https:\/\/empak.ee\/en\/resellers\/\" \/>\n<meta property=\"og:locale\" content=\"en_US\" \/>\n<meta property=\"og:type\" content=\"article\" \/>\n<meta property=\"og:title\" content=\"Resellers - V\u00f5ru Empak\" \/>\n<meta property=\"og:url\" content=\"https:\/\/empak.ee\/en\/resellers\/\" \/>\n<meta property=\"og:site_name\" content=\"V\u00f5ru Empak\" \/>\n<meta property=\"article:publisher\" content=\"https:\/\/www.facebook.com\/voruempak\" \/>\n<meta property=\"article:modified_time\" content=\"2024-09-03T11:12:36+00:00\" \/>\n<meta name=\"twitter:card\" content=\"summary_large_image\" \/>\n<meta name=\"twitter:label1\" content=\"Est. reading time\" \/>\n\t<meta name=\"twitter:data1\" content=\"1 minute\" \/>\n<script type=\"application\/ld+json\" class=\"yoast-schema-graph\">{\"@context\":\"https:\\\/\\\/schema.org\",\"@graph\":[{\"@type\":\"WebPage\",\"@id\":\"https:\\\/\\\/empak.ee\\\/en\\\/resellers\\\/\",\"url\":\"https:\\\/\\\/empak.ee\\\/en\\\/resellers\\\/\",\"name\":\"Resellers - V\u00f5ru Empak\",\"isPartOf\":{\"@id\":\"https:\\\/\\\/empak.ee\\\/en\\\/#website\"},\"datePublished\":\"2023-04-17T10:37:10+00:00\",\"dateModified\":\"2024-09-03T11:12:36+00:00\",\"breadcrumb\":{\"@id\":\"https:\\\/\\\/empak.ee\\\/en\\\/resellers\\\/#breadcrumb\"},\"inLanguage\":\"en-US\",\"potentialAction\":[{\"@type\":\"ReadAction\",\"target\":[\"https:\\\/\\\/empak.ee\\\/en\\\/resellers\\\/\"]}]},{\"@type\":\"BreadcrumbList\",\"@id\":\"https:\\\/\\\/empak.ee\\\/en\\\/resellers\\\/#breadcrumb\",\"itemListElement\":[{\"@type\":\"ListItem\",\"position\":1,\"name\":\"Home\",\"item\":\"https:\\\/\\\/empak.ee\\\/en\\\/\"},{\"@type\":\"ListItem\",\"position\":2,\"name\":\"Resellers\"}]},{\"@type\":\"WebSite\",\"@id\":\"https:\\\/\\\/empak.ee\\\/en\\\/#website\",\"url\":\"https:\\\/\\\/empak.ee\\\/en\\\/\",\"name\":\"V\u00f5ru Empak\",\"description\":\"Pehmem\u00f6\u00f6bli tootmine.\",\"publisher\":{\"@id\":\"https:\\\/\\\/empak.ee\\\/en\\\/#organization\"},\"potentialAction\":[{\"@type\":\"SearchAction\",\"target\":{\"@type\":\"EntryPoint\",\"urlTemplate\":\"https:\\\/\\\/empak.ee\\\/en\\\/?s={search_term_string}\"},\"query-input\":{\"@type\":\"PropertyValueSpecification\",\"valueRequired\":true,\"valueName\":\"search_term_string\"}}],\"inLanguage\":\"en-US\"},{\"@type\":\"Organization\",\"@id\":\"https:\\\/\\\/empak.ee\\\/en\\\/#organization\",\"name\":\"V\u00f5ru Empak\",\"url\":\"https:\\\/\\\/empak.ee\\\/en\\\/\",\"logo\":{\"@type\":\"ImageObject\",\"inLanguage\":\"en-US\",\"@id\":\"https:\\\/\\\/empak.ee\\\/en\\\/#\\\/schema\\\/logo\\\/image\\\/\",\"url\":\"https:\\\/\\\/empak.ee\\\/wp-content\\\/uploads\\\/2023\\\/07\\\/empak-logo-230728.jpg\",\"contentUrl\":\"https:\\\/\\\/empak.ee\\\/wp-content\\\/uploads\\\/2023\\\/07\\\/empak-logo-230728.jpg\",\"width\":800,\"height\":500,\"caption\":\"V\u00f5ru Empak\"},\"image\":{\"@id\":\"https:\\\/\\\/empak.ee\\\/en\\\/#\\\/schema\\\/logo\\\/image\\\/\"},\"sameAs\":[\"https:\\\/\\\/www.facebook.com\\\/voruempak\"]}]}<\/script>\n<!-- \/ Yoast SEO plugin. -->","yoast_head_json":{"title":"Resellers - V\u00f5ru Empak","robots":{"index":"index","follow":"follow","max-snippet":"max-snippet:-1","max-image-preview":"max-image-preview:large","max-video-preview":"max-video-preview:-1"},"canonical":"https:\/\/empak.ee\/en\/resellers\/","og_locale":"en_US","og_type":"article","og_title":"Resellers - V\u00f5ru Empak","og_url":"https:\/\/empak.ee\/en\/resellers\/","og_site_name":"V\u00f5ru Empak","article_publisher":"https:\/\/www.facebook.com\/voruempak","article_modified_time":"2024-09-03T11:12:36+00:00","twitter_card":"summary_large_image","twitter_misc":{"Est. reading time":"1 minute"},"schema":{"@context":"https:\/\/schema.org","@graph":[{"@type":"WebPage","@id":"https:\/\/empak.ee\/en\/resellers\/","url":"https:\/\/empak.ee\/en\/resellers\/","name":"Resellers - V\u00f5ru Empak","isPartOf":{"@id":"https:\/\/empak.ee\/en\/#website"},"datePublished":"2023-04-17T10:37:10+00:00","dateModified":"2024-09-03T11:12:36+00:00","breadcrumb":{"@id":"https:\/\/empak.ee\/en\/resellers\/#breadcrumb"},"inLanguage":"en-US","potentialAction":[{"@type":"ReadAction","target":["https:\/\/empak.ee\/en\/resellers\/"]}]},{"@type":"BreadcrumbList","@id":"https:\/\/empak.ee\/en\/resellers\/#breadcrumb","itemListElement":[{"@type":"ListItem","position":1,"name":"Home","item":"https:\/\/empak.ee\/en\/"},{"@type":"ListItem","position":2,"name":"Resellers"}]},{"@type":"WebSite","@id":"https:\/\/empak.ee\/en\/#website","url":"https:\/\/empak.ee\/en\/","name":"V\u00f5ru Empak","description":"Pehmem\u00f6\u00f6bli tootmine.","publisher":{"@id":"https:\/\/empak.ee\/en\/#organization"},"potentialAction":[{"@type":"SearchAction","target":{"@type":"EntryPoint","urlTemplate":"https:\/\/empak.ee\/en\/?s={search_term_string}"},"query-input":{"@type":"PropertyValueSpecification","valueRequired":true,"valueName":"search_term_string"}}],"inLanguage":"en-US"},{"@type":"Organization","@id":"https:\/\/empak.ee\/en\/#organization","name":"V\u00f5ru Empak","url":"https:\/\/empak.ee\/en\/","logo":{"@type":"ImageObject","inLanguage":"en-US","@id":"https:\/\/empak.ee\/en\/#\/schema\/logo\/image\/","url":"https:\/\/empak.ee\/wp-content\/uploads\/2023\/07\/empak-logo-230728.jpg","contentUrl":"https:\/\/empak.ee\/wp-content\/uploads\/2023\/07\/empak-logo-230728.jpg","width":800,"height":500,"caption":"V\u00f5ru Empak"},"image":{"@id":"https:\/\/empak.ee\/en\/#\/schema\/logo\/image\/"},"sameAs":["https:\/\/www.facebook.com\/voruempak"]}]}},"_links":{"self":[{"href":"https:\/\/empak.ee\/en\/wp-json\/wp\/v2\/pages\/6176","targetHints":{"allow":["GET"]}}],"collection":[{"href":"https:\/\/empak.ee\/en\/wp-json\/wp\/v2\/pages"}],"about":[{"href":"https:\/\/empak.ee\/en\/wp-json\/wp\/v2\/types\/page"}],"author":[{"embeddable":true,"href":"https:\/\/empak.ee\/en\/wp-json\/wp\/v2\/users\/1"}],"replies":[{"embeddable":true,"href":"https:\/\/empak.ee\/en\/wp-json\/wp\/v2\/comments?post=6176"}],"version-history":[{"count":6,"href":"https:\/\/empak.ee\/en\/wp-json\/wp\/v2\/pages\/6176\/revisions"}],"predecessor-version":[{"id":9076,"href":"https:\/\/empak.ee\/en\/wp-json\/wp\/v2\/pages\/6176\/revisions\/9076"}],"wp:attachment":[{"href":"https:\/\/empak.ee\/en\/wp-json\/wp\/v2\/media?parent=6176"}],"curies":[{"name":"wp","href":"https:\/\/api.w.org\/{rel}","templated":true}]}}