{"id":6151,"date":"2023-05-10T08:49:37","date_gmt":"2023-05-10T05:49:37","guid":{"rendered":"https:\/\/empak.katingtest.eu\/references\/"},"modified":"2024-09-03T15:38:28","modified_gmt":"2024-09-03T12:38:28","slug":"references","status":"publish","type":"page","link":"https:\/\/empak.ee\/en\/references\/","title":{"rendered":"References"},"content":{"rendered":"<div class=\"row\"  id=\"row-165144285\"><\/div>\n\n\t<div id=\"col-672942309\" class=\"col medium-8 small-12 large-8\"  >\n\t\t\t\t<div class=\"col-inner\"  >\n\t\t\t\n\t\t\t\t\t<\/div>\n\t\t\t\t\t<\/div>\n\n\t\n<h2 class=\"text-center mb-5\">Since 2016, we have been involved in many different, both large and small, custom-made upholstered furniture projects. We have contributed to the projects.<\/h2>\n<table width=\"395\">\n<tbody>\n<tr>\n<td width=\"204\"><strong>2024<\/strong><\/td>\n<td width=\"185\"><\/td>\n<\/tr>\n<tr>\n<td width=\"204\">P\u00e4rnu R\u00e4\u00e4ma school<\/td>\n<td width=\"185\">Estonia, P\u00e4rnu<\/td>\n<\/tr>\n<tr>\n<td width=\"204\">P\u00f5hja-Eesti Regional hospital<\/td>\n<td width=\"185\">Estonia, Tallinn<\/td>\n<\/tr>\n<tr>\n<td width=\"204\">Tampere Psychiatric clinic<\/td>\n<td width=\"185\">Finland, Tampere<\/td>\n<\/tr>\n<tr>\n<td width=\"204\">Mulgi municipal government<\/td>\n<td width=\"185\">Estonia, Viljandi<\/td>\n<\/tr>\n<tr>\n<td width=\"204\">Johan Spa Hotel<\/td>\n<td width=\"185\">Estonia, Kuressaare<\/td>\n<\/tr>\n<tr>\n<td width=\"204\">Tori Nursing Home<\/td>\n<td width=\"185\">Estonia, Tori<\/td>\n<\/tr>\n<tr>\n<td width=\"204\">Hoolekandeteenused<\/td>\n<td width=\"185\">Estonia, Tallinn<\/td>\n<\/tr>\n<tr>\n<td width=\"204\">House of Freinhold hotel<\/td>\n<td width=\"185\">Estonia, V\u00f5ru<\/td>\n<\/tr>\n<tr>\n<td width=\"204\">Embassy of the Republic of South Korea<\/td>\n<td width=\"185\">Estonia, Tallinn<\/td>\n<\/tr>\n<\/tbody>\n<\/table>\n<p>&nbsp;<\/p>\n<table>\n<tbody>\n<tr>\n<td width=\"312\"><strong>2023<\/strong><\/td>\n<td width=\"312\"><\/td>\n<\/tr>\n<tr>\n<td width=\"312\">Muhu Care Center SA<\/td>\n<td width=\"312\">Estonia, Muhu<\/td>\n<\/tr>\n<tr>\n<td width=\"312\">Tallinn Pelgulinna State High School<\/td>\n<td width=\"312\">Estonia, Tallinn<\/td>\n<\/tr>\n<tr>\n<td width=\"312\">V\u00f5ru J\u00e4rve school<\/td>\n<td width=\"312\">Estonia, V\u00f5ru<\/td>\n<\/tr>\n<tr>\n<td width=\"312\">Rapla Municipality Open Youth Center<\/td>\n<td width=\"312\">Estonia, Rapla<\/td>\n<\/tr>\n<tr>\n<td width=\"312\">Tartu Hiie school<\/td>\n<td width=\"312\">Estonia, Tartu<\/td>\n<\/tr>\n<tr>\n<td width=\"312\">Estonian Children and Youth Diabetes Association<\/td>\n<td width=\"312\">Estonia, Tallinn<\/td>\n<\/tr>\n<tr>\n<td width=\"312\">Kunda port<\/td>\n<td width=\"312\">Estonia, Kunda<\/td>\n<\/tr>\n<tr>\n<td width=\"312\">Kindergarden Sipsik<\/td>\n<td width=\"312\">Estonia, Tallinn<\/td>\n<\/tr>\n<tr>\n<td width=\"312\">Lido Eesti<\/td>\n<td width=\"312\">Estonia, Tallinn<\/td>\n<\/tr>\n<tr>\n<td width=\"312\">Ida-Tallinna central hospital<\/td>\n<td width=\"312\">Estonia, Tallinn<\/td>\n<\/tr>\n<tr>\n<td width=\"312\">Ikaalinen Spa Resort<\/td>\n<td width=\"312\">Finland, Ikaalinen<\/td>\n<\/tr>\n<tr>\n<td width=\"312\">Hoolekande Teenused AS<\/td>\n<td width=\"312\">Estonia, all over Estonia<\/td>\n<\/tr>\n<tr>\n<td width=\"312\">Helsingi Detention house<\/td>\n<td width=\"312\">Finland, Helsingi<\/td>\n<\/tr>\n<tr>\n<td width=\"312\">Fun Golf<\/td>\n<td width=\"312\">Estonia, P\u00e4rnu<\/td>\n<\/tr>\n<tr>\n<td width=\"312\">Kubja Hotel<\/td>\n<td width=\"312\">Estonia, V\u00f5ru<\/td>\n<\/tr>\n<tr>\n<td width=\"312\">L\u00f5una-Eesti hospital AS<\/td>\n<td width=\"312\">Estonia, V\u00f5ru<\/td>\n<\/tr>\n<tr>\n<td width=\"312\">Tartu Applied College<\/td>\n<td width=\"312\">Estonia, Tartu<\/td>\n<\/tr>\n<\/tbody>\n<\/table>\n<p>&nbsp;<\/p>\n<div class=\"col-sm-6\">\n<div class=\"col-sm-6\">\n<table width=\"383\">\n<tbody>\n<tr>\n<td width=\"198\"><strong>2022<\/strong><\/td>\n<td width=\"185\"><\/td>\n<\/tr>\n<tr>\n<td width=\"198\">Tahko Ski Resort<\/td>\n<td width=\"185\">Finland, Tahko<\/td>\n<\/tr>\n<tr>\n<td width=\"198\">United Bankers<\/td>\n<td width=\"185\">Finland, Helsinki<\/td>\n<\/tr>\n<tr>\n<td width=\"198\">Kfive<\/td>\n<td width=\"185\">Australia, Sidny<\/td>\n<\/tr>\n<tr>\n<td width=\"198\">Scope<\/td>\n<td width=\"185\">Holland, Eindhoven<\/td>\n<\/tr>\n<tr>\n<td width=\"198\">Tetris<\/td>\n<td width=\"185\">Germany, Hannover<\/td>\n<\/tr>\n<tr>\n<td width=\"198\">Kuopio city government<\/td>\n<td width=\"185\">Finland, Kuopio<\/td>\n<\/tr>\n<tr>\n<td width=\"198\">Northern Estonia Regional Hospital<\/td>\n<td width=\"185\">Estonia, Tallinn<\/td>\n<\/tr>\n<tr>\n<td width=\"198\">Elva Center for Children and Families<\/td>\n<td width=\"185\">Estonia, Elva<\/td>\n<\/tr>\n<tr>\n<td width=\"198\">Tohvr retirement home<\/td>\n<td width=\"185\">Estonia, Hiiumaa<\/td>\n<\/tr>\n<tr>\n<td width=\"198\">J\u00e4rvamaa Hospital AS<\/td>\n<td width=\"185\">Estonia, Paide<\/td>\n<\/tr>\n<tr>\n<td width=\"198\">Paikuse school<\/td>\n<td width=\"185\">Estonia, Paikuse<\/td>\n<\/tr>\n<tr>\n<td width=\"198\">Defense Association of V\u00f5rumaa Malev<\/td>\n<td width=\"185\">Estonia, V\u00f5ru<\/td>\n<\/tr>\n<tr>\n<td width=\"198\">Nursing home Saaremaa Valss<\/td>\n<td width=\"185\">Estonia, Kuressaare<\/td>\n<\/tr>\n<tr>\n<td width=\"198\">Allika Kindergarden<\/td>\n<td width=\"185\">Estonia, Tallinn<\/td>\n<\/tr>\n<tr>\n<td width=\"198\">Tartu Kindergarden M\u00f5mmik<\/td>\n<td width=\"185\">Estonia, Tartu<\/td>\n<\/tr>\n<tr>\n<td width=\"198\">V\u00f5ru Kretuzwaldi school<\/td>\n<td width=\"185\">Estonia, V\u00f5ru<\/td>\n<\/tr>\n<\/tbody>\n<\/table>\n<p>&nbsp;<\/p>\n<table style=\"height: 366px\" width=\"395\">\n<tbody>\n<tr>\n<td width=\"207\"><strong>2021<\/strong><\/td>\n<td width=\"190\"><\/td>\n<\/tr>\n<tr>\n<td width=\"207\">Tallinn Board of Education<\/td>\n<td width=\"190\">Estonia, Tallinn<\/td>\n<\/tr>\n<tr>\n<td width=\"207\">Paikuse school<\/td>\n<td width=\"190\">Estonia, Paikuse<\/td>\n<\/tr>\n<tr>\n<td width=\"207\">Tori nursing home<\/td>\n<td width=\"190\">Estonia, Tori<\/td>\n<\/tr>\n<tr>\n<td width=\"207\">K\u00e4o support center<\/td>\n<td width=\"190\">Estonia, Tallinn<\/td>\n<\/tr>\n<tr>\n<td width=\"207\">Paide Hammerbecki Elementary school<\/td>\n<td width=\"190\">Estonia, Paide<\/td>\n<\/tr>\n<tr>\n<td width=\"207\">Roosna-Alliku Elementary school<\/td>\n<td width=\"190\">Estonia, Roosna-Alliku<\/td>\n<\/tr>\n<tr>\n<td width=\"207\">Hillar Hanssoo Elementary school<\/td>\n<td width=\"190\">Estonia, Paide<\/td>\n<\/tr>\n<tr>\n<td width=\"207\">Kindergarden Hellik<\/td>\n<td width=\"190\">Estonia, Tartu<\/td>\n<\/tr>\n<tr>\n<td width=\"207\">Hotel Metropol Tallinn<\/td>\n<td width=\"190\">Estonia, Tallinn<\/td>\n<\/tr>\n<\/tbody>\n<\/table>\n<\/div>\n<\/div>\n<div class=\"col-sm-6\">\n<p>&nbsp;<\/p>\n<p>&nbsp;<\/p>\n<table style=\"height: 302px\" width=\"402\">\n<tbody>\n<tr>\n<td width=\"312\"><strong>2020<\/strong><\/td>\n<td width=\"312\"><\/td>\n<\/tr>\n<tr>\n<td width=\"312\">Elamusgolf<\/td>\n<td width=\"312\">Estonia, Tallinn<\/td>\n<\/tr>\n<tr>\n<td width=\"312\">Hotel Westin<\/td>\n<td width=\"312\"> England, London<\/td>\n<\/tr>\n<tr>\n<td width=\"312\">Crown Plaza Helsinki<\/td>\n<td width=\"312\">Finland, Helsinki<\/td>\n<\/tr>\n<tr>\n<td width=\"312\">Costa Carnival<\/td>\n<td width=\"312\">Cruise ship<\/td>\n<\/tr>\n<tr>\n<td width=\"312\">MT\u00dc Southern Estonia Center for Special Care Services<\/td>\n<td width=\"312\">Estonia, V\u00f5ru<\/td>\n<\/tr>\n<tr>\n<td width=\"312\">Reykholt SPA<\/td>\n<td width=\"312\">Island, Reykjavik<\/td>\n<\/tr>\n<tr>\n<td width=\"312\">Nursing homes<\/td>\n<td width=\"312\">Tallinn and Sillam\u00e4e<\/td>\n<\/tr>\n<\/tbody>\n<\/table>\n<p>&nbsp;<\/p>\n<table>\n<tbody>\n<tr>\n<td width=\"312\"><strong>2019<\/strong><\/td>\n<td width=\"312\"><\/td>\n<\/tr>\n<tr>\n<td width=\"312\">Radisson Blu<\/td>\n<td width=\"312\">Ukraina, Kiiev<\/td>\n<\/tr>\n<tr>\n<td width=\"312\">Northern Estonia Regional Hospital 4. etapp<\/td>\n<td width=\"312\">Estonia, Tallinn<\/td>\n<\/tr>\n<\/tbody>\n<\/table>\n<p>&nbsp;<\/p>\n<table style=\"height: 411px\" width=\"636\">\n<tbody>\n<tr>\n<td width=\"312\"><strong>2018<\/strong><\/td>\n<td width=\"312\"><\/td>\n<\/tr>\n<tr>\n<td width=\"312\">Estonian Academy of Arts<\/td>\n<td width=\"312\">Estonia, Tallinn<\/td>\n<\/tr>\n<tr>\n<td width=\"312\">Radisson Blu<\/td>\n<td width=\"312\">Ireland, Glasgow<\/td>\n<\/tr>\n<tr>\n<td width=\"312\">Radisson Blu<\/td>\n<td width=\"312\">Lithuania, Vilnius<\/td>\n<\/tr>\n<tr>\n<td width=\"312\">Hotel Metropol<\/td>\n<td width=\"312\">Estonia, Tallinn<\/td>\n<\/tr>\n<tr>\n<td width=\"312\">P\u00f5hja-Eesti Regional hospital<\/td>\n<td width=\"312\">Estonia, Tallinn<\/td>\n<\/tr>\n<tr>\n<td width=\"312\">V\u00f5ru Central School<\/td>\n<td width=\"312\">Estonia, V\u00f5ru<\/td>\n<\/tr>\n<tr>\n<td width=\"312\">P\u00e4\u00e4sk\u00fcla School<\/td>\n<td width=\"312\">Estonia, Tallinn<\/td>\n<\/tr>\n<tr>\n<td width=\"312\">Raatuse School<\/td>\n<td width=\"312\">Estonia, Tartu<\/td>\n<\/tr>\n<tr>\n<td width=\"312\">K\u00e4o Support Centre<\/td>\n<td width=\"312\">Estonia, Tallinn<\/td>\n<\/tr>\n<tr>\n<td width=\"312\">Nautica Centre<\/td>\n<td width=\"312\">Estonia, Tallinn<\/td>\n<\/tr>\n<tr>\n<td width=\"312\">Hoolekande Teenused AS<\/td>\n<td width=\"312\">Estonia, all over Estonia<\/td>\n<\/tr>\n<\/tbody>\n<\/table>\n<\/div>\n<div class=\"row\" style=\"text-align: center\">\n<div class=\"col-sm-6\">\n<p>&nbsp;<\/p>\n<\/div>\n<\/div>\n<div class=\"row\">\n<div class=\"col-sm-6\" style=\"text-align: center\">\n<table class=\"table\" style=\"height: 278px\" width=\"636\">\n<thead>\n<tr>\n<th><strong>2017<\/strong><\/th>\n<\/tr>\n<\/thead>\n<tbody>\n<tr>\n<td>Gustav Adolfi Gymnasium<\/td>\n<td>Estonia, Tallinn<\/td>\n<\/tr>\n<tr>\n<td>Tondiraba School<\/td>\n<td>Estonia, Tallinn<\/td>\n<\/tr>\n<tr>\n<td>APL Estonia<\/td>\n<td>Estonia, Tallinn<\/td>\n<\/tr>\n<tr>\n<td>Maritime Museum<\/td>\n<td>Estonia, Tallinn<\/td>\n<\/tr>\n<tr>\n<td>Adina Hotel<\/td>\n<td>Germany, Leipzig<\/td>\n<\/tr>\n<tr>\n<td>Adina Hotel<\/td>\n<td>Germany, Hamburg<\/td>\n<\/tr>\n<tr>\n<td>Laagri School<\/td>\n<td>Estonia, Laagri<\/td>\n<\/tr>\n<\/tbody>\n<\/table>\n<p>&nbsp;<\/p>\n<table style=\"height: 131px\" width=\"636\">\n<tbody>\n<tr>\n<td width=\"312\"><strong>2016<\/strong><\/td>\n<td width=\"312\"><strong> <\/strong><\/td>\n<\/tr>\n<tr>\n<td width=\"312\">Adina Hotell<\/td>\n<td width=\"312\">Germany, N\u00fcrnberg<\/td>\n<\/tr>\n<tr>\n<td width=\"312\">Adina Hotel<\/td>\n<td width=\"312\">Germany, Frankfurt<\/td>\n<\/tr>\n<tr>\n<td width=\"312\">Ugala Theatre<\/td>\n<td width=\"312\">Estonia, Viljandi<\/td>\n<\/tr>\n<\/tbody>\n<\/table>\n<\/div>\n<p>&nbsp;<\/p>\n<\/div>\n","protected":false},"excerpt":{"rendered":"<p>Since 2016, we have been involved in many different, both large and small, custom-made upholstered furniture projects. We have contributed to the projects. 2024 P\u00e4rnu R\u00e4\u00e4ma school Estonia, P\u00e4rnu P\u00f5hja-Eesti Regional hospital Estonia, Tallinn Tampere Psychiatric clinic Finland, Tampere Mulgi municipal government Estonia, Viljandi Johan Spa Hotel Estonia, Kuressaare Tori Nursing Home Estonia, Tori Hoolekandeteenused [&#8230;]\n","protected":false},"author":2,"featured_media":0,"parent":0,"menu_order":0,"comment_status":"closed","ping_status":"closed","template":"page-blank-title-center.php","meta":{"_acf_changed":false,"footnotes":""},"class_list":["post-6151","page","type-page","status-publish","hentry"],"acf":[],"yoast_head":"<!-- This site is optimized with the Yoast SEO plugin v27.5 - https:\/\/yoast.com\/product\/yoast-seo-wordpress\/ -->\n<title>References - V\u00f5ru Empak<\/title>\n<meta name=\"robots\" content=\"index, follow, max-snippet:-1, max-image-preview:large, max-video-preview:-1\" \/>\n<link rel=\"canonical\" href=\"https:\/\/empak.ee\/en\/references\/\" \/>\n<meta property=\"og:locale\" content=\"en_US\" \/>\n<meta property=\"og:type\" content=\"article\" \/>\n<meta property=\"og:title\" content=\"References - V\u00f5ru Empak\" \/>\n<meta property=\"og:description\" content=\"Since 2016, we have been involved in many different, both large and small, custom-made upholstered furniture projects. We have contributed to the projects. 2024 P\u00e4rnu R\u00e4\u00e4ma school Estonia, P\u00e4rnu P\u00f5hja-Eesti Regional hospital Estonia, Tallinn Tampere Psychiatric clinic Finland, Tampere Mulgi municipal government Estonia, Viljandi Johan Spa Hotel Estonia, Kuressaare Tori Nursing Home Estonia, Tori Hoolekandeteenused [...]\" \/>\n<meta property=\"og:url\" content=\"https:\/\/empak.ee\/en\/references\/\" \/>\n<meta property=\"og:site_name\" content=\"V\u00f5ru Empak\" \/>\n<meta property=\"article:publisher\" content=\"https:\/\/www.facebook.com\/voruempak\" \/>\n<meta property=\"article:modified_time\" content=\"2024-09-03T12:38:28+00:00\" \/>\n<meta name=\"twitter:card\" content=\"summary_large_image\" \/>\n<meta name=\"twitter:label1\" content=\"Est. reading time\" \/>\n\t<meta name=\"twitter:data1\" content=\"2 minutes\" \/>\n<script type=\"application\/ld+json\" class=\"yoast-schema-graph\">{\"@context\":\"https:\\\/\\\/schema.org\",\"@graph\":[{\"@type\":\"WebPage\",\"@id\":\"https:\\\/\\\/empak.ee\\\/en\\\/references\\\/\",\"url\":\"https:\\\/\\\/empak.ee\\\/en\\\/references\\\/\",\"name\":\"References - V\u00f5ru Empak\",\"isPartOf\":{\"@id\":\"https:\\\/\\\/empak.ee\\\/en\\\/#website\"},\"datePublished\":\"2023-05-10T05:49:37+00:00\",\"dateModified\":\"2024-09-03T12:38:28+00:00\",\"breadcrumb\":{\"@id\":\"https:\\\/\\\/empak.ee\\\/en\\\/references\\\/#breadcrumb\"},\"inLanguage\":\"en-US\",\"potentialAction\":[{\"@type\":\"ReadAction\",\"target\":[\"https:\\\/\\\/empak.ee\\\/en\\\/references\\\/\"]}]},{\"@type\":\"BreadcrumbList\",\"@id\":\"https:\\\/\\\/empak.ee\\\/en\\\/references\\\/#breadcrumb\",\"itemListElement\":[{\"@type\":\"ListItem\",\"position\":1,\"name\":\"Home\",\"item\":\"https:\\\/\\\/empak.ee\\\/en\\\/\"},{\"@type\":\"ListItem\",\"position\":2,\"name\":\"References\"}]},{\"@type\":\"WebSite\",\"@id\":\"https:\\\/\\\/empak.ee\\\/en\\\/#website\",\"url\":\"https:\\\/\\\/empak.ee\\\/en\\\/\",\"name\":\"V\u00f5ru Empak\",\"description\":\"Pehmem\u00f6\u00f6bli tootmine.\",\"publisher\":{\"@id\":\"https:\\\/\\\/empak.ee\\\/en\\\/#organization\"},\"potentialAction\":[{\"@type\":\"SearchAction\",\"target\":{\"@type\":\"EntryPoint\",\"urlTemplate\":\"https:\\\/\\\/empak.ee\\\/en\\\/?s={search_term_string}\"},\"query-input\":{\"@type\":\"PropertyValueSpecification\",\"valueRequired\":true,\"valueName\":\"search_term_string\"}}],\"inLanguage\":\"en-US\"},{\"@type\":\"Organization\",\"@id\":\"https:\\\/\\\/empak.ee\\\/en\\\/#organization\",\"name\":\"V\u00f5ru Empak\",\"url\":\"https:\\\/\\\/empak.ee\\\/en\\\/\",\"logo\":{\"@type\":\"ImageObject\",\"inLanguage\":\"en-US\",\"@id\":\"https:\\\/\\\/empak.ee\\\/en\\\/#\\\/schema\\\/logo\\\/image\\\/\",\"url\":\"https:\\\/\\\/empak.ee\\\/wp-content\\\/uploads\\\/2023\\\/07\\\/empak-logo-230728.jpg\",\"contentUrl\":\"https:\\\/\\\/empak.ee\\\/wp-content\\\/uploads\\\/2023\\\/07\\\/empak-logo-230728.jpg\",\"width\":800,\"height\":500,\"caption\":\"V\u00f5ru Empak\"},\"image\":{\"@id\":\"https:\\\/\\\/empak.ee\\\/en\\\/#\\\/schema\\\/logo\\\/image\\\/\"},\"sameAs\":[\"https:\\\/\\\/www.facebook.com\\\/voruempak\"]}]}<\/script>\n<!-- \/ Yoast SEO plugin. -->","yoast_head_json":{"title":"References - V\u00f5ru Empak","robots":{"index":"index","follow":"follow","max-snippet":"max-snippet:-1","max-image-preview":"max-image-preview:large","max-video-preview":"max-video-preview:-1"},"canonical":"https:\/\/empak.ee\/en\/references\/","og_locale":"en_US","og_type":"article","og_title":"References - V\u00f5ru Empak","og_description":"Since 2016, we have been involved in many different, both large and small, custom-made upholstered furniture projects. We have contributed to the projects. 2024 P\u00e4rnu R\u00e4\u00e4ma school Estonia, P\u00e4rnu P\u00f5hja-Eesti Regional hospital Estonia, Tallinn Tampere Psychiatric clinic Finland, Tampere Mulgi municipal government Estonia, Viljandi Johan Spa Hotel Estonia, Kuressaare Tori Nursing Home Estonia, Tori Hoolekandeteenused [...]","og_url":"https:\/\/empak.ee\/en\/references\/","og_site_name":"V\u00f5ru Empak","article_publisher":"https:\/\/www.facebook.com\/voruempak","article_modified_time":"2024-09-03T12:38:28+00:00","twitter_card":"summary_large_image","twitter_misc":{"Est. reading time":"2 minutes"},"schema":{"@context":"https:\/\/schema.org","@graph":[{"@type":"WebPage","@id":"https:\/\/empak.ee\/en\/references\/","url":"https:\/\/empak.ee\/en\/references\/","name":"References - V\u00f5ru Empak","isPartOf":{"@id":"https:\/\/empak.ee\/en\/#website"},"datePublished":"2023-05-10T05:49:37+00:00","dateModified":"2024-09-03T12:38:28+00:00","breadcrumb":{"@id":"https:\/\/empak.ee\/en\/references\/#breadcrumb"},"inLanguage":"en-US","potentialAction":[{"@type":"ReadAction","target":["https:\/\/empak.ee\/en\/references\/"]}]},{"@type":"BreadcrumbList","@id":"https:\/\/empak.ee\/en\/references\/#breadcrumb","itemListElement":[{"@type":"ListItem","position":1,"name":"Home","item":"https:\/\/empak.ee\/en\/"},{"@type":"ListItem","position":2,"name":"References"}]},{"@type":"WebSite","@id":"https:\/\/empak.ee\/en\/#website","url":"https:\/\/empak.ee\/en\/","name":"V\u00f5ru Empak","description":"Pehmem\u00f6\u00f6bli tootmine.","publisher":{"@id":"https:\/\/empak.ee\/en\/#organization"},"potentialAction":[{"@type":"SearchAction","target":{"@type":"EntryPoint","urlTemplate":"https:\/\/empak.ee\/en\/?s={search_term_string}"},"query-input":{"@type":"PropertyValueSpecification","valueRequired":true,"valueName":"search_term_string"}}],"inLanguage":"en-US"},{"@type":"Organization","@id":"https:\/\/empak.ee\/en\/#organization","name":"V\u00f5ru Empak","url":"https:\/\/empak.ee\/en\/","logo":{"@type":"ImageObject","inLanguage":"en-US","@id":"https:\/\/empak.ee\/en\/#\/schema\/logo\/image\/","url":"https:\/\/empak.ee\/wp-content\/uploads\/2023\/07\/empak-logo-230728.jpg","contentUrl":"https:\/\/empak.ee\/wp-content\/uploads\/2023\/07\/empak-logo-230728.jpg","width":800,"height":500,"caption":"V\u00f5ru Empak"},"image":{"@id":"https:\/\/empak.ee\/en\/#\/schema\/logo\/image\/"},"sameAs":["https:\/\/www.facebook.com\/voruempak"]}]}},"_links":{"self":[{"href":"https:\/\/empak.ee\/en\/wp-json\/wp\/v2\/pages\/6151","targetHints":{"allow":["GET"]}}],"collection":[{"href":"https:\/\/empak.ee\/en\/wp-json\/wp\/v2\/pages"}],"about":[{"href":"https:\/\/empak.ee\/en\/wp-json\/wp\/v2\/types\/page"}],"author":[{"embeddable":true,"href":"https:\/\/empak.ee\/en\/wp-json\/wp\/v2\/users\/2"}],"replies":[{"embeddable":true,"href":"https:\/\/empak.ee\/en\/wp-json\/wp\/v2\/comments?post=6151"}],"version-history":[{"count":11,"href":"https:\/\/empak.ee\/en\/wp-json\/wp\/v2\/pages\/6151\/revisions"}],"predecessor-version":[{"id":9079,"href":"https:\/\/empak.ee\/en\/wp-json\/wp\/v2\/pages\/6151\/revisions\/9079"}],"wp:attachment":[{"href":"https:\/\/empak.ee\/en\/wp-json\/wp\/v2\/media?parent=6151"}],"curies":[{"name":"wp","href":"https:\/\/api.w.org\/{rel}","templated":true}]}}